{"id":201143,"date":"2025-12-24T23:47:44","date_gmt":"2025-12-24T23:47:44","guid":{"rendered":"https:\/\/www.otiumhome.fi\/?p=201143"},"modified":"2025-12-31T08:46:22","modified_gmt":"2025-12-31T08:46:22","slug":"jakkara-luonnollinen-30-x-20-x-20-cm-mahogany-puu","status":"publish","type":"product","link":"https:\/\/www.otiumhome.fi\/index.php\/tuote\/jakkara-luonnollinen-30-x-20-x-20-cm-mahogany-puu\/","title":{"rendered":"Jakkara Luonnollinen 30 x 20 x 20 cm Mahogany-puu"},"content":{"rendered":"<p>T\u00e4m\u00e4 monipuolinen ja kompakti stooli tuo m\u00f6kkityylin hurmaa mihin tahansa makuuhuoneeseen tai viihtyis\u00e4\u00e4n nurkkaan. Suunniteltu tyylitietoisille, sen yksinkertainen muoto ja luonnollinen viimeistely sulautuvat t\u00e4ydellisesti erilaisiin sisustusratkaisuihin. Sopii sek\u00e4 sis\u00e4- ett\u00e4 ulkok\u00e4ytt\u00f6\u00f6n, t\u00e4m\u00e4 stooli on t\u00e4ydellinen niin moderniin kuin perinteiseen ymp\u00e4rist\u00f6\u00f6n. Teksturoitu, ruskeaksi maalattu pinta tuo rustiikkista vieh\u00e4tyst\u00e4, s\u00e4ilytt\u00e4en samalla kauniin ilmeen.<\/p>\n<ul>\n<li><b>Mahongin Wood Composition:<\/b> Valmistettu kokonaan mahonkipuista, jokainen tuolin osa on t\u00e4ynn\u00e4 luonnollista l\u00e4mp\u00f6\u00e4 ja eleganssia. Laadukas rakenne tuntuu mukavalta ja on ainutlaatuinen. T\u00e4m\u00e4 kest\u00e4v\u00e4 materiaali takaa pitk\u00e4n k\u00e4ytt\u00f6i\u00e4n.<\/li>\n<li><b>Post Leg Structure:<\/b> Pystypohjarakenne takaa tuolille vakauden. Yksinkertainen muoto ei vain paranna kauneutta vaan on my\u00f6s toimiva. T\u00e4llainen suunnittelu tuo vakaan istumapaikan mihin tahansa sis\u00e4tilaan.<\/li>\n<li><b>Textured Finish Beauty:<\/b> Huolellisesti viimeistelty, tuolin pinta korostaa kauniita tekstuureja. T\u00e4m\u00e4 viimeistely suojaa kulumiselta, varmistaen kestoa ja tyyli\u00e4.<\/li>\n<li><b>Cottage Style Charm:<\/b> Pehme\u00e4t ruskeat s\u00e4vyt ja vintage-henkinen ilme tekev\u00e4t t\u00e4st\u00e4 stoolista t\u00e4ydellisen m\u00f6kkityyliin. Sen sijoittaminen olohuoneisiin tai makuuhuoneisiin tekee siit\u00e4 kauniin keskipisteen, joka houkuttelee ket\u00e4 tahansa.<\/li>\n<li><b>Easy Maintenance:<\/b> Pid\u00e4 tuolin kunto yll\u00e4 pyyhkim\u00e4ll\u00e4 se vain kuivalla liinalla. T\u00e4m\u00e4 helppo yll\u00e4pito tekee siit\u00e4 vaivattoman osan kotia, s\u00e4ilytt\u00e4en sen vieh\u00e4tyksen vuosia. <\/li>\n<\/ul>\n<p> Maksimi 110 kg per tuoli. <\/p>\n<ul>\n<li>V\u00e4ri: Luonnollinen<\/li>\n<li>Materiaali: Mahogany-puu<\/li>\n<li>Viimeistely: Maalattu<\/li>\n<li>Yleiset mitat: 30 x 20 x 20 cm (P x L x K)<\/li>\n<li>Paino: 1,58 kg<\/li>\n<li>Kest\u00e4v\u00e4<\/li>\n<li>Istuinalue: 30 x 20 cm (L x S)<\/li>\n<li>Sis\u00e4- &amp; ulkotila: Sis\u00e4- ja suojattuun ulkok\u00e4ytt\u00f6\u00f6n<\/li>\n<li>Toimitus-:<\/li>\n<li>1 x jakkara<\/li>\n<\/ul>\n","protected":false},"excerpt":{"rendered":"<ul>\n<li>V\u00e4ri: Luonnollinen<\/li>\n<li>Materiaali: Mahogany-puu<\/li>\n<li>Viimeistely: Maalattu<\/li>\n<li>Yleiset mitat: 30 x 20 x 20 cm (P x L x K)<\/li>\n<li>Paino: 1,58 kg<\/li>\n<li>Kest\u00e4v\u00e4<\/li>\n<li>Istuinalue: 30 x 20 cm (L x S)<\/li>\n<li>Sis\u00e4- &amp; ulkotila: Sis\u00e4- ja suojattuun ulkok\u00e4ytt\u00f6\u00f6n<\/li>\n<li>Toimitus-:<\/li>\n<li>1 x jakkara<\/li>\n<\/ul>\n","protected":false},"featured_media":100000201143,"comment_status":"closed","ping_status":"closed","template":"","meta":[],"product_brand":[],"product_cat":[84,8558],"product_tag":[],"class_list":{"0":"post-201143","1":"product","2":"type-product","3":"status-publish","4":"has-post-thumbnail","6":"product_cat-huonekalut","7":"product_cat-kokoontaitettavat-tuolit-jakkarat","9":"first","10":"instock","11":"taxable","12":"shipping-taxable","13":"purchasable","14":"product-type-simple"},"_links":{"self":[{"href":"https:\/\/www.otiumhome.fi\/index.php\/wp-json\/wp\/v2\/product\/201143","targetHints":{"allow":["GET"]}}],"collection":[{"href":"https:\/\/www.otiumhome.fi\/index.php\/wp-json\/wp\/v2\/product"}],"about":[{"href":"https:\/\/www.otiumhome.fi\/index.php\/wp-json\/wp\/v2\/types\/product"}],"replies":[{"embeddable":true,"href":"https:\/\/www.otiumhome.fi\/index.php\/wp-json\/wp\/v2\/comments?post=201143"}],"wp:featuredmedia":[{"embeddable":true,"href":"https:\/\/www.otiumhome.fi\/index.php\/wp-json\/"}],"wp:attachment":[{"href":"https:\/\/www.otiumhome.fi\/index.php\/wp-json\/wp\/v2\/media?parent=201143"}],"wp:term":[{"taxonomy":"product_brand","embeddable":true,"href":"https:\/\/www.otiumhome.fi\/index.php\/wp-json\/wp\/v2\/product_brand?post=201143"},{"taxonomy":"product_cat","embeddable":true,"href":"https:\/\/www.otiumhome.fi\/index.php\/wp-json\/wp\/v2\/product_cat?post=201143"},{"taxonomy":"product_tag","embeddable":true,"href":"https:\/\/www.otiumhome.fi\/index.php\/wp-json\/wp\/v2\/product_tag?post=201143"}],"curies":[{"name":"wp","href":"https:\/\/api.w.org\/{rel}","templated":true}]}}