{"id":201139,"date":"2025-12-24T23:47:40","date_gmt":"2025-12-24T23:47:40","guid":{"rendered":"https:\/\/www.otiumhome.fi\/?p=201139"},"modified":"2025-12-27T04:14:45","modified_gmt":"2025-12-27T04:14:45","slug":"poyta-hyllylla-ovella-musta-tammi-140-x-50-x-75-cm-tekninen-puu","status":"publish","type":"product","link":"https:\/\/www.otiumhome.fi\/index.php\/tuote\/poyta-hyllylla-ovella-musta-tammi-140-x-50-x-75-cm-tekninen-puu\/","title":{"rendered":"P\u00f6yt\u00e4 hyllyll\u00e4 ovella Musta tammi 140 x 50 x 75 cm Tekninen puu"},"content":{"rendered":"<p>Moderni johtajap\u00f6yt\u00e4, jossa on s\u00e4ilytystilaa, yhdist\u00e4\u00e4 hienosti tyylin ja k\u00e4yt\u00e4nn\u00f6llisyyden, suunniteltu t\u00e4m\u00e4n p\u00e4iv\u00e4n toimistoille. T\u00e4ss\u00e4 p\u00f6yd\u00e4ss\u00e4 on sile\u00e4 mattapintainen viimeistely, joka tekee siit\u00e4 tyylikk\u00e4\u00e4n ja helposti mihin tahansa ty\u00f6ymp\u00e4rist\u00f6\u00f6n mukautuvan. Vahvalla rungolla varustettu tilava suorakaiteen muotoinen kansi tarjoaa runsaasti tilaa ty\u00f6tarvikkeille ja koriste-esineille. T\u00e4m\u00e4 p\u00f6yt\u00e4 on t\u00e4ydellinen niin johtajille kuin luoville tyypeille, ja se todistaa, ett\u00e4 tuottavuus voi olla my\u00f6s tyylik\u00e4st\u00e4.<\/p>\n<ul>\n<li><b>Materiaalit:<\/b> Valmistettu korkealaatuisesta teknisest\u00e4 puusta, joka on kest\u00e4v\u00e4 ja naarmunkest\u00e4v\u00e4. T\u00e4m\u00e4 materiaali takaa pitk\u00e4n k\u00e4ytt\u00f6i\u00e4n ja antaa tyylikk\u00e4\u00e4n ilmeen, joka k\u00e4y mihin tahansa sisustukseen. Teknisen puun kest\u00e4vyys tarkoittaa, ett\u00e4 se kest\u00e4\u00e4 p\u00e4ivitt\u00e4ist\u00e4 k\u00e4ytt\u00f6\u00e4 samalla, kun se n\u00e4ytt\u00e4\u00e4 hienolta &#8211; t\u00e4ydellinen balanssi tyylin ja k\u00e4yt\u00e4nn\u00f6llisyyden v\u00e4lill\u00e4.<\/li>\n<li><b>Ominaisuudet \/ Toiminta \/ Suunnittelu:<\/b> Suuri ty\u00f6pinta ja kest\u00e4v\u00e4 rakenne tekev\u00e4t siit\u00e4 loistavan valinnan kiireisiin ymp\u00e4rist\u00f6ihin. Se t\u00e4ytt\u00e4\u00e4 kaikenlaiset toimiston tarpeet, olitpa pitkiss\u00e4 kokouksissa tai luovissa teht\u00e4viss\u00e4. Yksinkertainen muotoilu antaa sinulle mahdollisuuden keskitty\u00e4 ty\u00f6skentelyyn ilman h\u00e4iri\u00f6it\u00e4.<\/li>\n<li><b>Suositellut k\u00e4yt\u00f6t:<\/b> T\u00e4m\u00e4 p\u00f6yt\u00e4 on suunniteltu erityisesti sis\u00e4toimistoihin, ja se on mahtava valinta johtajatoimistoihin, kotitoimistoihin, luoville alueille ja kokoushuoneisiin. Se luo ammattimaisen tunnelman, joka on t\u00e4ydellinen ty\u00f6ntekoon, aivoriihelle ja yhteisty\u00f6lle.<\/li>\n<li><b>Hoito ja yll\u00e4pito:<\/b> Jotta t\u00e4m\u00e4 pysyy raikkaana, v\u00e4lt\u00e4 kovien kemikaalien k\u00e4ytt\u00f6\u00e4 puhdistuksessa. K\u00e4yt\u00e4 lasinalusia suojataksesi tiivistyksi\u00e4, jotta se pysyy kiilt\u00e4v\u00e4n\u00e4 pitk\u00e4\u00e4n. Kokoamisen j\u00e4lkeen sen hoitaminen on helppoa, mik\u00e4 pit\u00e4\u00e4 p\u00f6yd\u00e4n hyv\u00e4ss\u00e4 kunnossa vuosia.<\/li>\n<\/ul>\n<ul>\n<li>V\u00e4ri: Musta tammi<\/li>\n<li>Materiaali: Tekninen puu<\/li>\n<li>Viimeistely: Matta<\/li>\n<li>Yleiset mitat: 140 x 50 x 75 cm (P x L x K)<\/li>\n<li>Paino: 35,5 kg<\/li>\n<li>Runsaasti s\u00e4ilytystilaa<\/li>\n<li>Kest\u00e4v\u00e4<\/li>\n<li>2 hyllyill\u00e4<\/li>\n<li>Kehysmateriaali: Tekninen puu<\/li>\n<li>2 ovien kanssa<\/li>\n<li>Sis\u00e4- \/ ulkotiloissa: Vain sis\u00e4k\u00e4ytt\u00f6\u00f6n<\/li>\n<li>Toimitus-:<\/li>\n<li>1 x p\u00f6yt\u00e4<\/li>\n<li>Kokoonpano vaaditaan: Kyll\u00e4<\/li>\n<\/ul>\n","protected":false},"excerpt":{"rendered":"<ul>\n<li>V\u00e4ri: Musta tammi<\/li>\n<li>Materiaali: Tekninen puu<\/li>\n<li>Viimeistely: Matta<\/li>\n<li>Yleiset mitat: 140 x 50 x 75 cm (P x L x K)<\/li>\n<li>Paino: 35,5 kg<\/li>\n<li>Runsaasti s\u00e4ilytystilaa<\/li>\n<li>Kest\u00e4v\u00e4<\/li>\n<li>2 hyllyill\u00e4<\/li>\n<li>Kehysmateriaali: Tekninen puu<\/li>\n<li>2 ovien kanssa<\/li>\n<li>Sis\u00e4- \/ ulkotiloissa: Vain sis\u00e4k\u00e4ytt\u00f6\u00f6n<\/li>\n<li>Toimitus-:<\/li>\n<li>1 x p\u00f6yt\u00e4<\/li>\n<li>Kokoonpano vaaditaan: Kyll\u00e4<\/li>\n<\/ul>\n","protected":false},"featured_media":100000201139,"comment_status":"closed","ping_status":"closed","template":"","meta":[],"product_brand":[],"product_cat":[84,8551],"product_tag":[],"class_list":{"0":"post-201139","1":"product","2":"type-product","3":"status-publish","4":"has-post-thumbnail","6":"product_cat-huonekalut","7":"product_cat-kirjoituspoydat","9":"first","10":"instock","11":"taxable","12":"shipping-taxable","13":"purchasable","14":"product-type-simple"},"_links":{"self":[{"href":"https:\/\/www.otiumhome.fi\/index.php\/wp-json\/wp\/v2\/product\/201139","targetHints":{"allow":["GET"]}}],"collection":[{"href":"https:\/\/www.otiumhome.fi\/index.php\/wp-json\/wp\/v2\/product"}],"about":[{"href":"https:\/\/www.otiumhome.fi\/index.php\/wp-json\/wp\/v2\/types\/product"}],"replies":[{"embeddable":true,"href":"https:\/\/www.otiumhome.fi\/index.php\/wp-json\/wp\/v2\/comments?post=201139"}],"wp:featuredmedia":[{"embeddable":true,"href":"https:\/\/www.otiumhome.fi\/index.php\/wp-json\/"}],"wp:attachment":[{"href":"https:\/\/www.otiumhome.fi\/index.php\/wp-json\/wp\/v2\/media?parent=201139"}],"wp:term":[{"taxonomy":"product_brand","embeddable":true,"href":"https:\/\/www.otiumhome.fi\/index.php\/wp-json\/wp\/v2\/product_brand?post=201139"},{"taxonomy":"product_cat","embeddable":true,"href":"https:\/\/www.otiumhome.fi\/index.php\/wp-json\/wp\/v2\/product_cat?post=201139"},{"taxonomy":"product_tag","embeddable":true,"href":"https:\/\/www.otiumhome.fi\/index.php\/wp-json\/wp\/v2\/product_tag?post=201139"}],"curies":[{"name":"wp","href":"https:\/\/api.w.org\/{rel}","templated":true}]}}