{"id":201122,"date":"2025-12-24T20:24:44","date_gmt":"2025-12-24T20:24:44","guid":{"rendered":"https:\/\/www.otiumhome.fi\/?p=201122"},"modified":"2025-12-27T12:16:38","modified_gmt":"2025-12-27T12:16:38","slug":"konsolipoyta-artisan-tammi-105x30x75cm-tekninen-puu","status":"publish","type":"product","link":"https:\/\/www.otiumhome.fi\/index.php\/tuote\/konsolipoyta-artisan-tammi-105x30x75cm-tekninen-puu\/","title":{"rendered":"Konsolip\u00f6yt\u00e4 Artisan tammi 105x30x75cm Tekninen puu"},"content":{"rendered":"<p>T\u00e4m\u00e4 teollinen konsolip\u00f6yt\u00e4 on monik\u00e4ytt\u00f6inen huonekalu, joka sulautuu t\u00e4ydellisesti mihin tahansa moderniin olohuoneeseen tai studiotilaan. Kauniisti suunniteltu, se ei vain n\u00e4yt\u00e4 hyv\u00e4lt\u00e4, vaan se on my\u00f6s toiminnallinen, tarjoten tilaa esittelyyn ja s\u00e4ilytykseen.<\/p>\n<ul>\n<li><b>Teollinen tyyli:<\/b> Kaupunkihenkinen muotoilu tuo yhteen rustiikkiset materiaalit ja modernin ilmeen. Minimalistinen tyyli sopii hyvin moniin eri tiloihin, lis\u00e4ten luonteen ja syvyyden ilman, ett\u00e4 se vie huomiota muulta sisustukselta.<\/li>\n<li><b>Reilusti s\u00e4ilytystilaa:<\/b> Ylellinen levyhylly mahdollistaa kasvien, valokuvien ja koriste-esineiden esittelyn, muuttaen mink\u00e4 tahansa tilan n\u00e4yttelyksi. Hylly on valmistettu teknisest\u00e4 puusta, mik\u00e4 takaa kest\u00e4v\u00e4n ja elegantin ilmeen.<\/li>\n<li><b>Jauhemaalattu runko:<\/b> Kest\u00e4v\u00e4 metallirunko on jauhemaalattu tyylikk\u00e4\u00e4ll\u00e4 mattapinnalla, joka kest\u00e4\u00e4 hyvin naarmuja ja kulumista, tuoden ekstra hienostuneisuuden ja varmistaa, ett\u00e4 p\u00f6yt\u00e4 s\u00e4ilyy kauniina pitk\u00e4\u00e4n.<\/li>\n<li><b>Neli\u00f6ter\u00e4ksiset jalat:<\/b> Tukevat neli\u00f6jalat tarjoavat vakautta ja tekev\u00e4t t\u00e4st\u00e4 p\u00f6yd\u00e4st\u00e4 loistavan vaihtoehdon kaikille koriste-esineillesi. Tyylik\u00e4s muotoilu t\u00e4ydent\u00e4\u00e4 p\u00f6yd\u00e4n teollista estetiikkaa ja varmistaa, ett\u00e4 se sopii moneen eri sisustustyyliin.<\/li>\n<li><b>Helppo yll\u00e4pito:<\/b> T\u00e4m\u00e4n p\u00f6yd\u00e4n yll\u00e4pito on vaivatonta; riitt\u00e4\u00e4, ett\u00e4 pyyhit sen kostealla liinalla. V\u00e4lt\u00e4 voimakkaita kemikaaleja tai hankausaineita, jotta sen viimeistely s\u00e4ilyy mahdollisimman pitk\u00e4\u00e4n.<\/li>\n<\/ul>\n<ul>\n<li>V\u00e4ri: Artisan tammi<\/li>\n<li>Materiaali: Tekninen puu<\/li>\n<li>Yleiset mitat: 105 x 30 x 75 cm (P x L x K)<\/li>\n<li>2 hyllyill\u00e4<\/li>\n<li>S\u00e4ilytystila<\/li>\n<li>Kest\u00e4v\u00e4<\/li>\n<li>Enimm\u00e4ispaino: 75 kg<\/li>\n<li>Kokoonpano vaaditaan: Kyll\u00e4<\/li>\n<\/ul>\n","protected":false},"excerpt":{"rendered":"<ul>\n<li>V\u00e4ri: Artisan tammi<\/li>\n<li>Materiaali: Tekninen puu<\/li>\n<li>Yleiset mitat: 105 x 30 x 75 cm (P x L x K)<\/li>\n<li>2 hyllyill\u00e4<\/li>\n<li>S\u00e4ilytystila<\/li>\n<li>Kest\u00e4v\u00e4<\/li>\n<li>Enimm\u00e4ispaino: 75 kg<\/li>\n<li>Kokoonpano vaaditaan: Kyll\u00e4<\/li>\n<\/ul>\n","protected":false},"featured_media":100000201122,"comment_status":"closed","ping_status":"closed","template":"","meta":[],"product_brand":[],"product_cat":[84,8551],"product_tag":[],"class_list":{"0":"post-201122","1":"product","2":"type-product","3":"status-publish","4":"has-post-thumbnail","6":"product_cat-huonekalut","7":"product_cat-kirjoituspoydat","9":"first","10":"instock","11":"taxable","12":"shipping-taxable","13":"purchasable","14":"product-type-simple"},"_links":{"self":[{"href":"https:\/\/www.otiumhome.fi\/index.php\/wp-json\/wp\/v2\/product\/201122","targetHints":{"allow":["GET"]}}],"collection":[{"href":"https:\/\/www.otiumhome.fi\/index.php\/wp-json\/wp\/v2\/product"}],"about":[{"href":"https:\/\/www.otiumhome.fi\/index.php\/wp-json\/wp\/v2\/types\/product"}],"replies":[{"embeddable":true,"href":"https:\/\/www.otiumhome.fi\/index.php\/wp-json\/wp\/v2\/comments?post=201122"}],"wp:featuredmedia":[{"embeddable":true,"href":"https:\/\/www.otiumhome.fi\/index.php\/wp-json\/"}],"wp:attachment":[{"href":"https:\/\/www.otiumhome.fi\/index.php\/wp-json\/wp\/v2\/media?parent=201122"}],"wp:term":[{"taxonomy":"product_brand","embeddable":true,"href":"https:\/\/www.otiumhome.fi\/index.php\/wp-json\/wp\/v2\/product_brand?post=201122"},{"taxonomy":"product_cat","embeddable":true,"href":"https:\/\/www.otiumhome.fi\/index.php\/wp-json\/wp\/v2\/product_cat?post=201122"},{"taxonomy":"product_tag","embeddable":true,"href":"https:\/\/www.otiumhome.fi\/index.php\/wp-json\/wp\/v2\/product_tag?post=201122"}],"curies":[{"name":"wp","href":"https:\/\/api.w.org\/{rel}","templated":true}]}}