{"id":201118,"date":"2025-12-24T20:24:42","date_gmt":"2025-12-24T20:24:42","guid":{"rendered":"https:\/\/www.otiumhome.fi\/?p=201118"},"modified":"2025-12-27T12:02:49","modified_gmt":"2025-12-27T12:02:49","slug":"poyta-vanha-puu-141-x-141-x-75-cm-tekninen-puu","status":"publish","type":"product","link":"https:\/\/www.otiumhome.fi\/index.php\/tuote\/poyta-vanha-puu-141-x-141-x-75-cm-tekninen-puu\/","title":{"rendered":"P\u00f6yt\u00e4 Vanha Puu 141 x 141 x 75 cm Tekninen puu"},"content":{"rendered":"<p>T\u00e4\u00e4 s\u00e4\u00e4dett\u00e4v\u00e4 kulmap\u00f6yt\u00e4 hyllyill\u00e4 on moderni ja toiminnallinen valinta ty\u00f6tiloihin. Teollinen tyyli tuo mieleen kaupunkiloftit ja luo ainutlaatuisen tunnelman kotiisi. Iso p\u00f6yt\u00e4taso tuo runsaasti tilaa asiakirjoille tai suurelle n\u00e4yt\u00f6lle, mik\u00e4 on t\u00e4ydellist\u00e4 sek\u00e4 ammattilaisille ett\u00e4 luoville tyypeille. Kest\u00e4v\u00e4 teknisest\u00e4 puusta valmistettu p\u00f6yt\u00e4 yhdist\u00e4\u00e4 esteettisyyden ja toiminnallisuuden nykyaikaisiin koteihin tai toimistoihin.<\/p>\n<ul>\n<li><b>Tekninen puupinta:<\/b> Valmistettu teknisest\u00e4 puusta, p\u00f6yd\u00e4n pinta tarjoaa modernia ilmett\u00e4 ja kest\u00e4vyytt\u00e4. T\u00e4m\u00e4 materiaali on valittu sen vahvuuden ansiosta, joten p\u00f6yt\u00e4 kest\u00e4\u00e4 p\u00e4ivitt\u00e4ist\u00e4 k\u00e4ytt\u00f6\u00e4 ja s\u00e4ilytt\u00e4\u00e4 samalla hienostuneen ulkon\u00e4\u00f6n.<\/li>\n<li><b>Tukevat neli\u00f6jalat:<\/b> P\u00f6yt\u00e4 seisoo tukevilla neli\u00f6jaloilla, jotka tarjoavat tukevaa pohjaa. N\u00e4m\u00e4 jalat korostavat teollista ilmett\u00e4, yhdist\u00e4v\u00e4t tyylin ja luotettavuuden ja takaavat vakauden jopa intensiivisimpin\u00e4 ty\u00f6sessioina.<\/li>\n<li><b>Runsas sis\u00e4\u00e4nrakennettu s\u00e4ilytys:<\/b> Sis\u00e4\u00e4nrakennettujen hyllyjen ansiosta p\u00f6yt\u00e4 maksimoi j\u00e4rjest\u00e4mismahdollisuudet, tarjoten runsaasti tilaa toimistotarvikkeiden s\u00e4ilytt\u00e4miseen. Helppo p\u00e4\u00e4sy pit\u00e4\u00e4 ty\u00f6tilan siistin\u00e4 ja tehokkaana.<\/li>\n<li><b>Teollinen tyyli:<\/b> Kaupunkivarastoista inspiroitunut p\u00f6yt\u00e4 tuo rosoista ja rohkeaa ilmett\u00e4 moderniin toimistoosi. T\u00e4m\u00e4 tyyli sopii t\u00e4ydellisesti nykyaikaisiin koteihin ja lis\u00e4\u00e4 ripauksen modernia vieh\u00e4tyst\u00e4, joka t\u00e4ydent\u00e4\u00e4 muita minimalistisia kalustetyylej\u00e4.<\/li>\n<li><b>K\u00e4yt\u00e4nn\u00f6lliset hoito-ohjeet:<\/b> P\u00f6yd\u00e4n hoitaminen on helppoa, riitt\u00e4\u00e4 ett\u00e4 pyyhk\u00e4iset kostealla liinalla. T\u00e4m\u00e4 helppo hoito varmistaa pitk\u00e4ik\u00e4isyyden ja siistin ilmeen, jolloin p\u00f6yd\u00e4st\u00e4 tulee keskeinen osa ty\u00f6ymp\u00e4rist\u00f6n j\u00e4rjestyst\u00e4.<\/li>\n<\/ul>\n<ul>\n<li>V\u00e4ri: Vanha puu<\/li>\n<li>Materiaali: Tekninen puu<\/li>\n<li>Yleiset mitat: 141 x 141 x 75 cm (P x L x K)<\/li>\n<li>1 hyllyll\u00e4<\/li>\n<li>Runsaasti s\u00e4ilytystilaa<\/li>\n<li>Enimm\u00e4ispaino: 60 kg<\/li>\n<li>Kokoonpano vaaditaan: Kyll\u00e4<\/li>\n<\/ul>\n","protected":false},"excerpt":{"rendered":"<ul>\n<li>V\u00e4ri: Vanha puu<\/li>\n<li>Materiaali: Tekninen puu<\/li>\n<li>Yleiset mitat: 141 x 141 x 75 cm (P x L x K)<\/li>\n<li>1 hyllyll\u00e4<\/li>\n<li>Runsaasti s\u00e4ilytystilaa<\/li>\n<li>Enimm\u00e4ispaino: 60 kg<\/li>\n<li>Kokoonpano vaaditaan: Kyll\u00e4<\/li>\n<\/ul>\n","protected":false},"featured_media":100000201118,"comment_status":"closed","ping_status":"closed","template":"","meta":[],"product_brand":[],"product_cat":[84,8551],"product_tag":[],"class_list":{"0":"post-201118","1":"product","2":"type-product","3":"status-publish","4":"has-post-thumbnail","6":"product_cat-huonekalut","7":"product_cat-kirjoituspoydat","9":"first","10":"instock","11":"taxable","12":"shipping-taxable","13":"purchasable","14":"product-type-simple"},"_links":{"self":[{"href":"https:\/\/www.otiumhome.fi\/index.php\/wp-json\/wp\/v2\/product\/201118","targetHints":{"allow":["GET"]}}],"collection":[{"href":"https:\/\/www.otiumhome.fi\/index.php\/wp-json\/wp\/v2\/product"}],"about":[{"href":"https:\/\/www.otiumhome.fi\/index.php\/wp-json\/wp\/v2\/types\/product"}],"replies":[{"embeddable":true,"href":"https:\/\/www.otiumhome.fi\/index.php\/wp-json\/wp\/v2\/comments?post=201118"}],"wp:featuredmedia":[{"embeddable":true,"href":"https:\/\/www.otiumhome.fi\/index.php\/wp-json\/"}],"wp:attachment":[{"href":"https:\/\/www.otiumhome.fi\/index.php\/wp-json\/wp\/v2\/media?parent=201118"}],"wp:term":[{"taxonomy":"product_brand","embeddable":true,"href":"https:\/\/www.otiumhome.fi\/index.php\/wp-json\/wp\/v2\/product_brand?post=201118"},{"taxonomy":"product_cat","embeddable":true,"href":"https:\/\/www.otiumhome.fi\/index.php\/wp-json\/wp\/v2\/product_cat?post=201118"},{"taxonomy":"product_tag","embeddable":true,"href":"https:\/\/www.otiumhome.fi\/index.php\/wp-json\/wp\/v2\/product_tag?post=201118"}],"curies":[{"name":"wp","href":"https:\/\/api.w.org\/{rel}","templated":true}]}}