{"id":201116,"date":"2025-12-24T20:24:41","date_gmt":"2025-12-24T20:24:41","guid":{"rendered":"https:\/\/www.otiumhome.fi\/?p=201116"},"modified":"2025-12-27T11:35:31","modified_gmt":"2025-12-27T11:35:31","slug":"poyta-artisan-tammi-139-x-139-x-75-cm-tekninen-puu","status":"publish","type":"product","link":"https:\/\/www.otiumhome.fi\/index.php\/tuote\/poyta-artisan-tammi-139-x-139-x-75-cm-tekninen-puu\/","title":{"rendered":"P\u00f6yt\u00e4 Artisan tammi 139 x 139 x 75 cm Tekninen puu"},"content":{"rendered":"<p>T\u00e4m\u00e4 L-muotoinen toimistop\u00f6yt\u00e4 hyllyill\u00e4 on t\u00e4ydellinen mihin tahansa opiskelutilaan tai toimistoon. Teollinen tyyli yhdist\u00e4\u00e4 raakamateriaalit ja modernin muotoilun. Sen L-muotoinen rakenne hy\u00f6dynt\u00e4\u00e4 tilan tehokkaasti, joten se sopii hyvin useiden n\u00e4ytt\u00f6jen tai ty\u00f6pisteiden k\u00e4ytt\u00f6\u00f6n. Karkea pinta tuo esiin kuluneen ilmeen ja lis\u00e4\u00e4 vintage-henkisyytt\u00e4, samalla kun se tarjoaa runsaasti tilaa kaikille toimistotarvikkeillesi.<\/p>\n<ul>\n<li><b>Materiaalit:<\/b> Korkealaatuisesta teknisest\u00e4 puusta valmistettu p\u00f6yt\u00e4 kest\u00e4\u00e4 p\u00e4ivitt\u00e4ist\u00e4 k\u00e4ytt\u00f6\u00e4 ja kuumuutta ilman kulumista. Kulunut viimeistely tuo esiin nostalgista vieh\u00e4tyst\u00e4 ja tekee siit\u00e4 kest\u00e4v\u00e4mm\u00e4n vaihtoehdon.<\/li>\n<li><b>Sis\u00e4lt\u00e4\u00e4 komponentteja:<\/b> Itsens\u00e4 tukevat hyllyt ovat t\u00e4ydellinen ominaisuus kirjojen ja tarvikkeiden j\u00e4rjest\u00e4miseen. Ne ekstrapalvelu, jossa metallikehyksen mattapinta tuo modernia tyyli\u00e4.<\/li>\n<li><b>Ominaisuudet \/Toiminto \/Suunnittelu:<\/b> P\u00f6yt\u00e4 tarjoaa runsaasti s\u00e4ilytystilaa asiakirjoille ja tarvikkeille. Kulma-muotoilu maximoi tilank\u00e4yt\u00f6n, joten kaikki tarpeellinen on k\u00e4teviss\u00e4 ulottuvissa.<\/li>\n<li><b>Suositellut k\u00e4ytt\u00f6tarkoitukset:<\/b> Erinomainen kotitoimistoon tai opiskelutiloihin, tukee useita sovelluksia tietokoneista luoviin projekteihin, sopii sek\u00e4 urbaaniin ett\u00e4 klassiseen sisustukseen.<\/li>\n<li><b>Hoito &amp;Yll\u00e4pito:<\/b> Helppohoitoinen\u2014pyyhi kostealla liinalla ja k\u00e4yt\u00e4 sein\u00e4kiinnitysv\u00e4lineit\u00e4 turvallisuuden varmistamiseksi. S\u00e4\u00e4nn\u00f6llinen puhdistus pit\u00e4\u00e4 sen kunnossa pitk\u00e4\u00e4n.<\/li>\n<\/ul>\n<ul>\n<li>V\u00e4ri: Artisan tammi<\/li>\n<li>Materiaali: Tekninen puu<\/li>\n<li>Yleiset mitat: 139 x 139 x 75 cm (P x L x K)<\/li>\n<li>4 hyllyill\u00e4<\/li>\n<li>Runsaasti s\u00e4ilytystilaa<\/li>\n<li>Enimm\u00e4ispaino: 60 kg<\/li>\n<li>Kokoonpano vaaditaan: Kyll\u00e4<\/li>\n<\/ul>\n","protected":false},"excerpt":{"rendered":"<ul>\n<li>V\u00e4ri: Artisan tammi<\/li>\n<li>Materiaali: Tekninen puu<\/li>\n<li>Yleiset mitat: 139 x 139 x 75 cm (P x L x K)<\/li>\n<li>4 hyllyill\u00e4<\/li>\n<li>Runsaasti s\u00e4ilytystilaa<\/li>\n<li>Enimm\u00e4ispaino: 60 kg<\/li>\n<li>Kokoonpano vaaditaan: Kyll\u00e4<\/li>\n<\/ul>\n","protected":false},"featured_media":100000201116,"comment_status":"closed","ping_status":"closed","template":"","meta":[],"product_brand":[],"product_cat":[84,8551],"product_tag":[],"class_list":{"0":"post-201116","1":"product","2":"type-product","3":"status-publish","4":"has-post-thumbnail","6":"product_cat-huonekalut","7":"product_cat-kirjoituspoydat","9":"first","10":"instock","11":"taxable","12":"shipping-taxable","13":"purchasable","14":"product-type-simple"},"_links":{"self":[{"href":"https:\/\/www.otiumhome.fi\/index.php\/wp-json\/wp\/v2\/product\/201116","targetHints":{"allow":["GET"]}}],"collection":[{"href":"https:\/\/www.otiumhome.fi\/index.php\/wp-json\/wp\/v2\/product"}],"about":[{"href":"https:\/\/www.otiumhome.fi\/index.php\/wp-json\/wp\/v2\/types\/product"}],"replies":[{"embeddable":true,"href":"https:\/\/www.otiumhome.fi\/index.php\/wp-json\/wp\/v2\/comments?post=201116"}],"wp:featuredmedia":[{"embeddable":true,"href":"https:\/\/www.otiumhome.fi\/index.php\/wp-json\/"}],"wp:attachment":[{"href":"https:\/\/www.otiumhome.fi\/index.php\/wp-json\/wp\/v2\/media?parent=201116"}],"wp:term":[{"taxonomy":"product_brand","embeddable":true,"href":"https:\/\/www.otiumhome.fi\/index.php\/wp-json\/wp\/v2\/product_brand?post=201116"},{"taxonomy":"product_cat","embeddable":true,"href":"https:\/\/www.otiumhome.fi\/index.php\/wp-json\/wp\/v2\/product_cat?post=201116"},{"taxonomy":"product_tag","embeddable":true,"href":"https:\/\/www.otiumhome.fi\/index.php\/wp-json\/wp\/v2\/product_tag?post=201116"}],"curies":[{"name":"wp","href":"https:\/\/api.w.org\/{rel}","templated":true}]}}