{"id":201107,"date":"2025-12-24T20:18:36","date_gmt":"2025-12-24T20:18:36","guid":{"rendered":"https:\/\/www.otiumhome.fi\/?p=201107"},"modified":"2025-12-27T10:56:51","modified_gmt":"2025-12-27T10:56:51","slug":"tietokonepoyta-vanha-puu-131-x-48-x-75-cm-tekninen-puu","status":"publish","type":"product","link":"https:\/\/www.otiumhome.fi\/index.php\/tuote\/tietokonepoyta-vanha-puu-131-x-48-x-75-cm-tekninen-puu\/","title":{"rendered":"Tietokonep\u00f6yt\u00e4 Vanha Puu 131 x 48 x 75 cm Tekninen puu"},"content":{"rendered":"<p>T\u00e4ss\u00e4 tietokonep\u00f6yd\u00e4ss\u00e4 on rustiikkinen tyyli ja kulunut pinta, joka tuo rouheaa eleganssia toimistoon tai opiskelutilaan. Teksturoitu tekninen puu tuo yhteen tyylin ja k\u00e4yt\u00e4nn\u00f6llisyyden, joten p\u00f6yt\u00e4 on t\u00e4ydellinen kotitoimistoon tai omaan ty\u00f6tilaan. Se on kompakti ja suorakaiteen muotoinen, jotta se sopii moneen huoneeseen ja t\u00e4ydent\u00e4\u00e4 erilaisia sisustustyylej\u00e4.<\/p>\n<ul>\n<li><b>Materiaalit:<\/b> T\u00e4m\u00e4 p\u00f6yt\u00e4 on tehty kest\u00e4v\u00e4st\u00e4 teknisest\u00e4 puusta, joka luo rustiikkisen pinnan. Materiaalin kest\u00e4vyys takaa, ett\u00e4 se kest\u00e4\u00e4 p\u00e4ivitt\u00e4ist\u00e4 k\u00e4ytt\u00f6\u00e4 alkuper\u00e4isen vieh\u00e4tyksens\u00e4 s\u00e4ilytt\u00e4en. Hienosti viimeistelty matta pinta parantaa p\u00f6yd\u00e4n estetiikkaa ja tuo luonteen ty\u00f6tilaan.<\/li>\n<li><b>Ominaisuudet:<\/b> Suunniteltu huolella, kirjoitusp\u00f6yd\u00e4ss\u00e4 on tilavat laatikot matta-pintaisilla nuppeilla. N\u00e4\u00e4 laatikot tarjoavat runsaasti s\u00e4ilytystilaa, mik\u00e4 helpottaa toimistotarvikkeiden, asiakirjojen ja muiden t\u00e4rkeiden juttujen j\u00e4rjest\u00e4mist\u00e4. Saranoitu ovi antaa lis\u00e4\u00e4 s\u00e4ilytyspaikkaa, pit\u00e4en ty\u00f6tilan siistin\u00e4.<\/li>\n<li><b>Ominaisuudet:<\/b> K\u00e4yt\u00e4nn\u00f6llisyys mieless\u00e4, t\u00e4\u00e4 p\u00f6yt\u00e4 tarjoaa runsaasti s\u00e4ilytystilaa. Sen pinta on tilava enough tietokoneen k\u00e4ytt\u00e4miseen, tehden siit\u00e4 loistavan sek\u00e4 ty\u00f6- ett\u00e4 opiskeluk\u00e4ytt\u00f6\u00f6n. Vankat ter\u00e4ksiset jalat varmistaa p\u00f6yd\u00e4n vakauden ja kest\u00e4vyyden.<\/li>\n<li><b>Suositellut k\u00e4ytt\u00f6tavat:<\/b> T\u00e4\u00e4 p\u00f6yt\u00e4 on t\u00e4ydellinen henkil\u00f6kohtaisiin tai ammatillisiin tiloihin. Se on erityisesti rustiikkista estetiikkaa arvostaville. Monipuolinen muotoilu tekee siit\u00e4 sopivan kotitoimistoille, opiskelutiloille ja yritysymp\u00e4rist\u00f6ille, parantaen tuottavuutta loogisen layoutin kautta.<\/li>\n<li><b>Hoito ja yll\u00e4pito:<\/b> Pid\u00e4 p\u00f6yt\u00e4 kunnossa pyyhkim\u00e4ll\u00e4 se kostealla liinalla, v\u00e4ltellen voimakkaita kemikaaleja. Kiinnit\u00e4 p\u00f6yt\u00e4 sein\u00e4\u00e4n kaatumisen est\u00e4miseksi ja noudata yksinkertaisia kokoamisohjeita.<\/li>\n<\/ul>\n<ul>\n<li>V\u00e4ri: Vanha puu<\/li>\n<li>Materiaali: Tekninen puu<\/li>\n<li>Yleiset mitat: 131 x 48 x 75 cm (P x L x K)<\/li>\n<li>With drawer<\/li>\n<li>Runsaasti s\u00e4ilytystilaa<\/li>\n<li>Kest\u00e4v\u00e4<\/li>\n<li>Enimm\u00e4ispaino: 60 kg<\/li>\n<li>Kokoonpano vaaditaan: Kyll\u00e4<\/li>\n<\/ul>\n","protected":false},"excerpt":{"rendered":"<ul>\n<li>V\u00e4ri: Vanha puu<\/li>\n<li>Materiaali: Tekninen puu<\/li>\n<li>Yleiset mitat: 131 x 48 x 75 cm (P x L x K)<\/li>\n<li>With drawer<\/li>\n<li>Runsaasti s\u00e4ilytystilaa<\/li>\n<li>Kest\u00e4v\u00e4<\/li>\n<li>Enimm\u00e4ispaino: 60 kg<\/li>\n<li>Kokoonpano vaaditaan: Kyll\u00e4<\/li>\n<\/ul>\n","protected":false},"featured_media":100000201107,"comment_status":"closed","ping_status":"closed","template":"","meta":[],"product_brand":[],"product_cat":[84,8551],"product_tag":[],"class_list":{"0":"post-201107","1":"product","2":"type-product","3":"status-publish","4":"has-post-thumbnail","6":"product_cat-huonekalut","7":"product_cat-kirjoituspoydat","9":"first","10":"instock","11":"taxable","12":"shipping-taxable","13":"purchasable","14":"product-type-simple"},"_links":{"self":[{"href":"https:\/\/www.otiumhome.fi\/index.php\/wp-json\/wp\/v2\/product\/201107","targetHints":{"allow":["GET"]}}],"collection":[{"href":"https:\/\/www.otiumhome.fi\/index.php\/wp-json\/wp\/v2\/product"}],"about":[{"href":"https:\/\/www.otiumhome.fi\/index.php\/wp-json\/wp\/v2\/types\/product"}],"replies":[{"embeddable":true,"href":"https:\/\/www.otiumhome.fi\/index.php\/wp-json\/wp\/v2\/comments?post=201107"}],"wp:featuredmedia":[{"embeddable":true,"href":"https:\/\/www.otiumhome.fi\/index.php\/wp-json\/"}],"wp:attachment":[{"href":"https:\/\/www.otiumhome.fi\/index.php\/wp-json\/wp\/v2\/media?parent=201107"}],"wp:term":[{"taxonomy":"product_brand","embeddable":true,"href":"https:\/\/www.otiumhome.fi\/index.php\/wp-json\/wp\/v2\/product_brand?post=201107"},{"taxonomy":"product_cat","embeddable":true,"href":"https:\/\/www.otiumhome.fi\/index.php\/wp-json\/wp\/v2\/product_cat?post=201107"},{"taxonomy":"product_tag","embeddable":true,"href":"https:\/\/www.otiumhome.fi\/index.php\/wp-json\/wp\/v2\/product_tag?post=201107"}],"curies":[{"name":"wp","href":"https:\/\/api.w.org\/{rel}","templated":true}]}}