{"id":201103,"date":"2025-12-24T20:18:33","date_gmt":"2025-12-24T20:18:33","guid":{"rendered":"https:\/\/www.otiumhome.fi\/?p=201103"},"modified":"2025-12-27T10:56:39","modified_gmt":"2025-12-27T10:56:39","slug":"poyta-musta-tammi-135-x-50-x-90-cm-tekninen-puu","status":"publish","type":"product","link":"https:\/\/www.otiumhome.fi\/index.php\/tuote\/poyta-musta-tammi-135-x-50-x-90-cm-tekninen-puu\/","title":{"rendered":"P\u00f6yt\u00e4 Musta tammi. 135 x 50 x 90 cm Tekninen puu"},"content":{"rendered":"<p>T\u00e4m\u00e4 teollinen ty\u00f6p\u00f6yt\u00e4 hyllyill\u00e4 on t\u00e4ydellinen yhdistelm\u00e4 tyyli\u00e4 ja k\u00e4yt\u00e4nn\u00f6llisyytt\u00e4. Se toimii hyvin ty\u00f6paikalla tai kotitoimistossa. Suorakulmainen muoto ja mattapinta luovat modernin mutta rustiikkisen tunnelman, joka sopii mihin tahansa sisustukseen. Suunniteltu erityisesti tietokonek\u00e4ytt\u00f6\u00f6n, se tarjoaa tilaa CPU:lle, n\u00e4yt\u00f6lle ja muille laitteille.<\/p>\n<ul>\n<li><b>Tekninen puumateriaali<\/b> Kest\u00e4v\u00e4 tekninen puu yhdist\u00e4\u00e4 tyylin ja kest\u00e4vyyden. Sen pinta kest\u00e4\u00e4 tahroja, joten ty\u00f6tila pysyy puhtaana ja siistin\u00e4. Laadukas rakenne takaa pitk\u00e4ik\u00e4isyyden.<\/li>\n<li><b>Integroitu hyllytys<\/b> Levyhyllyt MDF:st\u00e4 ja lastulevyst\u00e4 tarjoavat tukevan paikan toimistotarvikkeille. N\u00e4m\u00e4 ovat k\u00e4yt\u00e4nn\u00f6llisi\u00e4 ja tyylikk\u00e4it\u00e4, t\u00e4ydellisi\u00e4 kirjojen ja koristeiden s\u00e4ilytt\u00e4miseen.<\/li>\n<li><b>Teollinen muotoilu<\/b> T\u00e4m\u00e4 p\u00f6yt\u00e4 tuo esille tyylikk\u00e4\u00e4n teollisen estetiikan yhdist\u00e4m\u00e4ll\u00e4 metallin ja puun. Pystytukijalat tarjoavat tukevan ty\u00f6ymp\u00e4rist\u00f6n, joka sopii niin vintage- kuin moderniin tyyliin.<\/li>\n<li><b>Toimiston monipuolisuus<\/b> T\u00e4m\u00e4 p\u00f6yt\u00e4 toimii loistavasti kotitoimistoissa ja yritysymp\u00e4rist\u00f6ss\u00e4. Teollinen tyyli sopii sek\u00e4 yksinkertaiseen ett\u00e4 moniv\u00e4riseen sisustukseen, joten t\u00e4m\u00e4 on loistava valinta eri huoneisiin.<\/li>\n<li><b>Huolto ja yll\u00e4pito<\/b> Pid\u00e4 p\u00f6yt\u00e4 hyv\u00e4ss\u00e4 kunnossa pyyhkim\u00e4ll\u00e4 se kostealla liinalla. V\u00e4lt\u00e4 voimakkaita kemikaaleja. Helppo huolto takaa, ett\u00e4 p\u00f6yt\u00e4 pysyy kauniina ja k\u00e4yt\u00e4nn\u00f6llisen\u00e4 pitk\u00e4\u00e4n.<\/li>\n<\/ul>\n<ul>\n<li>V\u00e4ri: Musta tammi.<\/li>\n<li>Materiaali: Tekninen puu<\/li>\n<li>Yleiset mitat: 135 x 50 x 90 cm (P x L x K)<\/li>\n<li>3 hyllyill\u00e4<\/li>\n<li>Runsaasti s\u00e4ilytystilaa<\/li>\n<li>Enimm\u00e4ispaino: 60 kg<\/li>\n<li>Kokoonpano vaaditaan: Kyll\u00e4<\/li>\n<\/ul>\n","protected":false},"excerpt":{"rendered":"<ul>\n<li>V\u00e4ri: Musta tammi.<\/li>\n<li>Materiaali: Tekninen puu<\/li>\n<li>Yleiset mitat: 135 x 50 x 90 cm (P x L x K)<\/li>\n<li>3 hyllyill\u00e4<\/li>\n<li>Runsaasti s\u00e4ilytystilaa<\/li>\n<li>Enimm\u00e4ispaino: 60 kg<\/li>\n<li>Kokoonpano vaaditaan: Kyll\u00e4<\/li>\n<\/ul>\n","protected":false},"featured_media":100000201103,"comment_status":"closed","ping_status":"closed","template":"","meta":[],"product_brand":[],"product_cat":[84,8551],"product_tag":[],"class_list":{"0":"post-201103","1":"product","2":"type-product","3":"status-publish","4":"has-post-thumbnail","6":"product_cat-huonekalut","7":"product_cat-kirjoituspoydat","9":"first","10":"instock","11":"taxable","12":"shipping-taxable","13":"purchasable","14":"product-type-simple"},"_links":{"self":[{"href":"https:\/\/www.otiumhome.fi\/index.php\/wp-json\/wp\/v2\/product\/201103","targetHints":{"allow":["GET"]}}],"collection":[{"href":"https:\/\/www.otiumhome.fi\/index.php\/wp-json\/wp\/v2\/product"}],"about":[{"href":"https:\/\/www.otiumhome.fi\/index.php\/wp-json\/wp\/v2\/types\/product"}],"replies":[{"embeddable":true,"href":"https:\/\/www.otiumhome.fi\/index.php\/wp-json\/wp\/v2\/comments?post=201103"}],"wp:featuredmedia":[{"embeddable":true,"href":"https:\/\/www.otiumhome.fi\/index.php\/wp-json\/"}],"wp:attachment":[{"href":"https:\/\/www.otiumhome.fi\/index.php\/wp-json\/wp\/v2\/media?parent=201103"}],"wp:term":[{"taxonomy":"product_brand","embeddable":true,"href":"https:\/\/www.otiumhome.fi\/index.php\/wp-json\/wp\/v2\/product_brand?post=201103"},{"taxonomy":"product_cat","embeddable":true,"href":"https:\/\/www.otiumhome.fi\/index.php\/wp-json\/wp\/v2\/product_cat?post=201103"},{"taxonomy":"product_tag","embeddable":true,"href":"https:\/\/www.otiumhome.fi\/index.php\/wp-json\/wp\/v2\/product_tag?post=201103"}],"curies":[{"name":"wp","href":"https:\/\/api.w.org\/{rel}","templated":true}]}}