{"id":201099,"date":"2025-12-24T20:18:31","date_gmt":"2025-12-24T20:18:31","guid":{"rendered":"https:\/\/www.otiumhome.fi\/?p=201099"},"modified":"2025-12-27T08:25:41","modified_gmt":"2025-12-27T08:25:41","slug":"poyta-artisan-tammi-80-x-50-x-90-cm-tekninen-puu","status":"publish","type":"product","link":"https:\/\/www.otiumhome.fi\/index.php\/tuote\/poyta-artisan-tammi-80-x-50-x-90-cm-tekninen-puu\/","title":{"rendered":"P\u00f6yt\u00e4 Artisan tammi 80 x 50 x 90 cm Tekninen puu"},"content":{"rendered":"<p>T\u00e4m\u00e4 teollisen tyylin tietokonep\u00f6yt\u00e4 on t\u00e4ydellinen lis\u00e4 mihin tahansa moderniin toimistoon. Sen suorakulmainen muoto ja nykyaikainen ilme sulautuvat hyvin eri sisustustyyleihin. Sile\u00e4 tekninen puupinta on kaunis ja tarjoaa runsaasti tilaa kirjoittamiseen tai l\u00e4pp\u00e4rill\u00e4 ty\u00f6skentelyyn, joten se on t\u00e4rke\u00e4 osa kotitoimistoa tai ammattilaisten ty\u00f6tilaa.<\/p>\n<ul>\n<li><b>Sile\u00e4 tekninen puupinta<\/b> T\u00e4m\u00e4 pinta on kest\u00e4v\u00e4 ja mukava kirjoittaa. Se on helppo puhdistaa, joten se pysyy hyv\u00e4ss\u00e4 kunnossa pitk\u00e4\u00e4n.<\/li>\n<li><b>Hyllyt s\u00e4ilytyst\u00e4 varten<\/b> Hyllyt antavat lis\u00e4\u00e4 tilaa ilman, ett\u00e4 tyyli k\u00e4rsii. N\u00e4m\u00e4 ovat loistavia asiakirjoille ja muille tarvikkeille, joten ty\u00f6tila pysyy siistin\u00e4.<\/li>\n<li><b>Ter\u00e4spilarijalat vakauden vuoksi<\/b> Vahvat ter\u00e4spilarijalat tarjoavat tarvittavaa tukea. Ne varmistavat, ett\u00e4 p\u00f6yt\u00e4 pysyy vakaana k\u00e4yt\u00f6n aikana.<\/li>\n<li><b>Metallirunko<\/b> Kest\u00e4v\u00e4 metallirunko yhdist\u00e4\u00e4 jalat ja pinnan, mik\u00e4 takaa pitk\u00e4n k\u00e4ytt\u00f6i\u00e4n.<\/li>\n<li><b>Helppo huolto ja kokoaminen<\/b> Kokoaminen vaatii kaverin apua, mutta turvallisuutta lis\u00e4\u00e4 sein\u00e4kiinnityslaite. Siivous on helppoa: pyyhi vain kostealla liinalla.<\/li>\n<\/ul>\n<ul>\n<li>V\u00e4ri: Artisan tammi<\/li>\n<li>Materiaali: Tekninen puu<\/li>\n<li>Yleiset mitat: 80 x 50 x 90 cm (P x L x K)<\/li>\n<li>1 hyllyll\u00e4<\/li>\n<li>Kest\u00e4v\u00e4<\/li>\n<li>Enimm\u00e4ispaino: 60 kg<\/li>\n<li>Kokoonpano vaaditaan: Kyll\u00e4<\/li>\n<\/ul>\n","protected":false},"excerpt":{"rendered":"<ul>\n<li>V\u00e4ri: Artisan tammi<\/li>\n<li>Materiaali: Tekninen puu<\/li>\n<li>Yleiset mitat: 80 x 50 x 90 cm (P x L x K)<\/li>\n<li>1 hyllyll\u00e4<\/li>\n<li>Kest\u00e4v\u00e4<\/li>\n<li>Enimm\u00e4ispaino: 60 kg<\/li>\n<li>Kokoonpano vaaditaan: Kyll\u00e4<\/li>\n<\/ul>\n","protected":false},"featured_media":100000201099,"comment_status":"closed","ping_status":"closed","template":"","meta":[],"product_brand":[],"product_cat":[84,8551],"product_tag":[],"class_list":{"0":"post-201099","1":"product","2":"type-product","3":"status-publish","4":"has-post-thumbnail","6":"product_cat-huonekalut","7":"product_cat-kirjoituspoydat","9":"first","10":"instock","11":"taxable","12":"shipping-taxable","13":"purchasable","14":"product-type-simple"},"_links":{"self":[{"href":"https:\/\/www.otiumhome.fi\/index.php\/wp-json\/wp\/v2\/product\/201099","targetHints":{"allow":["GET"]}}],"collection":[{"href":"https:\/\/www.otiumhome.fi\/index.php\/wp-json\/wp\/v2\/product"}],"about":[{"href":"https:\/\/www.otiumhome.fi\/index.php\/wp-json\/wp\/v2\/types\/product"}],"replies":[{"embeddable":true,"href":"https:\/\/www.otiumhome.fi\/index.php\/wp-json\/wp\/v2\/comments?post=201099"}],"wp:featuredmedia":[{"embeddable":true,"href":"https:\/\/www.otiumhome.fi\/index.php\/wp-json\/"}],"wp:attachment":[{"href":"https:\/\/www.otiumhome.fi\/index.php\/wp-json\/wp\/v2\/media?parent=201099"}],"wp:term":[{"taxonomy":"product_brand","embeddable":true,"href":"https:\/\/www.otiumhome.fi\/index.php\/wp-json\/wp\/v2\/product_brand?post=201099"},{"taxonomy":"product_cat","embeddable":true,"href":"https:\/\/www.otiumhome.fi\/index.php\/wp-json\/wp\/v2\/product_cat?post=201099"},{"taxonomy":"product_tag","embeddable":true,"href":"https:\/\/www.otiumhome.fi\/index.php\/wp-json\/wp\/v2\/product_tag?post=201099"}],"curies":[{"name":"wp","href":"https:\/\/api.w.org\/{rel}","templated":true}]}}