{"id":201094,"date":"2025-12-24T20:18:29","date_gmt":"2025-12-24T20:18:29","guid":{"rendered":"https:\/\/www.otiumhome.fi\/?p=201094"},"modified":"2025-12-25T07:26:43","modified_gmt":"2025-12-25T07:26:43","slug":"poyta-hyllylla-muut-musta-tammi-140-x-50-x-75-cm-tekninen-puu","status":"publish","type":"product","link":"https:\/\/www.otiumhome.fi\/index.php\/tuote\/poyta-hyllylla-muut-musta-tammi-140-x-50-x-75-cm-tekninen-puu\/","title":{"rendered":"P\u00f6yt\u00e4 hyllyll\u00e4 Muut Musta tammi 140 x 50 x 75 cm Tekninen puu"},"content":{"rendered":"<p>T\u00e4ss\u00e4 modernissa kirjoitusp\u00f6yd\u00e4ss\u00e4 yhdistyv\u00e4t yksinkertaisuus ja k\u00e4yt\u00e4nn\u00f6llisyys, mik\u00e4 tekee siit\u00e4 t\u00e4ydellisen lis\u00e4n trendikk\u00e4\u00e4seen nykyaikaiseen ymp\u00e4rist\u00f6\u00f6n. Sen suorakulmainen muoto on helppo yhdist\u00e4\u00e4 eri sisustustyyleihin. T\u00e4m\u00e4 p\u00f6yt\u00e4 on loistava ty\u00f6skentelyyn tai kirjoittamiseen ja tuo kauniin ilmeen kotitoimistoosi tai ty\u00f6huoneeseesi. Teknisen puun ansiosta se tarjoaa tukevan ty\u00f6skentelytilan nykyp\u00e4iv\u00e4n tarpeisiin.<\/p>\n<ul>\n<li><b>Tekninen Puu Pintana<\/b>: P\u00f6yt\u00e4 on tehty korkealaatuisesta teknisest\u00e4 puusta, joten se on sek\u00e4 kest\u00e4v\u00e4 ett\u00e4 tyylik\u00e4s. T\u00e4m\u00e4 materiaali tuntuu hyv\u00e4lt\u00e4 ja kest\u00e4\u00e4 p\u00e4ivitt\u00e4isess\u00e4 k\u00e4yt\u00f6ss\u00e4, tuoden laatua ty\u00f6tiloihisi.<\/li>\n<li><b>Sis\u00e4\u00e4nrakennettu S\u00e4ilytys<\/b>: P\u00f6yd\u00e4n hyllyt antavat hyvi\u00e4 s\u00e4ilytysratkaisuja, kunhan pid\u00e4t tavarat j\u00e4rjestyksess\u00e4. Ne soveltuvat mainiosti pieniin huoneisiin tai tiiviisiin toimistotiloihin.<\/li>\n<li><b>Moderni Suunnittelu<\/b>: Minimalistisessa tyyli on puhtaita linjoja ja yksinkertaista muotoa. Sen moderni ilme sopii moneen sisustukseen, tuoden hienostuneisuutta ilman liian paljon ylim\u00e4\u00e4r\u00e4ist\u00e4.<\/li>\n<li><b>Monik\u00e4ytt\u00f6isyys<\/b>: T\u00e4m\u00e4 p\u00f6yt\u00e4 on hieno ratkaisu kotitoimistoihin ja ty\u00f6huoneisiin, se toimii hyvin kannettavan tietokoneen kanssa tai kirjoitusp\u00f6yt\u00e4n\u00e4. Sen tilava koko 140 x 50 x 75 cm antaa hyvin tilaa ty\u00f6v\u00e4lineille ja auttaa parantamaan tuottavuutta.<\/li>\n<li><b>Huolto ja Kokoaminen<\/b>: P\u00f6yt\u00e4 on helppo koota, tarvitset vain ruuvimeisselin. Pid\u00e4 se hyv\u00e4ss\u00e4 kunnossa v\u00e4ltt\u00e4m\u00e4ll\u00e4 voimakkaita puhdistusaineita ja hankaavia tuotteita, niin se n\u00e4ytt\u00e4\u00e4 hyv\u00e4lle pitk\u00e4\u00e4n.<\/li>\n<\/ul>\n<ul>\n<li>V\u00e4ri: Musta tammi<\/li>\n<li>Materiaali: Tekninen puu<\/li>\n<li>Viimeistely: Matta<\/li>\n<li>Yleiset mitat: 140 x 50 x 75 cm (L x P x K)<\/li>\n<li>S\u00e4ilytystila<\/li>\n<li>Hyllyll\u00e4<\/li>\n<li>Kehysmateriaali: T\u00e4ysi tammi<\/li>\n<li>Sis\u00e4- \/ ulkotiloissa: Vain sis\u00e4k\u00e4ytt\u00f6\u00f6n<\/li>\n<li>Toimitus-:<\/li>\n<li>1 x p\u00f6yt\u00e4<\/li>\n<li>Kokoonpano vaaditaan: Kyll\u00e4<\/li>\n<\/ul>\n","protected":false},"excerpt":{"rendered":"<ul>\n<li>V\u00e4ri: Musta tammi<\/li>\n<li>Materiaali: Tekninen puu<\/li>\n<li>Viimeistely: Matta<\/li>\n<li>Yleiset mitat: 140 x 50 x 75 cm (L x P x K)<\/li>\n<li>S\u00e4ilytystila<\/li>\n<li>Hyllyll\u00e4<\/li>\n<li>Kehysmateriaali: T\u00e4ysi tammi<\/li>\n<li>Sis\u00e4- \/ ulkotiloissa: Vain sis\u00e4k\u00e4ytt\u00f6\u00f6n<\/li>\n<li>Toimitus-:<\/li>\n<li>1 x p\u00f6yt\u00e4<\/li>\n<li>Kokoonpano vaaditaan: Kyll\u00e4<\/li>\n<\/ul>\n","protected":false},"featured_media":100000201094,"comment_status":"closed","ping_status":"closed","template":"","meta":[],"product_brand":[],"product_cat":[84,8551],"product_tag":[],"class_list":{"0":"post-201094","1":"product","2":"type-product","3":"status-publish","4":"has-post-thumbnail","6":"product_cat-huonekalut","7":"product_cat-kirjoituspoydat","9":"first","10":"instock","11":"taxable","12":"shipping-taxable","13":"purchasable","14":"product-type-simple"},"_links":{"self":[{"href":"https:\/\/www.otiumhome.fi\/index.php\/wp-json\/wp\/v2\/product\/201094","targetHints":{"allow":["GET"]}}],"collection":[{"href":"https:\/\/www.otiumhome.fi\/index.php\/wp-json\/wp\/v2\/product"}],"about":[{"href":"https:\/\/www.otiumhome.fi\/index.php\/wp-json\/wp\/v2\/types\/product"}],"replies":[{"embeddable":true,"href":"https:\/\/www.otiumhome.fi\/index.php\/wp-json\/wp\/v2\/comments?post=201094"}],"wp:featuredmedia":[{"embeddable":true,"href":"https:\/\/www.otiumhome.fi\/index.php\/wp-json\/"}],"wp:attachment":[{"href":"https:\/\/www.otiumhome.fi\/index.php\/wp-json\/wp\/v2\/media?parent=201094"}],"wp:term":[{"taxonomy":"product_brand","embeddable":true,"href":"https:\/\/www.otiumhome.fi\/index.php\/wp-json\/wp\/v2\/product_brand?post=201094"},{"taxonomy":"product_cat","embeddable":true,"href":"https:\/\/www.otiumhome.fi\/index.php\/wp-json\/wp\/v2\/product_cat?post=201094"},{"taxonomy":"product_tag","embeddable":true,"href":"https:\/\/www.otiumhome.fi\/index.php\/wp-json\/wp\/v2\/product_tag?post=201094"}],"curies":[{"name":"wp","href":"https:\/\/api.w.org\/{rel}","templated":true}]}}