{"id":201083,"date":"2025-12-24T20:12:51","date_gmt":"2025-12-24T20:12:51","guid":{"rendered":"https:\/\/www.otiumhome.fi\/?p=201083"},"modified":"2026-01-05T02:58:41","modified_gmt":"2026-01-05T02:58:41","slug":"kirjahylly-vanha-puu-99-5-x-30-x-108-5-cm-tekninen-puu","status":"publish","type":"product","link":"https:\/\/www.otiumhome.fi\/index.php\/tuote\/kirjahylly-vanha-puu-99-5-x-30-x-108-5-cm-tekninen-puu\/","title":{"rendered":"Kirjahylly Vanha Puu 99.5 x 30 x 108.5 cm Tekninen puu"},"content":{"rendered":"<p>T\u00e4m\u00e4 teollinen kirjahylly yhdist\u00e4\u00e4 muodon ja toiminnallisuuden tyylikk\u00e4\u00e4ll\u00e4 tavalla, ja se istuu loistavasti moderneihin olohuoneisiin. Sen suorakulmainen muotoilu ja tyylik\u00e4s siluetti lis\u00e4\u00e4v\u00e4t sisustuksen kauneutta, samalla tarjoten runsaasti tilaa j\u00e4rjestelm\u00e4lliseen kotiin. T\u00e4m\u00e4 hylly on t\u00e4ydellinen innokkaille lukijoille ja ker\u00e4ilij\u00f6ille, jotka haluavat tuoda vieh\u00e4tt\u00e4v\u00e4n lis\u00e4n kotiinsa, sill\u00e4 se tarjoaa sek\u00e4 s\u00e4ilytysratkaisun ett\u00e4 kauniin koristeen.<\/p>\n<ul>\n<li><b>Koneellisesti k\u00e4sitelty puumateriaali:<\/b> Hylly on valmistettu laadukkaasta koneellisesti k\u00e4sitellyst\u00e4 puusta, joka tarjoaa vankan rakenteen kevyen tuntuman lis\u00e4ksi. T\u00e4m\u00e4 puu kest\u00e4\u00e4 kulutusta, joten hylly pysyy hienona, ja tuo l\u00e4mpim\u00e4n puuingredientin erilaisiin sisustustyyleihin.<\/li>\n<li><b>Tyylikk\u00e4\u00e4t ter\u00e4sjalat:<\/b> Vankat ter\u00e4ksiset jalat antavat teollista ilmett\u00e4 ja varmistavat hyllyn vakauden. N\u00e4m\u00e4 jalat kannattelevat kuormaa vaivatta, joten hylly on luotettava, vaikka se olisikin t\u00e4ynn\u00e4 kirjoja tai koristeita.<\/li>\n<li><b>Runsas s\u00e4ilytys:<\/b> T\u00e4m\u00e4 teollinen kirjahylly tarjoaa paljon tilaa n\u00e4ytt\u00e4\u00e4kseen ja j\u00e4rjest\u00e4\u00e4kseen kokoelmat kirjoista koriste-esineisiin. Sen muotoilu mahdollistaa helposti p\u00e4\u00e4syn kaikkiin esineisiin, joten se palvelee sek\u00e4 esteettisi\u00e4 ett\u00e4 k\u00e4yt\u00e4nn\u00f6n tarpeita.<\/li>\n<li><b>Monipuolinen olohuoneen osa:<\/b> Vaikka se on suunniteltu tarjoamaan reilusti s\u00e4ilytystilaa, t\u00e4m\u00e4 hylly toimii my\u00f6s houkuttelevana sisustuselementtin\u00e4. Olitpa kuin hy\u00f6dynt\u00e4m\u00e4ss\u00e4 sen katseenvangitsijana tai hienovaraisena lis\u00e4n\u00e4, t\u00e4m\u00e4 monik\u00e4ytt\u00f6inen pala mukautuu erinomaisesti eri tyyleihin ja huonej\u00e4rjestelyihin.<\/li>\n<li><b>Vaivaton hoito:<\/b> Hyllyn yll\u00e4pito vaatii vain pienen vaivann\u00e4\u00f6n. Pyyhint\u00e4 pehme\u00e4ll\u00e4 kankaalla s\u00e4\u00e4nn\u00f6llisesti pit\u00e4\u00e4 sen kauniina. T\u00e4ll\u00e4 helpolla hoitorutiinilla varmistat, ett\u00e4 kirjahyllysi kest\u00e4\u00e4 aika ja s\u00e4ilytt\u00e4\u00e4 upean ulkon\u00e4k\u00f6ns\u00e4.<\/li>\n<\/ul>\n<ul>\n<li>V\u00e4ri: Vanha puu<\/li>\n<li>Materiaali: Tekninen puu<\/li>\n<li>Yleiset mitat: 99,5 x 30 x 108,5 cm (P x L x K)<\/li>\n<li>S\u00e4ilytysm\u00e4\u00e4r\u00e4: 6<\/li>\n<li>Kest\u00e4v\u00e4<\/li>\n<li>Kokoonpano vaaditaan: Kyll\u00e4<\/li>\n<\/ul>\n","protected":false},"excerpt":{"rendered":"<ul>\n<li>V\u00e4ri: Vanha puu<\/li>\n<li>Materiaali: Tekninen puu<\/li>\n<li>Yleiset mitat: 99,5 x 30 x 108,5 cm (P x L x K)<\/li>\n<li>S\u00e4ilytysm\u00e4\u00e4r\u00e4: 6<\/li>\n<li>Kest\u00e4v\u00e4<\/li>\n<li>Kokoonpano vaaditaan: Kyll\u00e4<\/li>\n<\/ul>\n","protected":false},"featured_media":100000201083,"comment_status":"closed","ping_status":"closed","template":"","meta":[],"product_brand":[],"product_cat":[84,8547],"product_tag":[],"class_list":{"0":"post-201083","1":"product","2":"type-product","3":"status-publish","4":"has-post-thumbnail","6":"product_cat-huonekalut","7":"product_cat-kirjahyllyt","9":"first","10":"instock","11":"taxable","12":"shipping-taxable","13":"purchasable","14":"product-type-simple"},"_links":{"self":[{"href":"https:\/\/www.otiumhome.fi\/index.php\/wp-json\/wp\/v2\/product\/201083","targetHints":{"allow":["GET"]}}],"collection":[{"href":"https:\/\/www.otiumhome.fi\/index.php\/wp-json\/wp\/v2\/product"}],"about":[{"href":"https:\/\/www.otiumhome.fi\/index.php\/wp-json\/wp\/v2\/types\/product"}],"replies":[{"embeddable":true,"href":"https:\/\/www.otiumhome.fi\/index.php\/wp-json\/wp\/v2\/comments?post=201083"}],"wp:featuredmedia":[{"embeddable":true,"href":"https:\/\/www.otiumhome.fi\/index.php\/wp-json\/"}],"wp:attachment":[{"href":"https:\/\/www.otiumhome.fi\/index.php\/wp-json\/wp\/v2\/media?parent=201083"}],"wp:term":[{"taxonomy":"product_brand","embeddable":true,"href":"https:\/\/www.otiumhome.fi\/index.php\/wp-json\/wp\/v2\/product_brand?post=201083"},{"taxonomy":"product_cat","embeddable":true,"href":"https:\/\/www.otiumhome.fi\/index.php\/wp-json\/wp\/v2\/product_cat?post=201083"},{"taxonomy":"product_tag","embeddable":true,"href":"https:\/\/www.otiumhome.fi\/index.php\/wp-json\/wp\/v2\/product_tag?post=201083"}],"curies":[{"name":"wp","href":"https:\/\/api.w.org\/{rel}","templated":true}]}}