{"id":201050,"date":"2025-12-24T20:12:37","date_gmt":"2025-12-24T20:12:37","guid":{"rendered":"https:\/\/www.otiumhome.fi\/?p=201050"},"modified":"2025-12-27T02:46:32","modified_gmt":"2025-12-27T02:46:32","slug":"kirjahylly-vanha-puu-40-x-30-x-103-cm-tekninen-puu","status":"publish","type":"product","link":"https:\/\/www.otiumhome.fi\/index.php\/tuote\/kirjahylly-vanha-puu-40-x-30-x-103-cm-tekninen-puu\/","title":{"rendered":"Kirjahylly Vanha puu 40 x 30 x 103 cm Tekninen puu"},"content":{"rendered":"<p>T\u00e4m\u00e4 freestanding-kirjahylly tuo modernia tyyli\u00e4 ja k\u00e4yt\u00e4nn\u00f6llisyytt\u00e4 huoneeseen. Sen upea rustiikkinen pinnoite ja puun rakenne parantaa mink\u00e4 tahansa huoneen fiilist\u00e4. Tyylik\u00e4s suorakaiteinen muoto sopii loistavasti eri ymp\u00e4rist\u00f6ihin, toimistoista miellytt\u00e4viin ty\u00f6huoneisiin ja tyylikk\u00e4isiin olohuoneisiin. Laajat hyllyt tarjoavat paljon tilaa kirjojen, sisustustarvikkeiden ja muiden tarpeellisten esineiden j\u00e4rjestelyyn, t\u00e4ydellinen niille, jotka haluaa yhdist\u00e4\u00e4 tyylin ja k\u00e4yt\u00e4nn\u00f6llisyyden.<\/p>\n<ul><\/p>\n<li><b>Materiaalit:<\/b> Valmistettu huippulaatuisesta puusta, joten se on kest\u00e4v\u00e4 ja n\u00e4ytt\u00e4\u00e4 upealta. Huomaamaton viimeistely peitt\u00e4\u00e4 kaiken, mit\u00e4 olet laittanut piiloon, pit\u00e4en sen siistin\u00e4 ja j\u00e4rjestyksess\u00e4. T\u00e4m\u00e4 puu tuo mukanaan l\u00e4mpim\u00e4n rustiikkisen vieh\u00e4tyksen, mik\u00e4 tekee siit\u00e4 ihanan lis\u00e4n mihin tahansa kotiin.<\/li>\n<p><\/p>\n<li><b>Sis\u00e4lt\u00e4\u00e4 komponentit:<\/b> Vapaasti seisovat hyllyt tekev\u00e4t siit\u00e4 superk\u00e4yt\u00e4nn\u00f6llisen kaikille kirjoillesi ja sisustuksellesi. Lis\u00e4ksi siin\u00e4 on turvallinen sein\u00e4kiinnitys, joka est\u00e4\u00e4 kaatumisonnettomuudet, erityisen hy\u00f6dyllinen lapsiperheiss\u00e4 tai lemmikkien kanssa. Asennus on helppoa, kaikki tarvittava on mukana, joten se sopii hyvin eri huoneisiin.<\/li>\n<p><\/p>\n<li><b>Ominaisuudet \/ Toiminta \/ Muotoilu:<\/b> Suurilla hyllyill\u00e4 t\u00e4m\u00e4 kaappi on mahtava tapa pit\u00e4\u00e4 asiat j\u00e4rjestyksess\u00e4 ja esill\u00e4. Sen modernin muotoilun ja k\u00e4tev\u00e4n rakenteen yhdistelm\u00e4 tarkoittaa, ett\u00e4 se on tosi kotona nykyaikaisissa ymp\u00e4rist\u00f6iss\u00e4 samalla kun se t\u00e4ytt\u00e4\u00e4 s\u00e4ilytystarpeesi.<\/li>\n<p><\/p>\n<li><b>Suositellut k\u00e4ytt\u00f6mahdollisuudet:<\/b> T\u00e4ydellinen toimistoihin, ty\u00f6huoneisiin ja olohuoneisiin. Se mukautuu erilaisiin tiloihin ja palvelee eri tarkoituksia, olipa se sitten keskeinen elementti tai sulautuu muihin kalusteisiin, kannustaen luovaa ilmaisuun ja tilan j\u00e4rkev\u00e4\u00e4n k\u00e4ytt\u00f6\u00f6n.<\/li>\n<p><\/p>\n<li><b>Huolto &amp; yll\u00e4pito:<\/b> Varmista turvallisuus kiinnitt\u00e4m\u00e4ll\u00e4 kaappi sein\u00e4\u00e4n mukana tulevilla asennustarvikkeilla. Nopeasti p\u00f6lyn pyyhkiminen silloin t\u00e4ll\u00f6in pit\u00e4\u00e4 sen tuoreena keskeisen\u00e4 osana sisustustasi. \u00c4l\u00e4 ylikuormita sit\u00e4, jotta se pysyy vahvana ja est\u00e4\u00e4 kulumista ajan my\u00f6t\u00e4.<\/li>\n<\/ul>\n<ul>\n<li>V\u00e4ri: Vanha puu<\/li>\n<li>Materiaali: Tekninen puu<\/li>\n<li>Yleiset mitat: 30 x 40 x 103 cm (P x L x K)<\/li>\n<li>3 hyllyill\u00e4<\/li>\n<li>S\u00e4ilytysm\u00e4\u00e4r\u00e4: 3<\/li>\n<li>Kest\u00e4v\u00e4<\/li>\n<li>Kokoonpano vaaditaan: Kyll\u00e4<\/li>\n<\/ul>\n","protected":false},"excerpt":{"rendered":"<ul>\n<li>V\u00e4ri: Vanha puu<\/li>\n<li>Materiaali: Tekninen puu<\/li>\n<li>Yleiset mitat: 30 x 40 x 103 cm (P x L x K)<\/li>\n<li>3 hyllyill\u00e4<\/li>\n<li>S\u00e4ilytysm\u00e4\u00e4r\u00e4: 3<\/li>\n<li>Kest\u00e4v\u00e4<\/li>\n<li>Kokoonpano vaaditaan: Kyll\u00e4<\/li>\n<\/ul>\n","protected":false},"featured_media":100000201050,"comment_status":"closed","ping_status":"closed","template":"","meta":[],"product_brand":[],"product_cat":[84,8547],"product_tag":[],"class_list":{"0":"post-201050","1":"product","2":"type-product","3":"status-publish","4":"has-post-thumbnail","6":"product_cat-huonekalut","7":"product_cat-kirjahyllyt","9":"first","10":"instock","11":"taxable","12":"shipping-taxable","13":"purchasable","14":"product-type-simple"},"_links":{"self":[{"href":"https:\/\/www.otiumhome.fi\/index.php\/wp-json\/wp\/v2\/product\/201050","targetHints":{"allow":["GET"]}}],"collection":[{"href":"https:\/\/www.otiumhome.fi\/index.php\/wp-json\/wp\/v2\/product"}],"about":[{"href":"https:\/\/www.otiumhome.fi\/index.php\/wp-json\/wp\/v2\/types\/product"}],"replies":[{"embeddable":true,"href":"https:\/\/www.otiumhome.fi\/index.php\/wp-json\/wp\/v2\/comments?post=201050"}],"wp:featuredmedia":[{"embeddable":true,"href":"https:\/\/www.otiumhome.fi\/index.php\/wp-json\/"}],"wp:attachment":[{"href":"https:\/\/www.otiumhome.fi\/index.php\/wp-json\/wp\/v2\/media?parent=201050"}],"wp:term":[{"taxonomy":"product_brand","embeddable":true,"href":"https:\/\/www.otiumhome.fi\/index.php\/wp-json\/wp\/v2\/product_brand?post=201050"},{"taxonomy":"product_cat","embeddable":true,"href":"https:\/\/www.otiumhome.fi\/index.php\/wp-json\/wp\/v2\/product_cat?post=201050"},{"taxonomy":"product_tag","embeddable":true,"href":"https:\/\/www.otiumhome.fi\/index.php\/wp-json\/wp\/v2\/product_tag?post=201050"}],"curies":[{"name":"wp","href":"https:\/\/api.w.org\/{rel}","templated":true}]}}