{"id":201038,"date":"2025-12-24T20:12:33","date_gmt":"2025-12-24T20:12:33","guid":{"rendered":"https:\/\/www.otiumhome.fi\/?p=201038"},"modified":"2025-12-27T02:21:33","modified_gmt":"2025-12-27T02:21:33","slug":"kirjahylly-musta-tammi-60-x-24-x-203-cm-tekninen-puu","status":"publish","type":"product","link":"https:\/\/www.otiumhome.fi\/index.php\/tuote\/kirjahylly-musta-tammi-60-x-24-x-203-cm-tekninen-puu\/","title":{"rendered":"Kirjahylly Musta tammi. 60 x 24 x 203 cm Tekninen puu"},"content":{"rendered":"<p>T\u00e4m\u00e4 moderni kirjahylly yhdist\u00e4\u00e4 k\u00e4yt\u00e4nn\u00f6llisyyden ja tyylikkyyden. Se on t\u00e4ydellinen kirjojen, sisustuksen ja tarvikkeiden j\u00e4rjest\u00e4miseen, ja tuo eleganttia ilmett\u00e4 mihin tahansa huoneeseen. Suorakaiteen muotoinen rakenne sopii erilaisiin tiloihin, kotitoimistoista olohuoneen nurkkiin, ja tarjoaa runsaasti s\u00e4ilytystilaa tyylin kustannuksella tinkim\u00e4tt\u00e4. Sen yksinkertaiset linjat ja musta viimeistely luovat dynaamisen visuaalisen vetovoiman, ja se sopii hyvin minimalisteille ja moderneille sisustustyyleille. Kuvittele siisti ja tyylik\u00e4s tila, jota t\u00e4m\u00e4 upea s\u00e4ilytysratkaisu parantaa.<\/p>\n<ul>\n<li><b>Teknisi\u00e4 puuhyllyj\u00e4<\/b> Valmis teknisest\u00e4 puusta, t\u00e4m\u00e4 hylly on kest\u00e4v\u00e4 ja luotettava paikka rakastamillesi kirjoille ja sisustusesineille. Materiaali on tunnettu kest\u00e4vyydest\u00e4\u00e4n, mik\u00e4 takaa pitk\u00e4n k\u00e4ytt\u00f6i\u00e4n. Sile\u00e4 pinta on helppohoitoinen, ja sen neutraali viimeistely sopii moniin sisustustyyleihin, parantaen tilasi ilmett\u00e4.<\/li>\n<li><b>Ter\u00e4srunko<\/b> Vankka ter\u00e4srunko antaa hyllylle tukevuutta ja vakautta, pit\u00e4en sen turvallisena k\u00e4yt\u00f6ss\u00e4. Metallirakenne kest\u00e4\u00e4 v\u00e4\u00e4ntymist\u00e4 ja taipumista, tarjoten turvallisen s\u00e4ilytysratkaisun. Sen musta viimeistely tuo hienostuneen ilmeen, ja puhtaat linjat tukevat modernia, minimalistista tyyli\u00e4.<\/li>\n<li><b>Vapaasti seisova design<\/b> T\u00e4m\u00e4n hyllyn vapaasti seisova rakenne tekee siit\u00e4 itsen\u00e4isen. Suorakaiteen muotoinen muotoilu ja tasapainoiset mittasuhteet tekev\u00e4t siit\u00e4 erinomaisen kapeisiin nurkkiin tai suurempiin tiloihin. T\u00e4m\u00e4 monipuolisuus auttaa muokkaamaan sit\u00e4 tarpeidesi mukaan, tuoden j\u00e4rjestyst\u00e4 ja eleganssia mihin tahansa ymp\u00e4rist\u00f6\u00f6n.<\/li>\n<li><b>Runsas s\u00e4ilytyskapasiteetti<\/b> Laajojen hyllyjen ansiosta t\u00e4m\u00e4 hyllyyksikk\u00f6 mahtuu moneksi eri tavaralle, olipa kyseess\u00e4 kirjat, koristeet tai muut tarvikkeet. Jokainen hylly kest\u00e4\u00e4 merkitt\u00e4v\u00e4\u00e4 painoa, joten voit j\u00e4rjestell\u00e4 tavaroitasi huolettomasti. T\u00e4m\u00e4 tekee siit\u00e4 idean innokkaille lukijoille ja koristeiden n\u00e4yttelij\u00f6ille.<\/li>\n<li><b>Helposti seurattava kokoaminen<\/b> T\u00e4m\u00e4 kirjahylly on k\u00e4ytt\u00e4j\u00e4yst\u00e4v\u00e4llinen, ja se vaatii vain perusruuvimeisselin kokoamiseen. Yksityiskohtaiset ohjeet tekev\u00e4t prosessista helpon, ja kaksi henkil\u00f6\u00e4 voi kokoaa hyllyn nopeasti ja vaivattomasti, jolloin voit nauttia uudesta kirjahyllyst\u00e4 ilman ongelmia.<\/li>\n<\/ul>\n<ul>\n<li>V\u00e4ri: Musta tammi.<\/li>\n<li>Materiaali: Tekninen puu<\/li>\n<li>Yleiset mitat: 60 x 24 x 203 cm (P x L x K)<\/li>\n<li>6 hyllyill\u00e4<\/li>\n<li>S\u00e4ilytysm\u00e4\u00e4r\u00e4: 6<\/li>\n<li>S\u00e4ilytystila<\/li>\n<li>Kokoonpano vaaditaan: Kyll\u00e4<\/li>\n<\/ul>\n","protected":false},"excerpt":{"rendered":"<ul>\n<li>V\u00e4ri: Musta tammi.<\/li>\n<li>Materiaali: Tekninen puu<\/li>\n<li>Yleiset mitat: 60 x 24 x 203 cm (P x L x K)<\/li>\n<li>6 hyllyill\u00e4<\/li>\n<li>S\u00e4ilytysm\u00e4\u00e4r\u00e4: 6<\/li>\n<li>S\u00e4ilytystila<\/li>\n<li>Kokoonpano vaaditaan: Kyll\u00e4<\/li>\n<\/ul>\n","protected":false},"featured_media":100000201038,"comment_status":"closed","ping_status":"closed","template":"","meta":[],"product_brand":[],"product_cat":[84,8547],"product_tag":[],"class_list":{"0":"post-201038","1":"product","2":"type-product","3":"status-publish","4":"has-post-thumbnail","6":"product_cat-huonekalut","7":"product_cat-kirjahyllyt","9":"first","10":"instock","11":"taxable","12":"shipping-taxable","13":"purchasable","14":"product-type-simple"},"_links":{"self":[{"href":"https:\/\/www.otiumhome.fi\/index.php\/wp-json\/wp\/v2\/product\/201038","targetHints":{"allow":["GET"]}}],"collection":[{"href":"https:\/\/www.otiumhome.fi\/index.php\/wp-json\/wp\/v2\/product"}],"about":[{"href":"https:\/\/www.otiumhome.fi\/index.php\/wp-json\/wp\/v2\/types\/product"}],"replies":[{"embeddable":true,"href":"https:\/\/www.otiumhome.fi\/index.php\/wp-json\/wp\/v2\/comments?post=201038"}],"wp:featuredmedia":[{"embeddable":true,"href":"https:\/\/www.otiumhome.fi\/index.php\/wp-json\/"}],"wp:attachment":[{"href":"https:\/\/www.otiumhome.fi\/index.php\/wp-json\/wp\/v2\/media?parent=201038"}],"wp:term":[{"taxonomy":"product_brand","embeddable":true,"href":"https:\/\/www.otiumhome.fi\/index.php\/wp-json\/wp\/v2\/product_brand?post=201038"},{"taxonomy":"product_cat","embeddable":true,"href":"https:\/\/www.otiumhome.fi\/index.php\/wp-json\/wp\/v2\/product_cat?post=201038"},{"taxonomy":"product_tag","embeddable":true,"href":"https:\/\/www.otiumhome.fi\/index.php\/wp-json\/wp\/v2\/product_tag?post=201038"}],"curies":[{"name":"wp","href":"https:\/\/api.w.org\/{rel}","templated":true}]}}