{"id":201013,"date":"2025-12-24T19:19:01","date_gmt":"2025-12-24T19:19:01","guid":{"rendered":"https:\/\/www.otiumhome.fi\/?p=201013"},"modified":"2025-12-30T11:36:01","modified_gmt":"2025-12-30T11:36:01","slug":"kirjahylly-musta-tammi-40-x-30-x-109-cm-tekninen-puu","status":"publish","type":"product","link":"https:\/\/www.otiumhome.fi\/index.php\/tuote\/kirjahylly-musta-tammi-40-x-30-x-109-cm-tekninen-puu\/","title":{"rendered":"Kirjahylly Musta tammi. 40 x 30 x 109 cm Tekninen puu"},"content":{"rendered":"<p>T\u00e4ss\u00e4 on moderni suorakaiteen muotoinen kirjahylly, joka on irrallinen s\u00e4ilytysyksikk\u00f6. Se yhdist\u00e4\u00e4 sek\u00e4 tyylin ett\u00e4 j\u00e4rjestyksen, ollen t\u00e4ydellinen vaihtoehto kirjojen ja koriste-esineiden esittelyyn. Puhtaat linjat ja minimalistinen tyyli tekev\u00e4t t\u00e4st\u00e4 kirjahyllyst\u00e4 erinomaisen valinnan contemporary-kotisi sisuspuolelle. Insin\u00f6\u00f6ripuun hyllyt ja musta ter\u00e4srunko antavat sille tyylikk\u00e4\u00e4n ilmeen, joka varmasti vet\u00e4\u00e4 katseita puoleensa. T\u00e4m\u00e4n hyllyn avulla saat ripauksen eleganssia olohuoneeseesi tai ty\u00f6huoneeseesi.<\/p>\n<ul>\n<li><b>Insin\u00f6\u00f6ripuun hyllyt:<\/b> N\u00e4m\u00e4 hyllyt ovat kest\u00e4vi\u00e4 ja ymp\u00e4rist\u00f6yst\u00e4v\u00e4llisi\u00e4. Materiaalin sile\u00e4 pinta takaa, ett\u00e4 kirjat ja koristeet pysyv\u00e4t tukevasti paikoillaan. Kosteudenkest\u00e4v\u00e4 runko pit\u00e4\u00e4 huolen siit\u00e4, ett\u00e4 kauneus ja toimivuus s\u00e4ilyv\u00e4t pitk\u00e4\u00e4n.<\/li>\n<li><b>Ter\u00e4srunko:<\/b> Musta ter\u00e4s runko tuo modernia ilmett\u00e4 ja tarjoaa loistavan vakauden. T\u00e4m\u00e4 kest\u00e4v\u00e4 runko est\u00e4\u00e4 heilumisen, mik\u00e4 lis\u00e4\u00e4 luotettavuutta arvokkaiden esineiden s\u00e4ilytyksess\u00e4.<\/li>\n<li><b>Suorakaiteen muoto &amp; suunnittelu:<\/b> Suorakaiteen muoto tekee hyllyst\u00e4 monik\u00e4ytt\u00f6isen. Sen yksinkertainen ja suora muotoilu t\u00e4ydent\u00e4\u00e4 monia sisustustyylej\u00e4, teollisista loft-tyyleist\u00e4 moderneihin huoneistoihin. Loistava valinta niille, jotka arvostavat elegancea ilman turhaa koristelua.<\/li>\n<li><b>Runsaasti s\u00e4ilytystilaa:<\/b> T\u00e4m\u00e4n kirjahyllyn monilla hyllyill\u00e4 on runsaasti tilaa kirjoille, kuvakehyksille ja koristeesineille, pit\u00e4en kaiken j\u00e4rjestyksess\u00e4. Avoin muotoilu tekee tavaroiden hakemisesta helppoa ja auttaa pit\u00e4m\u00e4\u00e4n ymp\u00e4rist\u00f6n siistin\u00e4.<\/li>\n<li><b>Yksinkertainen kokoaminen:<\/b> Tarvikkeet ovat mukana, joten pystyt kirjahyllyn nopeasti. Selke\u00e4t ohjeet ohjaavat kokoamisen l\u00e4pi, ja tarvitset vain perusv\u00e4lineet ja kaverin, niin saat kirjahyllyn valmiiksi ilman turhaa vaivann\u00e4k\u00f6\u00e4.<\/li>\n<\/ul>\n<ul>\n<li>V\u00e4ri: Musta tammi.<\/li>\n<li>Materiaali: Tekninen puu<\/li>\n<li>Yleiset mitat: 40 x 30 x 109 cm (P x L x K)<\/li>\n<li>3 hyllyill\u00e4<\/li>\n<li>S\u00e4ilytysm\u00e4\u00e4r\u00e4: 3<\/li>\n<li>S\u00e4ilytystila<\/li>\n<li>Kokoonpano vaaditaan: Kyll\u00e4<\/li>\n<\/ul>\n","protected":false},"excerpt":{"rendered":"<ul>\n<li>V\u00e4ri: Musta tammi.<\/li>\n<li>Materiaali: Tekninen puu<\/li>\n<li>Yleiset mitat: 40 x 30 x 109 cm (P x L x K)<\/li>\n<li>3 hyllyill\u00e4<\/li>\n<li>S\u00e4ilytysm\u00e4\u00e4r\u00e4: 3<\/li>\n<li>S\u00e4ilytystila<\/li>\n<li>Kokoonpano vaaditaan: Kyll\u00e4<\/li>\n<\/ul>\n","protected":false},"featured_media":100000201013,"comment_status":"closed","ping_status":"closed","template":"","meta":[],"product_brand":[],"product_cat":[84,8547],"product_tag":[],"class_list":{"0":"post-201013","1":"product","2":"type-product","3":"status-publish","4":"has-post-thumbnail","6":"product_cat-huonekalut","7":"product_cat-kirjahyllyt","9":"first","10":"instock","11":"taxable","12":"shipping-taxable","13":"purchasable","14":"product-type-simple"},"_links":{"self":[{"href":"https:\/\/www.otiumhome.fi\/index.php\/wp-json\/wp\/v2\/product\/201013","targetHints":{"allow":["GET"]}}],"collection":[{"href":"https:\/\/www.otiumhome.fi\/index.php\/wp-json\/wp\/v2\/product"}],"about":[{"href":"https:\/\/www.otiumhome.fi\/index.php\/wp-json\/wp\/v2\/types\/product"}],"replies":[{"embeddable":true,"href":"https:\/\/www.otiumhome.fi\/index.php\/wp-json\/wp\/v2\/comments?post=201013"}],"wp:featuredmedia":[{"embeddable":true,"href":"https:\/\/www.otiumhome.fi\/index.php\/wp-json\/"}],"wp:attachment":[{"href":"https:\/\/www.otiumhome.fi\/index.php\/wp-json\/wp\/v2\/media?parent=201013"}],"wp:term":[{"taxonomy":"product_brand","embeddable":true,"href":"https:\/\/www.otiumhome.fi\/index.php\/wp-json\/wp\/v2\/product_brand?post=201013"},{"taxonomy":"product_cat","embeddable":true,"href":"https:\/\/www.otiumhome.fi\/index.php\/wp-json\/wp\/v2\/product_cat?post=201013"},{"taxonomy":"product_tag","embeddable":true,"href":"https:\/\/www.otiumhome.fi\/index.php\/wp-json\/wp\/v2\/product_tag?post=201013"}],"curies":[{"name":"wp","href":"https:\/\/api.w.org\/{rel}","templated":true}]}}