{"id":200977,"date":"2025-12-24T19:07:42","date_gmt":"2025-12-24T19:07:42","guid":{"rendered":"https:\/\/www.otiumhome.fi\/?p=200977"},"modified":"2025-12-26T05:58:43","modified_gmt":"2025-12-26T05:58:43","slug":"kirjahylly-musta-tammi-86-x-255-x-140-cm-tekninen-puu","status":"publish","type":"product","link":"https:\/\/www.otiumhome.fi\/index.php\/tuote\/kirjahylly-musta-tammi-86-x-255-x-140-cm-tekninen-puu\/","title":{"rendered":"Kirjahylly Musta tammi. 86 x 25,5 x 140 cm Tekninen puu"},"content":{"rendered":"<p>T\u00e4m\u00e4 tyylik\u00e4s kirjahylly tarjoaa upean paikan kirjojen ja rakastettujen tavaroiden esittelyyn olohuoneessasi. Moderni muotoilu ja teknisest\u00e4 puusta valmistetut hyllyt tukevat sisustustasi kauniisti. Tilavat hyllyt ovat t\u00e4ydellisi\u00e4 minimalistisiin tiloihin ja kaupunkikoteihin, joissa tyyli ja k\u00e4yt\u00e4nn\u00f6llisyys yhdistyv\u00e4t t\u00e4ydellisesti.<\/p>\n<ul>\n<li><b>Kest\u00e4v\u00e4 materiaali:<\/b> Teknist\u00e4 puuta on k\u00e4ytetty t\u00e4ss\u00e4 kirjahyllyss\u00e4, joka kest\u00e4\u00e4 p\u00e4ivitt\u00e4ist\u00e4 k\u00e4ytt\u00f6\u00e4 ja pit\u00e4\u00e4 ulkon\u00e4\u00f6ns\u00e4. Kulutuskest\u00e4vyys takaa pitk\u00e4ik\u00e4isyyden, ja hyllyt soveltuvat sek\u00e4 suurille ett\u00e4 herkille esineille.<\/li>\n<li><b>Jousto hyllyiss\u00e4:<\/b> Levyhyllyt on helppo muokata esillepanoon tai s\u00e4ilytykseen. Yksinkertainen muotoilu tekee kirjojen ja koriste-esineiden j\u00e4rjest\u00e4misest\u00e4 helppoa.<\/li>\n<li><b>Nykyaikainen estetiikka:<\/b> Siistien linjojen ja v\u00e4h\u00e4isten koristeiden ansiosta voit nostaa huoneen ilmeen samalla kun s\u00e4ilyt\u00e4t sisustuksen yhten\u00e4isyyden. Suunniteltu moderniin tilaan, sen elegantti muotoilu sopii eri tyyleihin ja edist\u00e4\u00e4 rauhallista ymp\u00e4rist\u00f6\u00e4.<\/li>\n<li><b>S\u00e4\u00e4st\u00e4v\u00e4inen muotoilu:<\/b> T\u00e4m\u00e4 kirjahylly auttaa maksimoimaan k\u00e4ytett\u00e4v\u00e4n tilan, mik\u00e4 on t\u00e4ydellist\u00e4 koteihin, joissa on rajallisesti tilaa. Muoto ja viimeistely sulautuvat vaivatta pieniin tiloihin, samalla tarjoten riitt\u00e4v\u00e4sti s\u00e4ilytysratkaisuja.<\/li>\n<li><b>Yksinkertainen huolto:<\/b> Pitk\u00e4aikainen k\u00e4ytt\u00f6 vaatii vain p\u00f6ly\u00e4mist\u00e4 kuivan liinan kanssa, ja voimakkaita kemikaaleja tulisi v\u00e4ltt\u00e4\u00e4, jotta se pysyisi kauniina pidemp\u00e4\u00e4n. N\u00e4m\u00e4 yksinkertaiset huoltok\u00e4yt\u00e4nn\u00f6t mahdollistavat t\u00e4yden potentiaalin nauttimisen.<\/li>\n<\/ul>\n<ul>\n<li>V\u00e4ri: Musta tammi.<\/li>\n<li>Materiaali: Tekninen puu<\/li>\n<li>Yleiset mitat: 86 x 25,5 x 140 cm (P x L x K)<\/li>\n<li>13 hyllyill\u00e4<\/li>\n<li>S\u00e4ilytysm\u00e4\u00e4r\u00e4: 13<\/li>\n<li>Runsaasti s\u00e4ilytystilaa<\/li>\n<li>Kest\u00e4v\u00e4<\/li>\n<li>Enimm\u00e4ispaino: 260 kg<\/li>\n<li>Kokoonpano vaaditaan: Kyll\u00e4<\/li>\n<\/ul>\n","protected":false},"excerpt":{"rendered":"<ul>\n<li>V\u00e4ri: Musta tammi.<\/li>\n<li>Materiaali: Tekninen puu<\/li>\n<li>Yleiset mitat: 86 x 25,5 x 140 cm (P x L x K)<\/li>\n<li>13 hyllyill\u00e4<\/li>\n<li>S\u00e4ilytysm\u00e4\u00e4r\u00e4: 13<\/li>\n<li>Runsaasti s\u00e4ilytystilaa<\/li>\n<li>Kest\u00e4v\u00e4<\/li>\n<li>Enimm\u00e4ispaino: 260 kg<\/li>\n<li>Kokoonpano vaaditaan: Kyll\u00e4<\/li>\n<\/ul>\n","protected":false},"featured_media":100000200977,"comment_status":"closed","ping_status":"closed","template":"","meta":[],"product_brand":[],"product_cat":[84,8547],"product_tag":[],"class_list":{"0":"post-200977","1":"product","2":"type-product","3":"status-publish","4":"has-post-thumbnail","6":"product_cat-huonekalut","7":"product_cat-kirjahyllyt","9":"first","10":"instock","11":"taxable","12":"shipping-taxable","13":"purchasable","14":"product-type-simple"},"_links":{"self":[{"href":"https:\/\/www.otiumhome.fi\/index.php\/wp-json\/wp\/v2\/product\/200977","targetHints":{"allow":["GET"]}}],"collection":[{"href":"https:\/\/www.otiumhome.fi\/index.php\/wp-json\/wp\/v2\/product"}],"about":[{"href":"https:\/\/www.otiumhome.fi\/index.php\/wp-json\/wp\/v2\/types\/product"}],"replies":[{"embeddable":true,"href":"https:\/\/www.otiumhome.fi\/index.php\/wp-json\/wp\/v2\/comments?post=200977"}],"wp:featuredmedia":[{"embeddable":true,"href":"https:\/\/www.otiumhome.fi\/index.php\/wp-json\/"}],"wp:attachment":[{"href":"https:\/\/www.otiumhome.fi\/index.php\/wp-json\/wp\/v2\/media?parent=200977"}],"wp:term":[{"taxonomy":"product_brand","embeddable":true,"href":"https:\/\/www.otiumhome.fi\/index.php\/wp-json\/wp\/v2\/product_brand?post=200977"},{"taxonomy":"product_cat","embeddable":true,"href":"https:\/\/www.otiumhome.fi\/index.php\/wp-json\/wp\/v2\/product_cat?post=200977"},{"taxonomy":"product_tag","embeddable":true,"href":"https:\/\/www.otiumhome.fi\/index.php\/wp-json\/wp\/v2\/product_tag?post=200977"}],"curies":[{"name":"wp","href":"https:\/\/api.w.org\/{rel}","templated":true}]}}