{"id":200968,"date":"2025-12-24T19:07:39","date_gmt":"2025-12-24T19:07:39","guid":{"rendered":"https:\/\/www.otiumhome.fi\/?p=200968"},"modified":"2025-12-26T05:58:28","modified_gmt":"2025-12-26T05:58:28","slug":"kirjahylly-musta-tammi-36-x-30-x-171-cm-tekninen-puu","status":"publish","type":"product","link":"https:\/\/www.otiumhome.fi\/index.php\/tuote\/kirjahylly-musta-tammi-36-x-30-x-171-cm-tekninen-puu\/","title":{"rendered":"Kirjahylly Musta tammi. 36 x 30 x 171 cm Tekninen puu"},"content":{"rendered":"<p>T\u00e4m\u00e4 moderni MDF-kirjahylly tuo tyylikkyytt\u00e4 mihin tahansa olohuoneeseen. Yksinkertainen ja minimalistinen muotoilu sulautuu hyvin nykyaikaisiin sisustuksiin, tarjoten sek\u00e4 k\u00e4yt\u00e4nn\u00f6llisyytt\u00e4 ett\u00e4 visuaalista vieh\u00e4tyst\u00e4. Sen vapaasti seisova rakenne mahdollistaa joustavan sijoittelun eri tiloissa, mik\u00e4 tekee siit\u00e4 t\u00e4ydellisen valinnan kotiin tai toimistoon.<\/p>\n<ul>\n<li><b>Kest\u00e4v\u00e4 tekninen puu:<\/b> Kirjahylly on tehty laadukkaasta teknisest\u00e4 puusta, joka kest\u00e4\u00e4 hyvin p\u00e4ivitt\u00e4ist\u00e4 k\u00e4ytt\u00f6\u00e4 ja s\u00e4ilytt\u00e4\u00e4 samalla tyylikk\u00e4\u00e4n ilmeen. T\u00e4m\u00e4 materiaali takaa, ett\u00e4 huonekalu n\u00e4ytt\u00e4\u00e4 hyv\u00e4lt\u00e4 pitk\u00e4n aikaa.<\/li>\n<li><b>S\u00e4\u00e4dett\u00e4v\u00e4 hyllyst\u00f6:<\/b> T\u00e4ss\u00e4 kirjahyllyss\u00e4 on s\u00e4\u00e4dett\u00e4v\u00e4t hyllyt, joten voit muokata tilaa erilaisten kirjojen ja koristeiden mukaan, mik\u00e4 helpottaa j\u00e4rjestely\u00e4 ja optimoi tilank\u00e4yt\u00f6n.<\/li>\n<li><b>Runsaasti s\u00e4ilytystilaa:<\/b> T\u00e4m\u00e4 kirjahylly tarjoaa paljon tilaa kirjoille, valokuville ja koriste-esineille. Suorakaiteen muotoiset hyllyt auttavat pit\u00e4m\u00e4\u00e4n asiat j\u00e4rjestyksess\u00e4 ja helposti saatavilla.<\/li>\n<li><b>Tyylik\u00e4s moderni muotoilu:<\/b> T\u00e4m\u00e4n kirjahyllyn modernit linjat ja sile\u00e4 pinta tekev\u00e4t siit\u00e4 houkuttelevan lis\u00e4n mihin tahansa tilaan. Se t\u00e4ydent\u00e4\u00e4 eri sisustustyylej\u00e4 ja on ikimuistoinen elementti.<\/li>\n<li><b>Helppo yll\u00e4pito:<\/b> Pid\u00e4 kirjahyllysi siistin\u00e4 pyyhkim\u00e4ll\u00e4 pinnat kuivalla liinalla. T\u00e4m\u00e4 helppo hoito varmistaa, ett\u00e4 se pysyy hyv\u00e4ss\u00e4 kunnossa vuosia.<\/li>\n<\/ul>\n<ul>\n<li>V\u00e4ri: Musta tammi.<\/li>\n<li>Materiaali: Tekninen puu<\/li>\n<li>Yleiset mitat: 36 x 30 x 171 cm (P x L x K)<\/li>\n<li>4 hyllyill\u00e4<\/li>\n<li>S\u00e4ilytysm\u00e4\u00e4r\u00e4: 6<\/li>\n<li>Laatikolla<\/li>\n<li>Runsaasti s\u00e4ilytystilaa<\/li>\n<li>Kest\u00e4v\u00e4<\/li>\n<li>Enimm\u00e4ispaino: 150 kg<\/li>\n<li>Kokoonpano vaaditaan: Kyll\u00e4<\/li>\n<\/ul>\n","protected":false},"excerpt":{"rendered":"<ul>\n<li>V\u00e4ri: Musta tammi.<\/li>\n<li>Materiaali: Tekninen puu<\/li>\n<li>Yleiset mitat: 36 x 30 x 171 cm (P x L x K)<\/li>\n<li>4 hyllyill\u00e4<\/li>\n<li>S\u00e4ilytysm\u00e4\u00e4r\u00e4: 6<\/li>\n<li>Laatikolla<\/li>\n<li>Runsaasti s\u00e4ilytystilaa<\/li>\n<li>Kest\u00e4v\u00e4<\/li>\n<li>Enimm\u00e4ispaino: 150 kg<\/li>\n<li>Kokoonpano vaaditaan: Kyll\u00e4<\/li>\n<\/ul>\n","protected":false},"featured_media":100000200968,"comment_status":"closed","ping_status":"closed","template":"","meta":[],"product_brand":[],"product_cat":[84,8547],"product_tag":[],"class_list":{"0":"post-200968","1":"product","2":"type-product","3":"status-publish","4":"has-post-thumbnail","6":"product_cat-huonekalut","7":"product_cat-kirjahyllyt","9":"first","10":"instock","11":"taxable","12":"shipping-taxable","13":"purchasable","14":"product-type-simple"},"_links":{"self":[{"href":"https:\/\/www.otiumhome.fi\/index.php\/wp-json\/wp\/v2\/product\/200968","targetHints":{"allow":["GET"]}}],"collection":[{"href":"https:\/\/www.otiumhome.fi\/index.php\/wp-json\/wp\/v2\/product"}],"about":[{"href":"https:\/\/www.otiumhome.fi\/index.php\/wp-json\/wp\/v2\/types\/product"}],"replies":[{"embeddable":true,"href":"https:\/\/www.otiumhome.fi\/index.php\/wp-json\/wp\/v2\/comments?post=200968"}],"wp:featuredmedia":[{"embeddable":true,"href":"https:\/\/www.otiumhome.fi\/index.php\/wp-json\/"}],"wp:attachment":[{"href":"https:\/\/www.otiumhome.fi\/index.php\/wp-json\/wp\/v2\/media?parent=200968"}],"wp:term":[{"taxonomy":"product_brand","embeddable":true,"href":"https:\/\/www.otiumhome.fi\/index.php\/wp-json\/wp\/v2\/product_brand?post=200968"},{"taxonomy":"product_cat","embeddable":true,"href":"https:\/\/www.otiumhome.fi\/index.php\/wp-json\/wp\/v2\/product_cat?post=200968"},{"taxonomy":"product_tag","embeddable":true,"href":"https:\/\/www.otiumhome.fi\/index.php\/wp-json\/wp\/v2\/product_tag?post=200968"}],"curies":[{"name":"wp","href":"https:\/\/api.w.org\/{rel}","templated":true}]}}