{"id":200874,"date":"2025-12-24T16:27:46","date_gmt":"2025-12-24T16:27:46","guid":{"rendered":"https:\/\/www.otiumhome.fi\/?p=200874"},"modified":"2025-12-25T06:53:11","modified_gmt":"2025-12-25T06:53:11","slug":"kirjahylly-artesaani-tammi-40-x-35-x-180-cm-tekninen-puu","status":"publish","type":"product","link":"https:\/\/www.otiumhome.fi\/index.php\/tuote\/kirjahylly-artesaani-tammi-40-x-35-x-180-cm-tekninen-puu\/","title":{"rendered":"Kirjahylly artesaani tammi 40 x 35 x 180 cm Tekninen puu"},"content":{"rendered":"<p>T\u00e4m\u00e4 moderni kirjahyllykaappi on hienostunut lis\u00e4 mihin tahansa kodin sisustukseen, sulautuen saumattomasti sek\u00e4 olohuoneisiin ett\u00e4 makuuhuoneisiin. Selke\u00e4t linjat, jotka osoittavat hienostunutta makua muotoilussa, tekev\u00e4t t\u00e4st\u00e4 kaapista t\u00e4ydellisen kirjojen, taideteosten ja koriste-esineiden j\u00e4rjest\u00e4miseen ja esille tuomiseen. Valmistettu teknisest\u00e4 puusta, sen kest\u00e4v\u00e4 rakenne palvelee nykyaikaista el\u00e4m\u00e4\u00e4, varmistaen, ett\u00e4 se pysyy ajattomana kappaleena tilassasi.<\/p>\n<p> <b>Materiaalit:<\/b> T\u00e4m\u00e4 kirjahyllykaappi on valmistettu teknisest\u00e4 puusta, tarjoten tyylikk\u00e4\u00e4n mutta kest\u00e4v\u00e4n viimeistelyn. Suunniteltu sopimaan sek\u00e4 nykyaikaisiin ett\u00e4 perinteisiin ymp\u00e4rist\u00f6ihin, materiaali varmistaa vakautta ja pitk\u00e4n k\u00e4ytt\u00f6i\u00e4n, vastustamalla taipumista ja kulumista ajan my\u00f6t\u00e4. T\u00e4m\u00e4 tekee siit\u00e4 arvokkaan huonekalun kodeissa, jotka arvostavat sek\u00e4 tyyli\u00e4 ett\u00e4 toimintaa.,<b>Sis\u00e4ltyv\u00e4t komponentit:<\/b> Toimitetaan yhten\u00e4 kappaleena, t\u00e4m\u00e4 kaappi sis\u00e4lt\u00e4\u00e4 useita hyllyj\u00e4, jotka ovat t\u00e4ydellisi\u00e4 s\u00e4ilytt\u00e4m\u00e4\u00e4n mit\u00e4 tahansa kirjoista koriste-esineisiin. Sen hyvin harkittu muotoilu varmistaa, ett\u00e4 jokainen hylly on t\u00e4ydellisesti sijoitettu, tarjoten joustavuutta varastoida erikokoisia ja -korkuisia esineit\u00e4, mukautuen henkil\u00f6kohtaisiin tarpeisiisi tyylikk\u00e4\u00e4sti.,<b>Ominaisuudet \/ Toiminta \/ Muotoilu:<\/b> Tarjoaa runsaasti s\u00e4ilytystilaa, t\u00e4m\u00e4 kaappi on suunniteltu tarjoamaan merkitt\u00e4v\u00e4sti tilaa tinkim\u00e4tt\u00e4 tyylist\u00e4. Sen korkeampi rakenne tarkoittaa, ett\u00e4 voit luovasti optimoida sein\u00e4tilan, tehden siit\u00e4 ihanteellisen ratkaisun sekasorlle ja minimalistisen mutta koristeellisen esillepanon luomiselle. T\u00e4m\u00e4 on lis\u00e4ksi vahvistettu sen kest\u00e4v\u00e4st\u00e4 rakenteesta, joka takaa kest\u00e4v\u00e4n tuen useille esineille.,<b>Suositellut k\u00e4ytt\u00f6tavat:<\/b> Ihanteellinen olohuoneisiin, makuuhuoneisiin tai jopa kotitoimistoihin, kaapin yksinkertainen mutta toiminnallinen muotoilu t\u00e4ydent\u00e4\u00e4 monenlaisia tyylej\u00e4, ultra-modernista hillittyyn eleganssiin. Se on t\u00e4ydellinen koriste-esineiden ja k\u00e4yt\u00e4nn\u00f6n v\u00e4ltt\u00e4m\u00e4tt\u00f6myyksien s\u00e4ilytt\u00e4miseen, tarjoten monipuolisen s\u00e4ilytysratkaisun mihin tahansa tilaan.,<b>Hoito &amp; yll\u00e4pito:<\/b> Jotta kirjahyllysi n\u00e4ytt\u00e4isi erinomaiselta, on t\u00e4rke\u00e4\u00e4 kiinnitt\u00e4\u00e4 se sein\u00e4\u00e4n turvallisuusmittana kaatumisen est\u00e4miseksi. S\u00e4\u00e4nn\u00f6llinen p\u00f6lytt\u00e4minen varmistaa, ett\u00e4 pinnat pysyv\u00e4t puhtaina ja roskattomina, s\u00e4ilytt\u00e4en sen kiilt\u00e4v\u00e4n ulkon\u00e4\u00f6n ja rakenteellisen eheyden ajan my\u00f6t\u00e4 v\u00e4h\u00e4isell\u00e4 vaivalla. <\/p>\n<ul>\n<li>V\u00e4ri: Artesaani tammi<\/li>\n<li>Materiaali: Tekninen puu<\/li>\n<li>Yleiset mitat: 40 x 35 x 180 cm (P x L x K)<\/li>\n<li>Hyllyll\u00e4<\/li>\n<li>Laatikolla<\/li>\n<li>Runsaasti s\u00e4ilytystilaa<\/li>\n<li>Kest\u00e4v\u00e4<\/li>\n<li>Kokoonpano vaaditaan: Kyll\u00e4<\/li>\n<\/ul>\n","protected":false},"excerpt":{"rendered":"<ul>\n<li>V\u00e4ri: Artesaani tammi<\/li>\n<li>Materiaali: Tekninen puu<\/li>\n<li>Yleiset mitat: 40 x 35 x 180 cm (P x L x K)<\/li>\n<li>Hyllyll\u00e4<\/li>\n<li>Laatikolla<\/li>\n<li>Runsaasti s\u00e4ilytystilaa<\/li>\n<li>Kest\u00e4v\u00e4<\/li>\n<li>Kokoonpano vaaditaan: Kyll\u00e4<\/li>\n<\/ul>\n","protected":false},"featured_media":100000200874,"comment_status":"closed","ping_status":"closed","template":"","meta":[],"product_brand":[],"product_cat":[84,8547],"product_tag":[],"class_list":{"0":"post-200874","1":"product","2":"type-product","3":"status-publish","4":"has-post-thumbnail","6":"product_cat-huonekalut","7":"product_cat-kirjahyllyt","9":"first","10":"instock","11":"taxable","12":"shipping-taxable","13":"purchasable","14":"product-type-simple"},"_links":{"self":[{"href":"https:\/\/www.otiumhome.fi\/index.php\/wp-json\/wp\/v2\/product\/200874","targetHints":{"allow":["GET"]}}],"collection":[{"href":"https:\/\/www.otiumhome.fi\/index.php\/wp-json\/wp\/v2\/product"}],"about":[{"href":"https:\/\/www.otiumhome.fi\/index.php\/wp-json\/wp\/v2\/types\/product"}],"replies":[{"embeddable":true,"href":"https:\/\/www.otiumhome.fi\/index.php\/wp-json\/wp\/v2\/comments?post=200874"}],"wp:featuredmedia":[{"embeddable":true,"href":"https:\/\/www.otiumhome.fi\/index.php\/wp-json\/"}],"wp:attachment":[{"href":"https:\/\/www.otiumhome.fi\/index.php\/wp-json\/wp\/v2\/media?parent=200874"}],"wp:term":[{"taxonomy":"product_brand","embeddable":true,"href":"https:\/\/www.otiumhome.fi\/index.php\/wp-json\/wp\/v2\/product_brand?post=200874"},{"taxonomy":"product_cat","embeddable":true,"href":"https:\/\/www.otiumhome.fi\/index.php\/wp-json\/wp\/v2\/product_cat?post=200874"},{"taxonomy":"product_tag","embeddable":true,"href":"https:\/\/www.otiumhome.fi\/index.php\/wp-json\/wp\/v2\/product_tag?post=200874"}],"curies":[{"name":"wp","href":"https:\/\/api.w.org\/{rel}","templated":true}]}}