{"id":200868,"date":"2025-12-24T16:21:46","date_gmt":"2025-12-24T16:21:46","guid":{"rendered":"https:\/\/www.otiumhome.fi\/?p=200868"},"modified":"2025-12-26T05:59:10","modified_gmt":"2025-12-26T05:59:10","slug":"kirjahylly-artisan-tammi-40-x-35-x-180-cm-tekninen-puu","status":"publish","type":"product","link":"https:\/\/www.otiumhome.fi\/index.php\/tuote\/kirjahylly-artisan-tammi-40-x-35-x-180-cm-tekninen-puu\/","title":{"rendered":"Kirjahylly Artisan tammi 40 x 35 x 180 cm Tekninen puu"},"content":{"rendered":"<p>T\u00e4m\u00e4 moderni kirjahylly toimii tyylikk\u00e4\u00e4n\u00e4 keskipisteen\u00e4 miss\u00e4 tahansa olohuoneessa. Sen tyylik\u00e4s suorakaiteen muotoilu sopii t\u00e4ydellisesti moderniin sisustukseen ja tarjoaa sek\u00e4 k\u00e4yt\u00e4nn\u00f6llisyytt\u00e4 ett\u00e4 tyyli\u00e4. Kest\u00e4v\u00e4 tekninen puu on materiaalina luotettava vaihtoehto kirjojen ja koriste-esineiden s\u00e4ilytykseen. T\u00e4m\u00e4 vapaan seisovan kirjahyllyn minimalistinen muoto lis\u00e4\u00e4 tilan tunnelmaa, tuoden samalla ripauksen hienostuneisuutta ja runsaasti s\u00e4ilytystilaa.<\/p>\n<ul>\n<li><b>Kest\u00e4v\u00e4 tekninen puu:<\/b> Laadukkaasta teknisest\u00e4 puusta valmistettu kirjahylly takaa pitk\u00e4ik\u00e4isyyden ja pystyy tukemaan kokoelmaasi kirjoista ja koristeista. Tekninen materiaali kest\u00e4\u00e4 aikaa ja varmistaa, ett\u00e4 yksikk\u00f6si on aina luotettava ja esteettisesti miellytt\u00e4v\u00e4.<\/li>\n<li><b>Tilavat levyhyllyt:<\/b> Varustettuna hyllyill\u00e4, t\u00e4m\u00e4 yksikk\u00f6 tarjoaa runsaasti tilaa kirjojasi ja suosikkikoristeita varten. Jokainen hylly on suunniteltu kest\u00e4m\u00e4\u00e4n painoa tehokkaasti, antaa tilaa luovalle koristelulle ja organisoinnille.<\/li>\n<li><b>Moderni tyyli:<\/b> Moderni muotoilu n\u00e4kyy siisteiss\u00e4, ter\u00e4viss\u00e4 linjoissa, jotka tuovat yksinkertaisuutta ja k\u00e4yt\u00e4nn\u00f6llisyytt\u00e4. T\u00e4m\u00e4 tyyli sopii moneen nykyaikaiseen sisustukseen, ollen sek\u00e4 tyylik\u00e4s ett\u00e4 k\u00e4yt\u00e4nn\u00f6llinen lis\u00e4 mihin tahansa huoneeseen.<\/li>\n<li><b>Vakaampi rakenne:<\/b> Kirjahyllyn tekninen puuselk\u00e4 takaa vakauden ja tuen. Sen ruskea s\u00e4vy sulautuu muotoiluun t\u00e4ydellisesti, jolloin hylly n\u00e4ytt\u00e4\u00e4 hyv\u00e4lt\u00e4 joka kulmalta.<\/li>\n<li><b>Helppo kokoaminen:<\/b> Toimitetaan yhten\u00e4 yksikk\u00f6n\u00e4, kokoaminen onnistuu kahden henkil\u00f6n ja ruuvimeisselin avulla, tekee prosessista sujuvan. Hyllyn muotoilu ja ohjeet helpottavat asennusta, jotta se voidaan saattaa kotiisi ilman vaivann\u00e4k\u00f6\u00e4.<\/li>\n<\/ul>\n<ul>\n<li>V\u00e4ri: Artisan tammi<\/li>\n<li>Materiaali: Tekninen puu<\/li>\n<li>Yleiset mitat: 40 x 35 x 180 cm (P x L x K)<\/li>\n<li>Mukana 5 levyhyllyt<\/li>\n<li>S\u00e4ilytysm\u00e4\u00e4r\u00e4: 5<\/li>\n<li>Kest\u00e4v\u00e4<\/li>\n<li>Enimm\u00e4ispaino: 60 kg<\/li>\n<li>Kokoonpano vaaditaan: Kyll\u00e4<\/li>\n<\/ul>\n","protected":false},"excerpt":{"rendered":"<ul>\n<li>V\u00e4ri: Artisan tammi<\/li>\n<li>Materiaali: Tekninen puu<\/li>\n<li>Yleiset mitat: 40 x 35 x 180 cm (P x L x K)<\/li>\n<li>Mukana 5 levyhyllyt<\/li>\n<li>S\u00e4ilytysm\u00e4\u00e4r\u00e4: 5<\/li>\n<li>Kest\u00e4v\u00e4<\/li>\n<li>Enimm\u00e4ispaino: 60 kg<\/li>\n<li>Kokoonpano vaaditaan: Kyll\u00e4<\/li>\n<\/ul>\n","protected":false},"featured_media":100000200868,"comment_status":"closed","ping_status":"closed","template":"","meta":[],"product_brand":[],"product_cat":[84,8547],"product_tag":[],"class_list":{"0":"post-200868","1":"product","2":"type-product","3":"status-publish","4":"has-post-thumbnail","6":"product_cat-huonekalut","7":"product_cat-kirjahyllyt","9":"first","10":"instock","11":"taxable","12":"shipping-taxable","13":"purchasable","14":"product-type-simple"},"_links":{"self":[{"href":"https:\/\/www.otiumhome.fi\/index.php\/wp-json\/wp\/v2\/product\/200868","targetHints":{"allow":["GET"]}}],"collection":[{"href":"https:\/\/www.otiumhome.fi\/index.php\/wp-json\/wp\/v2\/product"}],"about":[{"href":"https:\/\/www.otiumhome.fi\/index.php\/wp-json\/wp\/v2\/types\/product"}],"replies":[{"embeddable":true,"href":"https:\/\/www.otiumhome.fi\/index.php\/wp-json\/wp\/v2\/comments?post=200868"}],"wp:featuredmedia":[{"embeddable":true,"href":"https:\/\/www.otiumhome.fi\/index.php\/wp-json\/"}],"wp:attachment":[{"href":"https:\/\/www.otiumhome.fi\/index.php\/wp-json\/wp\/v2\/media?parent=200868"}],"wp:term":[{"taxonomy":"product_brand","embeddable":true,"href":"https:\/\/www.otiumhome.fi\/index.php\/wp-json\/wp\/v2\/product_brand?post=200868"},{"taxonomy":"product_cat","embeddable":true,"href":"https:\/\/www.otiumhome.fi\/index.php\/wp-json\/wp\/v2\/product_cat?post=200868"},{"taxonomy":"product_tag","embeddable":true,"href":"https:\/\/www.otiumhome.fi\/index.php\/wp-json\/wp\/v2\/product_tag?post=200868"}],"curies":[{"name":"wp","href":"https:\/\/api.w.org\/{rel}","templated":true}]}}