{"id":200864,"date":"2025-12-24T16:21:33","date_gmt":"2025-12-24T16:21:33","guid":{"rendered":"https:\/\/www.otiumhome.fi\/?p=200864"},"modified":"2025-12-27T14:32:21","modified_gmt":"2025-12-27T14:32:21","slug":"kirjahylly-vanha-puu-81-x-36-x-176-cm-tekninen-puu","status":"publish","type":"product","link":"https:\/\/www.otiumhome.fi\/index.php\/tuote\/kirjahylly-vanha-puu-81-x-36-x-176-cm-tekninen-puu\/","title":{"rendered":"Kirjahylly Vanha puu 81 x 36 x 176 cm Tekninen puu"},"content":{"rendered":"<p>T\u00e4m\u00e4 puinen kirjahylly yhdist\u00e4\u00e4 kauniisti rustiikkisen vieh\u00e4tyksen urbaaniin k\u00e4yt\u00e4nn\u00f6llisyyteen, mik\u00e4 tekee siit\u00e4 loistavan valinnan, jos etsit tyyli\u00e4 ja toimivuutta olohuoneeseesi. Sen suorakaiteen muotoinen ja vapaasti seisovat hyllyt tarjoavat runsaasti tilaa kirjoille ja koristeille. Teknisen puun ja metallin yhdistelm\u00e4 tuo mukanaan tyylikk\u00e4\u00e4n teollisen vivahteen. Sen kookas muoto erottuu hyvin, olipa se sein\u00e4\u00e4 vasten tai k\u00e4yt\u00f6ss\u00e4 huonejakajana, tuoden raikkaan tunnelman moderneihin sisustuksiin.<\/p>\n<ul>\n<li><b>Materiaalikoostumus:<\/b> T\u00e4m\u00e4 puinen kirjahylly on valmistettu teknisest\u00e4 puusta ja siin\u00e4 on tukevat metallikehykset, jotka tekev\u00e4t siit\u00e4 tyylikk\u00e4\u00e4n ja vahvan paikan kirjojen ja koristeiden s\u00e4ilytt\u00e4miseen. Materiaalit on valittu niiden kest\u00e4vyys ja ulkon\u00e4k\u00f6 mieless\u00e4, joten t\u00e4m\u00e4 kaluste on luotettava ja lis\u00e4\u00e4 rustiikkista tunnelmaa kotiisi.<\/li>\n<li><b>Sis\u00e4lt\u00f6:<\/b> Kirjahyllyss\u00e4mme on tukevat vapaasti seisovat hyllyt, joilla on tyylik\u00e4s musta tolppajalka varmistaen, ett\u00e4 kaikki mit\u00e4 s\u00e4ilyt\u00e4t, on hyvin paikallaan. N\u00e4m\u00e4 ominaisuudet tuovat vakautta ja antavat ajattoman ilmeen, joten se on k\u00e4tev\u00e4 lis\u00e4 mihin tahansa huoneeseen. Jokainen osa on suunniteltu huolellisesti k\u00e4ytett\u00e4vyytt\u00e4 ja mukavuutta ajatellen.<\/li>\n<li><b>Toiminnalliset ominaisuudet:<\/b> T\u00e4m\u00e4 kirjahylly on s\u00e4ilytyksen mestari, tarjoten runsaasti tilaa kirjoille, koristeille tai multimedia-esineille. Suorakaiteen muotonsa ansiosta voit laittaa sen moneen eri paikkaan &#8211; oli se sitten olohuoneen keskipisteen\u00e4 tai muiden huonekalujen vieress\u00e4, se sulautuu eri tyyleihin.<\/li>\n<li><b>Suositellut k\u00e4ytt\u00f6tavat:<\/b> Loistava sek\u00e4 olohuoneisiin ett\u00e4 ty\u00f6huoneisiin, t\u00e4m\u00e4 design yhdist\u00e4\u00e4 toiminnallisuuden ja tyylin, antaen tilaa laittaa oman kosketuksesi lempikirjojesi ja koristeiden kautta. Se on tarpeeksi monipuolinen toimiakseen huonejakajana tai luodakseen mukavan koti-kirjaston, lis\u00e4ten luonteenpiirteit\u00e4 ymp\u00e4rist\u00f6\u00f6si.<\/li>\n<li><b>Hoito ja yll\u00e4pito:<\/b> T\u00e4m\u00e4n kirjahyllyn pit\u00e4minen siistin\u00e4 on helppoa; pyyhi vain nopeasti kuivalla liinalla. Yksinkertainen hoito pysyy oleellisena osana kotiasi vuosia tuoden jatkuvasti k\u00e4yt\u00e4nn\u00f6llisyytt\u00e4 ja kauneutta asuintilaasi.<\/li>\n<\/ul>\n<ul>\n<li>V\u00e4ri: Vanha puu<\/li>\n<li>Materiaali: Tekninen puu<\/li>\n<li>Yleiset mitat: 81 x 36 x 176 cm (P x L x K)<\/li>\n<li>6 hyllyill\u00e4<\/li>\n<li>S\u00e4ilytysm\u00e4\u00e4r\u00e4: 7<\/li>\n<li>S\u00e4ilytystila<\/li>\n<li>Enimm\u00e4ispaino: 140 kg<\/li>\n<li>Kokoonpano vaaditaan: Kyll\u00e4<\/li>\n<\/ul>\n","protected":false},"excerpt":{"rendered":"<ul>\n<li>V\u00e4ri: Vanha puu<\/li>\n<li>Materiaali: Tekninen puu<\/li>\n<li>Yleiset mitat: 81 x 36 x 176 cm (P x L x K)<\/li>\n<li>6 hyllyill\u00e4<\/li>\n<li>S\u00e4ilytysm\u00e4\u00e4r\u00e4: 7<\/li>\n<li>S\u00e4ilytystila<\/li>\n<li>Enimm\u00e4ispaino: 140 kg<\/li>\n<li>Kokoonpano vaaditaan: Kyll\u00e4<\/li>\n<\/ul>\n","protected":false},"featured_media":100000200864,"comment_status":"closed","ping_status":"closed","template":"","meta":[],"product_brand":[],"product_cat":[84,8547],"product_tag":[],"class_list":{"0":"post-200864","1":"product","2":"type-product","3":"status-publish","4":"has-post-thumbnail","6":"product_cat-huonekalut","7":"product_cat-kirjahyllyt","9":"first","10":"instock","11":"taxable","12":"shipping-taxable","13":"purchasable","14":"product-type-simple"},"_links":{"self":[{"href":"https:\/\/www.otiumhome.fi\/index.php\/wp-json\/wp\/v2\/product\/200864","targetHints":{"allow":["GET"]}}],"collection":[{"href":"https:\/\/www.otiumhome.fi\/index.php\/wp-json\/wp\/v2\/product"}],"about":[{"href":"https:\/\/www.otiumhome.fi\/index.php\/wp-json\/wp\/v2\/types\/product"}],"replies":[{"embeddable":true,"href":"https:\/\/www.otiumhome.fi\/index.php\/wp-json\/wp\/v2\/comments?post=200864"}],"wp:featuredmedia":[{"embeddable":true,"href":"https:\/\/www.otiumhome.fi\/index.php\/wp-json\/"}],"wp:attachment":[{"href":"https:\/\/www.otiumhome.fi\/index.php\/wp-json\/wp\/v2\/media?parent=200864"}],"wp:term":[{"taxonomy":"product_brand","embeddable":true,"href":"https:\/\/www.otiumhome.fi\/index.php\/wp-json\/wp\/v2\/product_brand?post=200864"},{"taxonomy":"product_cat","embeddable":true,"href":"https:\/\/www.otiumhome.fi\/index.php\/wp-json\/wp\/v2\/product_cat?post=200864"},{"taxonomy":"product_tag","embeddable":true,"href":"https:\/\/www.otiumhome.fi\/index.php\/wp-json\/wp\/v2\/product_tag?post=200864"}],"curies":[{"name":"wp","href":"https:\/\/api.w.org\/{rel}","templated":true}]}}