{"id":200810,"date":"2025-12-24T09:02:25","date_gmt":"2025-12-24T09:02:25","guid":{"rendered":"https:\/\/www.otiumhome.fi\/?p=200810"},"modified":"2025-12-29T05:34:17","modified_gmt":"2025-12-29T05:34:17","slug":"baaripoyta-musta-tammi-102-x-50-x-1035-cm-tekninen-puu","status":"publish","type":"product","link":"https:\/\/www.otiumhome.fi\/index.php\/tuote\/baaripoyta-musta-tammi-102-x-50-x-1035-cm-tekninen-puu\/","title":{"rendered":"Baarip\u00f6yt\u00e4 Musta tammi. 102 x 50 x 103,5 cm Tekninen puu"},"content":{"rendered":"<p>T\u00e4\u00e4 moderni sein\u00e4p\u00f6yt\u00e4 nostaa sun keitti\u00f6n tai ruokailutilan ulkon\u00e4k\u00f6\u00e4 ja tarjoaa toimivan pinnan moneen menoon. Nopeat muodot ja yksinkertainen muotoilu tuo modernin fiiliksen, joten se istuu loistavasti nykyaikaiseen ymp\u00e4rist\u00f6\u00f6n. Baarip\u00f6yt\u00e4\u00e4 voi k\u00e4ytt\u00e4\u00e4 helposti intiimeiss\u00e4 tilaisuuksissa, rentoina aterioina tai vaikka ty\u00f6tilana kokkailuhetkiin. Tyyli ja k\u00e4yt\u00e4nn\u00f6llisyys sulautuu yhteen, eik\u00e4 se ole vain kaunis, vaan my\u00f6s k\u00e4yt\u00e4nn\u00f6llinen ratkaisu niin juhliin kuin arkeensakin.<\/p>\n<ul><\/br><\/p>\n<li><b>Sulava moderni tyyli:<\/b>T\u00e4ss\u00e4 sein\u00e4p\u00f6yd\u00e4ss\u00e4 on aikakauden muotoilua, selke\u00e4t linjat ja minimalistinen rakenne. T\u00e4ydellinen katseenvangitsija miss\u00e4 tahansa keitti\u00f6ss\u00e4 tai ruokasalissa. Hienostunut esteettisyys tekee siit\u00e4 mukautuvan erilaisiin sisustuksiin, ja se tuo tyylikk\u00e4\u00e4n twistin tiloihin.<\/li>\n<p><\/br><\/p>\n<li><b>K\u00e4yt\u00e4nn\u00f6llinen s\u00e4ilytys:<\/b>Rakenteen hyllyt tarjoavat haitarimaisia s\u00e4ilytysratkaisuja astioille, laseille tai koriste-esineille. Hyllyjen asettelu maksimoi tilank\u00e4yt\u00f6n, joten saat k\u00e4yt\u00e4nn\u00f6llist\u00e4 s\u00e4ilytyst\u00e4 ilman, ett\u00e4 p\u00f6yt\u00e4 menett\u00e4\u00e4 kompaktin ilmeens\u00e4.<\/li>\n<p><\/br><\/p>\n<li><b>Kest\u00e4v\u00e4 rakenne:<\/b>Rakennettu huippuluokan teknisest\u00e4 puusta, p\u00f6yt\u00e4 takaa tukevan ja luotettavan k\u00e4yt\u00f6n. Materiaalin vahvuus tarjoaa vakaan rakenteen, joka kest\u00e4\u00e4 p\u00e4ivitt\u00e4ist\u00e4 k\u00e4ytt\u00f6\u00e4, yhdist\u00e4en toimivuuden ja kest\u00e4vyyden.<\/li>\n<p><\/br><\/p>\n<li><b>Monipuoliset k\u00e4ytt\u00f6mahdollisuudet:<\/b>T\u00e4\u00e4 p\u00f6yt\u00e4 onnistuu sulautumaan moneen eri k\u00e4ytt\u00f6tarkoitukseen keitti\u00f6iss\u00e4 ja ruokailutiloissa, soveltuen erinomaisesti vieraiden viihdytt\u00e4miseen, ruoan nauttimiseen tai ty\u00f6tilana toimimiseen. Sen muunneltavuus on loistava, ja se houkuttelee niit\u00e4, jotka hakee k\u00e4yt\u00e4nn\u00f6llisi\u00e4 ja tyylikkeit\u00e4 kalusteita.<\/li>\n<p><\/br><\/p>\n<li><b>Helppo kokoaminen:<\/b>Kokoaminen on suoraviivaista ja onnistuu vain ruuvimeisselill\u00e4. Kaksi ihmist\u00e4 voi kasata sen nopeasti, valmiina nostamaan sun asuintiloja. T\u00e4\u00e4 helppous tekee siit\u00e4 k\u00e4yt\u00e4nn\u00f6llisen ja k\u00e4ytt\u00e4j\u00e4yst\u00e4v\u00e4llisen vaihtoehdon.<\/li>\n<p><\/br><\/ul>\n<ul>\n<li>V\u00e4ri: Musta tammi.<\/li>\n<li>Materiaali: Tekninen puu<\/li>\n<li>Yleiset mitat: 102 x 50 x 103,5 cm (P x L x K)<\/li>\n<li>Paino: 23,1 kg<\/li>\n<li>S\u00e4ilytystila<\/li>\n<li>3 hyllyill\u00e4<\/li>\n<li>Kehysmateriaali: Tekninen puu<\/li>\n<li>Sis\u00e4- \/ ulkotiloissa: Vain sis\u00e4k\u00e4ytt\u00f6\u00f6n<\/li>\n<li>Toimitus-:<\/li>\n<li>1 x baarip\u00f6yt\u00e4<\/li>\n<li>Kokoonpano vaaditaan: Kyll\u00e4<\/li>\n<\/ul>\n","protected":false},"excerpt":{"rendered":"<ul>\n<li>V\u00e4ri: Musta tammi.<\/li>\n<li>Materiaali: Tekninen puu<\/li>\n<li>Yleiset mitat: 102 x 50 x 103,5 cm (P x L x K)<\/li>\n<li>Paino: 23,1 kg<\/li>\n<li>S\u00e4ilytystila<\/li>\n<li>3 hyllyill\u00e4<\/li>\n<li>Kehysmateriaali: Tekninen puu<\/li>\n<li>Sis\u00e4- \/ ulkotiloissa: Vain sis\u00e4k\u00e4ytt\u00f6\u00f6n<\/li>\n<li>Toimitus-:<\/li>\n<li>1 x baarip\u00f6yt\u00e4<\/li>\n<li>Kokoonpano vaaditaan: Kyll\u00e4<\/li>\n<\/ul>\n","protected":false},"featured_media":100000200810,"comment_status":"closed","ping_status":"closed","template":"","meta":[],"product_brand":[],"product_cat":[84,8543],"product_tag":[],"class_list":{"0":"post-200810","1":"product","2":"type-product","3":"status-publish","4":"has-post-thumbnail","6":"product_cat-huonekalut","7":"product_cat-keittion-ruokapoydat","9":"first","10":"instock","11":"taxable","12":"shipping-taxable","13":"purchasable","14":"product-type-simple"},"_links":{"self":[{"href":"https:\/\/www.otiumhome.fi\/index.php\/wp-json\/wp\/v2\/product\/200810","targetHints":{"allow":["GET"]}}],"collection":[{"href":"https:\/\/www.otiumhome.fi\/index.php\/wp-json\/wp\/v2\/product"}],"about":[{"href":"https:\/\/www.otiumhome.fi\/index.php\/wp-json\/wp\/v2\/types\/product"}],"replies":[{"embeddable":true,"href":"https:\/\/www.otiumhome.fi\/index.php\/wp-json\/wp\/v2\/comments?post=200810"}],"wp:featuredmedia":[{"embeddable":true,"href":"https:\/\/www.otiumhome.fi\/index.php\/wp-json\/"}],"wp:attachment":[{"href":"https:\/\/www.otiumhome.fi\/index.php\/wp-json\/wp\/v2\/media?parent=200810"}],"wp:term":[{"taxonomy":"product_brand","embeddable":true,"href":"https:\/\/www.otiumhome.fi\/index.php\/wp-json\/wp\/v2\/product_brand?post=200810"},{"taxonomy":"product_cat","embeddable":true,"href":"https:\/\/www.otiumhome.fi\/index.php\/wp-json\/wp\/v2\/product_cat?post=200810"},{"taxonomy":"product_tag","embeddable":true,"href":"https:\/\/www.otiumhome.fi\/index.php\/wp-json\/wp\/v2\/product_tag?post=200810"}],"curies":[{"name":"wp","href":"https:\/\/api.w.org\/{rel}","templated":true}]}}