{"id":200805,"date":"2025-12-24T09:02:19","date_gmt":"2025-12-24T09:02:19","guid":{"rendered":"https:\/\/www.otiumhome.fi\/?p=200805"},"modified":"2025-12-28T03:01:44","modified_gmt":"2025-12-28T03:01:44","slug":"baaripoyta-150x70x107-cm-taysi-akasiapuu-ja-rauta","status":"publish","type":"product","link":"https:\/\/www.otiumhome.fi\/index.php\/tuote\/baaripoyta-150x70x107-cm-taysi-akasiapuu-ja-rauta\/","title":{"rendered":"Baarip\u00f6yt\u00e4 150x70x107 cm t\u00e4ysi akasiapuu ja rauta"},"content":{"rendered":"<p>Siemaile lasillinen lempiviini\u00e4si tai nauti mukavasta ateriasta perheesi tai yst\u00e4viesi kanssa t\u00e4m\u00e4n baarip\u00f6yd\u00e4n \u00e4\u00e4rell\u00e4!<\/p>\n<\/p>\n<ul>\n<li>T\u00e4ysi akasiapuu: Baarip\u00f6yd\u00e4n p\u00f6yt\u00e4levy on valmistettu t\u00e4ydest\u00e4 akasiapuusta, joka on kaunis luonnonmateriaali. Akasiapuu on tihe\u00e4syinen, tukeva ja kest\u00e4v\u00e4 trooppinen lehtipuu.<\/li>\n<li>Rautarunko: Bistrop\u00f6yd\u00e4n rautarunko takaa sen tukevuuden ja vakauden.<\/li>\n<li>Tukeva p\u00f6yt\u00e4levy: Sohvap\u00f6yd\u00e4n tukeva puinen p\u00f6yt\u00e4levy on t\u00e4ydellinen juomien, ruoan ja koriste-esineiden sijoittamiseen.<\/li>\n<\/ul>\n<ul>\n<li>Materiaali: luonnollisesti pintak\u00e4sitelty t\u00e4ysi akaasiapuu, rauta<\/li>\n<li>Mitat: 150 x 70 x 107 cm (L x S x K)<\/li>\n<li>Asennus vaaditaan: Kyll\u00e4<\/li>\n<\/ul>\n","protected":false},"excerpt":{"rendered":"<ul>\n<li>Materiaali: luonnollisesti pintak\u00e4sitelty t\u00e4ysi akaasiapuu, rauta<\/li>\n<li>Mitat: 150 x 70 x 107 cm (L x S x K)<\/li>\n<li>Asennus vaaditaan: Kyll\u00e4<\/li>\n<\/ul>\n","protected":false},"featured_media":100000200805,"comment_status":"closed","ping_status":"closed","template":"","meta":[],"product_brand":[],"product_cat":[84,8543],"product_tag":[],"class_list":{"0":"post-200805","1":"product","2":"type-product","3":"status-publish","4":"has-post-thumbnail","6":"product_cat-huonekalut","7":"product_cat-keittion-ruokapoydat","9":"first","10":"instock","11":"taxable","12":"shipping-taxable","13":"purchasable","14":"product-type-simple"},"_links":{"self":[{"href":"https:\/\/www.otiumhome.fi\/index.php\/wp-json\/wp\/v2\/product\/200805","targetHints":{"allow":["GET"]}}],"collection":[{"href":"https:\/\/www.otiumhome.fi\/index.php\/wp-json\/wp\/v2\/product"}],"about":[{"href":"https:\/\/www.otiumhome.fi\/index.php\/wp-json\/wp\/v2\/types\/product"}],"replies":[{"embeddable":true,"href":"https:\/\/www.otiumhome.fi\/index.php\/wp-json\/wp\/v2\/comments?post=200805"}],"wp:featuredmedia":[{"embeddable":true,"href":"https:\/\/www.otiumhome.fi\/index.php\/wp-json\/"}],"wp:attachment":[{"href":"https:\/\/www.otiumhome.fi\/index.php\/wp-json\/wp\/v2\/media?parent=200805"}],"wp:term":[{"taxonomy":"product_brand","embeddable":true,"href":"https:\/\/www.otiumhome.fi\/index.php\/wp-json\/wp\/v2\/product_brand?post=200805"},{"taxonomy":"product_cat","embeddable":true,"href":"https:\/\/www.otiumhome.fi\/index.php\/wp-json\/wp\/v2\/product_cat?post=200805"},{"taxonomy":"product_tag","embeddable":true,"href":"https:\/\/www.otiumhome.fi\/index.php\/wp-json\/wp\/v2\/product_tag?post=200805"}],"curies":[{"name":"wp","href":"https:\/\/api.w.org\/{rel}","templated":true}]}}