{"id":200781,"date":"2025-12-24T07:36:57","date_gmt":"2025-12-24T07:36:57","guid":{"rendered":"https:\/\/www.otiumhome.fi\/?p=200781"},"modified":"2025-12-30T22:49:55","modified_gmt":"2025-12-30T22:49:55","slug":"baaripoyta-telineella-sonoma-tammi-102x50x1035-cm-tekninen-puu","status":"publish","type":"product","link":"https:\/\/www.otiumhome.fi\/index.php\/tuote\/baaripoyta-telineella-sonoma-tammi-102x50x1035-cm-tekninen-puu\/","title":{"rendered":"Baarip\u00f6yt\u00e4 telineell\u00e4 Sonoma-tammi 102x50x103,5 cm tekninen puu"},"content":{"rendered":"<p>T\u00e4m\u00e4 baarip\u00f6yt\u00e4 on t\u00e4ydellinen vaihtoehto pieniin huoneistoihin tai tiloihin, joissa tilaa on rajallisesti. Sen moderni muotoilu tekee t\u00e4st\u00e4 p\u00f6yd\u00e4st\u00e4 tyylikk\u00e4\u00e4n lis\u00e4n keitti\u00f6\u00f6n tai ruokasaliin.<\/p>\n<\/p>\n<p>T\u00e4m\u00e4 bistrop\u00f6yt\u00e4 on varusteltu kolmella s\u00e4ilytystelineell\u00e4 ja se tarjoaa reilusti tilaa viinipulloille ja muille tavaroille. Sen rakenteen ansiosta se on kest\u00e4v\u00e4, vakaa ja helposti puhdistettava.<\/p>\n<ul>\n<li>V\u00e4ri: Sonoma-tammi<\/li>\n<li>Materiaali: tekninen puu<\/li>\n<li>Mitat: 102 x 50 x 103,5 cm (P x L x K)<\/li>\n<li>Asennus vaaditaan: kyll\u00e4<\/li>\n<\/ul>\n","protected":false},"excerpt":{"rendered":"<ul>\n<li>V\u00e4ri: Sonoma-tammi<\/li>\n<li>Materiaali: tekninen puu<\/li>\n<li>Mitat: 102 x 50 x 103,5 cm (P x L x K)<\/li>\n<li>Asennus vaaditaan: kyll\u00e4<\/li>\n<\/ul>\n","protected":false},"featured_media":100000200781,"comment_status":"closed","ping_status":"closed","template":"","meta":[],"product_brand":[],"product_cat":[84,8543],"product_tag":[],"class_list":{"0":"post-200781","1":"product","2":"type-product","3":"status-publish","4":"has-post-thumbnail","6":"product_cat-huonekalut","7":"product_cat-keittion-ruokapoydat","9":"first","10":"instock","11":"taxable","12":"shipping-taxable","13":"purchasable","14":"product-type-simple"},"_links":{"self":[{"href":"https:\/\/www.otiumhome.fi\/index.php\/wp-json\/wp\/v2\/product\/200781","targetHints":{"allow":["GET"]}}],"collection":[{"href":"https:\/\/www.otiumhome.fi\/index.php\/wp-json\/wp\/v2\/product"}],"about":[{"href":"https:\/\/www.otiumhome.fi\/index.php\/wp-json\/wp\/v2\/types\/product"}],"replies":[{"embeddable":true,"href":"https:\/\/www.otiumhome.fi\/index.php\/wp-json\/wp\/v2\/comments?post=200781"}],"wp:featuredmedia":[{"embeddable":true,"href":"https:\/\/www.otiumhome.fi\/index.php\/wp-json\/"}],"wp:attachment":[{"href":"https:\/\/www.otiumhome.fi\/index.php\/wp-json\/wp\/v2\/media?parent=200781"}],"wp:term":[{"taxonomy":"product_brand","embeddable":true,"href":"https:\/\/www.otiumhome.fi\/index.php\/wp-json\/wp\/v2\/product_brand?post=200781"},{"taxonomy":"product_cat","embeddable":true,"href":"https:\/\/www.otiumhome.fi\/index.php\/wp-json\/wp\/v2\/product_cat?post=200781"},{"taxonomy":"product_tag","embeddable":true,"href":"https:\/\/www.otiumhome.fi\/index.php\/wp-json\/wp\/v2\/product_tag?post=200781"}],"curies":[{"name":"wp","href":"https:\/\/api.w.org\/{rel}","templated":true}]}}