{"id":200768,"date":"2025-12-24T07:30:45","date_gmt":"2025-12-24T07:30:45","guid":{"rendered":"https:\/\/www.otiumhome.fi\/?p=200768"},"modified":"2026-01-02T10:10:47","modified_gmt":"2026-01-02T10:10:47","slug":"ruokatuolit-2-pcs-vaaleanruskea-42-x-47-5-x-81-cm","status":"publish","type":"product","link":"https:\/\/www.otiumhome.fi\/index.php\/tuote\/ruokatuolit-2-pcs-vaaleanruskea-42-x-47-5-x-81-cm\/","title":{"rendered":"Ruokatuolit 2 pcs Vaaleanruskea 42 x 47.5 x 81 cm"},"content":{"rendered":"<p>N\u00e4m\u00e4 ruokatuolit tuovat t\u00e4ydellisen yhdistelm\u00e4n tyyli\u00e4 ja k\u00e4yt\u00e4nn\u00f6llisyytt\u00e4 ruokailutilaasi. Moderni muotoilu, joka keskittyy yksinkertaisuuteen ja puhtaisiin linjoihin, luo tyylikk\u00e4\u00e4n ja elegantin tunnelman. N\u00e4it\u00e4 tuoleja arvostavat kaikki, jotka haluavat lis\u00e4t\u00e4 hienostuneisuutta sisustukseen ja nauttia mukavasta istumisesta. Olitpa sitten is\u00e4nn\u00f6im\u00e4ss\u00e4 illallista tai vain rentoutumassa hyv\u00e4n aterian \u00e4\u00e4rell\u00e4, n\u00e4m\u00e4 tuolit parantaa tilaisuuden tunnelmaa ikimuistoisella tavalla.<\/p>\n<ul>\n<li><b>Laatu Kumipuu:<\/b> Tuolien runko ja jalat on valmistettu t\u00e4ysist\u00e4 kumipuista, mik\u00e4 takaa kest\u00e4vyyden p\u00e4ivitt\u00e4isess\u00e4 k\u00e4yt\u00f6ss\u00e4. Kumipuu tunnetaan erityisesti vahvuudestaan ja kauniista puusyykuvioista, mik\u00e4 tekee ruokailukokemuksesta merkitt\u00e4v\u00e4sti miellytt\u00e4v\u00e4mm\u00e4n.<\/li>\n<li><b>Saumaton Muotoilu:<\/b> Estetiikka on hoidettu hyvin ja tuolit n\u00e4ytt\u00e4v\u00e4t hyv\u00e4lt\u00e4 kaikista suunnista, mik\u00e4 tuo tilaan visuaalista kiinnostavuutta ja pit\u00e4\u00e4 ilmeen yhten\u00e4isen\u00e4. Huolellinen k\u00e4sity\u00f6 varmistaa, ett\u00e4 tuolit tekev\u00e4t aina elegantin vaikutuksen.<\/li>\n<li><b>Kest\u00e4v\u00e4 Rakenne:<\/b> Neli\u00f6jalat, jotka ovat t\u00e4ysist\u00e4 kumipuista, tekev\u00e4t tuoleista vakaita. T\u00e4m\u00e4 design v\u00e4hent\u00e4\u00e4 keinuntaa ja antaa varmuutta k\u00e4ytt\u00f6\u00f6n, erityisesti ruokailutiloissa.<\/li>\n<li><b>Toimiva Huonekalu:<\/b> N\u00e4m\u00e4 tuolit sopivat t\u00e4ydellisesti useimpiin ruokap\u00f6ytiin ja ne ovat helppo lis\u00e4 mihin tahansa sisustukseen. Minimalistinen muotoilu tekee tuolien integroinnista vaivatonta ja auttaa s\u00e4ilytt\u00e4m\u00e4\u00e4n tilan esteettisyyden.<\/li>\n<li><b>Yksinkertainen Huolto:<\/b> Helppo puhdistaa kostealla liinalla, joten n\u00e4m\u00e4 tuolit ovat k\u00e4yt\u00e4nn\u00f6llisi\u00e4 arjessa. Niiden raikkaan ilmeen yll\u00e4pito vaatii vain v\u00e4h\u00e4n vaivann\u00e4k\u00f6\u00e4, joten n\u00e4m\u00e4 tuolit ovat loistava valinta tyylin ja vaivattomuuden v\u00e4lill\u00e4 ruokailutilassa.<\/li>\n<\/ul>\n<p> Maksimi 110 kg per tuoli. <\/p>\n<ul>\n<li>V\u00e4ri: Vaaleanruskea<\/li>\n<li>Materiaali: Kest\u00e4v\u00e4 kumipuinen<\/li>\n<li>Kehysmateriaali: T\u00e4ysi kumipuu<\/li>\n<li>Jalat materiaali: T\u00e4ysi kumipuu<\/li>\n<li>Yleiset mitat: 42 x 47,5 x 81 cm (P x L x K)<\/li>\n<li>Enimm\u00e4ispaino: 110 kg per istuin<\/li>\n<li>Kest\u00e4v\u00e4<\/li>\n<li>Kokoonpano vaaditaan: Kyll\u00e4<\/li>\n<li>Toimitus-:<\/li>\n<li>2 x Ruokailutuolia<\/li>\n<\/ul>\n","protected":false},"excerpt":{"rendered":"<ul>\n<li>V\u00e4ri: Vaaleanruskea<\/li>\n<li>Materiaali: Kest\u00e4v\u00e4 kumipuinen<\/li>\n<li>Kehysmateriaali: T\u00e4ysi kumipuu<\/li>\n<li>Jalat materiaali: T\u00e4ysi kumipuu<\/li>\n<li>Yleiset mitat: 42 x 47,5 x 81 cm (P x L x K)<\/li>\n<li>Enimm\u00e4ispaino: 110 kg per istuin<\/li>\n<li>Kest\u00e4v\u00e4<\/li>\n<li>Kokoonpano vaaditaan: Kyll\u00e4<\/li>\n<li>Toimitus-:<\/li>\n<li>2 x Ruokailutuolia<\/li>\n<\/ul>\n","protected":false},"featured_media":100000200768,"comment_status":"closed","ping_status":"closed","template":"","meta":[],"product_brand":[],"product_cat":[84,8542],"product_tag":[],"class_list":{"0":"post-200768","1":"product","2":"type-product","3":"status-publish","4":"has-post-thumbnail","6":"product_cat-huonekalut","7":"product_cat-keittion-ruokapoydan-tuolit","9":"first","10":"instock","11":"taxable","12":"shipping-taxable","13":"purchasable","14":"product-type-simple"},"_links":{"self":[{"href":"https:\/\/www.otiumhome.fi\/index.php\/wp-json\/wp\/v2\/product\/200768","targetHints":{"allow":["GET"]}}],"collection":[{"href":"https:\/\/www.otiumhome.fi\/index.php\/wp-json\/wp\/v2\/product"}],"about":[{"href":"https:\/\/www.otiumhome.fi\/index.php\/wp-json\/wp\/v2\/types\/product"}],"replies":[{"embeddable":true,"href":"https:\/\/www.otiumhome.fi\/index.php\/wp-json\/wp\/v2\/comments?post=200768"}],"wp:featuredmedia":[{"embeddable":true,"href":"https:\/\/www.otiumhome.fi\/index.php\/wp-json\/"}],"wp:attachment":[{"href":"https:\/\/www.otiumhome.fi\/index.php\/wp-json\/wp\/v2\/media?parent=200768"}],"wp:term":[{"taxonomy":"product_brand","embeddable":true,"href":"https:\/\/www.otiumhome.fi\/index.php\/wp-json\/wp\/v2\/product_brand?post=200768"},{"taxonomy":"product_cat","embeddable":true,"href":"https:\/\/www.otiumhome.fi\/index.php\/wp-json\/wp\/v2\/product_cat?post=200768"},{"taxonomy":"product_tag","embeddable":true,"href":"https:\/\/www.otiumhome.fi\/index.php\/wp-json\/wp\/v2\/product_tag?post=200768"}],"curies":[{"name":"wp","href":"https:\/\/api.w.org\/{rel}","templated":true}]}}