{"id":200758,"date":"2025-12-24T05:29:51","date_gmt":"2025-12-24T05:29:51","guid":{"rendered":"https:\/\/www.otiumhome.fi\/?p=200758"},"modified":"2025-12-24T06:19:38","modified_gmt":"2025-12-24T06:19:38","slug":"baarijakkarat-2-kpl-taysi-mangopuu","status":"publish","type":"product","link":"https:\/\/www.otiumhome.fi\/index.php\/tuote\/baarijakkarat-2-kpl-taysi-mangopuu\/","title":{"rendered":"Baarijakkarat 2 kpl t\u00e4ysi mangopuu"},"content":{"rendered":"<p>T\u00e4m\u00e4 puusta valmistettu baarituolisarja tulee olemaan upea lis\u00e4 keitti\u00f6si tai ruokailutilasi sisustukseen.<\/p>\n<\/p>\n<p>Baarituolit on valmistettu t\u00e4ydest\u00e4 mangopuusta ja lujasta ter\u00e4srungosta, jotka tekev\u00e4t siit\u00e4 eritt\u00e4in vakaan ja kest\u00e4v\u00e4n. Selk\u00e4noja ja jalkatuki lis\u00e4\u00e4v\u00e4t tuolien istumamukavuutta. Ter\u00e4srunko antaa istuimille j\u00e4m\u00e4kkyytt\u00e4 ja teollisen vaikutelman. Jokainen ty\u00f6vaihe on tehty erityisell\u00e4 huolella, oli kyseess\u00e4 sitten kokoaminen, kiillotus tai lakkaus. Sarja on helppo koota. Toimituksessa mukana kaksi baarijakkaraa.<\/p>\n<\/p>\n<p>T\u00e4rke\u00e4 huomio: V\u00e4rit ja pintakuviot saattavat vaihdella kappaleesta toiseen, mik\u00e4 tekee jokaisesta kappaleesta ainutlaatuisen ja hieman erilaisen kuin muut; toimitus on satunnainen.<\/p>\n<ul>\n<li>Materiaali: t\u00e4ysi mangopuu + jauhemaalatut ter\u00e4sjalat<\/li>\n<li>Mitat: 40 x 40 x 82 cm (L x S x K)<\/li>\n<li>Istuimen korkeus maasta: 76 cm<\/li>\n<li>Hiottu, maalattu ja lakattu<\/li>\n<li>Helppo koota<\/li>\n<li>Toimitukseen sis\u00e4ltyy 2 baarituolia<\/li>\n<\/ul>\n","protected":false},"excerpt":{"rendered":"<ul>\n<li>Materiaali: t\u00e4ysi mangopuu + jauhemaalatut ter\u00e4sjalat<\/li>\n<li>Mitat: 40 x 40 x 82 cm (L x S x K)<\/li>\n<li>Istuimen korkeus maasta: 76 cm<\/li>\n<li>Hiottu, maalattu ja lakattu<\/li>\n<li>Helppo koota<\/li>\n<li>Toimitukseen sis\u00e4ltyy 2 baarituolia<\/li>\n<\/ul>\n","protected":false},"featured_media":100000200758,"comment_status":"closed","ping_status":"closed","template":"","meta":[],"product_brand":[],"product_cat":[8536,84],"product_tag":[],"class_list":{"0":"post-200758","1":"product","2":"type-product","3":"status-publish","4":"has-post-thumbnail","6":"product_cat-baarijakkarat","7":"product_cat-huonekalut","9":"first","10":"instock","11":"taxable","12":"shipping-taxable","13":"purchasable","14":"product-type-simple"},"_links":{"self":[{"href":"https:\/\/www.otiumhome.fi\/index.php\/wp-json\/wp\/v2\/product\/200758","targetHints":{"allow":["GET"]}}],"collection":[{"href":"https:\/\/www.otiumhome.fi\/index.php\/wp-json\/wp\/v2\/product"}],"about":[{"href":"https:\/\/www.otiumhome.fi\/index.php\/wp-json\/wp\/v2\/types\/product"}],"replies":[{"embeddable":true,"href":"https:\/\/www.otiumhome.fi\/index.php\/wp-json\/wp\/v2\/comments?post=200758"}],"wp:featuredmedia":[{"embeddable":true,"href":"https:\/\/www.otiumhome.fi\/index.php\/wp-json\/"}],"wp:attachment":[{"href":"https:\/\/www.otiumhome.fi\/index.php\/wp-json\/wp\/v2\/media?parent=200758"}],"wp:term":[{"taxonomy":"product_brand","embeddable":true,"href":"https:\/\/www.otiumhome.fi\/index.php\/wp-json\/wp\/v2\/product_brand?post=200758"},{"taxonomy":"product_cat","embeddable":true,"href":"https:\/\/www.otiumhome.fi\/index.php\/wp-json\/wp\/v2\/product_cat?post=200758"},{"taxonomy":"product_tag","embeddable":true,"href":"https:\/\/www.otiumhome.fi\/index.php\/wp-json\/wp\/v2\/product_tag?post=200758"}],"curies":[{"name":"wp","href":"https:\/\/api.w.org\/{rel}","templated":true}]}}