{"id":200754,"date":"2025-12-24T05:29:45","date_gmt":"2025-12-24T05:29:45","guid":{"rendered":"https:\/\/www.otiumhome.fi\/?p=200754"},"modified":"2025-12-30T14:17:08","modified_gmt":"2025-12-30T14:17:08","slug":"konsolipoyta-musta-tammi-100-x-35-x-765-cm-tekninen-puu","status":"publish","type":"product","link":"https:\/\/www.otiumhome.fi\/index.php\/tuote\/konsolipoyta-musta-tammi-100-x-35-x-765-cm-tekninen-puu\/","title":{"rendered":"Konsolip\u00f6yt\u00e4 Musta tammi. 100 x 35 x 76,5 cm Tekninen puu"},"content":{"rendered":"<p>T\u00e4\u00e4 premium konsolip\u00f6yt\u00e4 on tyylik\u00e4s lis\u00e4 mihin tahansa kotiin, tarjoaen sek\u00e4 tyyli\u00e4 ett\u00e4 k\u00e4yt\u00e4nn\u00f6llisyytt\u00e4. Modernin muotoilun, jonka puhtaat linjat ja v\u00e4h\u00e4iset ornamentit tekev\u00e4t siit\u00e4 t\u00e4ydellisen lis\u00e4n k\u00e4yt\u00e4ville, parantaa asuintilojasi sek\u00e4 kauneuden ett\u00e4 k\u00e4yt\u00e4nn\u00f6llisyyden suhteen. Valmistettu teknisest\u00e4 puusta, t\u00e4\u00e4 konsolip\u00f6yt\u00e4 tuo hienostunutta ilmett\u00e4, joka sopii monenlaisiin sisustustyyleihin.<\/p>\n<ul>\n<li><b>Tekninen puu<\/b> T\u00e4\u00e4 p\u00f6yt\u00e4 on valmistettu teknisest\u00e4 puusta sek\u00e4 rungosta ett\u00e4 pinnasta, mik\u00e4 tekee siit\u00e4 tyylikk\u00e4\u00e4n ja luotettavan. Materiaali tarjoaa hyv\u00e4n vakauden ja kest\u00e4vyyden, mik\u00e4 on loistava valinta p\u00e4ivitt\u00e4iseen k\u00e4ytt\u00f6\u00f6n. Sile\u00e4 pinta on helppo puhdistaa, mik\u00e4 pit\u00e4\u00e4 sen ulkon\u00e4\u00f6n hyv\u00e4n\u00e4 pitk\u00e4\u00e4n ja vaatii pient\u00e4 huoltoa.<\/li>\n<li><b>Tilavat perinteiset laatikot<\/b> T\u00e4ss\u00e4 konsolip\u00f6yd\u00e4ss\u00e4 on k\u00e4tev\u00e4 perinteinen laatikko vetonupilla, joka tekee tavaroiden s\u00e4ilytt\u00e4misest\u00e4 helppoa. Laatikon mekanismi helpottaa p\u00e4\u00e4sy\u00e4, samalla kun se pit\u00e4\u00e4 ulkoasun tyylikk\u00e4\u00e4n\u00e4 ja tilat j\u00e4rjestyksess\u00e4. Se tarjoaa huomaamattoman s\u00e4ilytysratkaisun, mik\u00e4 on t\u00e4ydellinen k\u00e4yt\u00e4ville, sill\u00e4 se piilottaa sotkut tyylikk\u00e4\u00e4ll\u00e4 muotoilullaan.<\/li>\n<li><b>Moderni estetiikka<\/b> Korostaen modernia designia puhtain linjoin ja yksinkertaisin muodoin, t\u00e4\u00e4 konsolip\u00f6yt\u00e4 on minimalistinen valinta. Sen hienostunut ulkomuoto sopii hyvin erilaisiin sisustuksiin, t\u00e4ydent\u00e4en sek\u00e4 nykyaikaisia ett\u00e4 perinteisi\u00e4 tyylej\u00e4. Se on loistava n\u00e4ytt\u00e4m\u00f6 koriste-esineille ja vet\u00e4\u00e4 huomion puoleensa k\u00e4yt\u00e4vill\u00e4.<\/li>\n<li><b>Vertailtava monipuolisuus<\/b> Suunniteltu sis\u00e4k\u00e4ytt\u00f6\u00f6n, t\u00e4\u00e4 konsolip\u00f6yt\u00e4 toimii erinomaisesti varsinkin k\u00e4yt\u00e4viss\u00e4 ja eteisiss\u00e4. Sen muunneltava muotoilu sopii moneen k\u00e4ytt\u00f6\u00f6n, olipa kyseess\u00e4 koriste-esineet tai arjen tavaroiden s\u00e4ilytys. Se sopeutuu erilaisiin ymp\u00e4rist\u00f6ihin ja tyyleihin, kaikki k\u00e4yt\u00e4nn\u00f6llisyydest\u00e4\u00e4n tinkim\u00e4tt\u00e4.<\/li>\n<li><b>Kokoonpanovaatimukset<\/b> Tarvitaan kakkonen, jotka on varustettu ruuvimeisselill\u00e4 ja vasaralla. Vaikka kokoonpano vie aikaa, selke\u00e4t ohjeet tekev\u00e4t siit\u00e4 helppoa. T\u00e4m\u00e4 takaa, ett\u00e4 p\u00f6yt\u00e4 pysyy tukevana ja kest\u00e4v\u00e4n\u00e4 pitk\u00e4\u00e4n.<\/li>\n<\/ul>\n<ul>\n<li>V\u00e4ri: Musta tammi.<\/li>\n<li>Materiaali: Tekninen puu<\/li>\n<li>Yleiset mitat: 100 x 35 x 76,5 cm (P x L x K)<\/li>\n<li>Paino: 18 kg<\/li>\n<li>S\u00e4ilytystila<\/li>\n<li>Kest\u00e4v\u00e4<\/li>\n<li>Laatikolla<\/li>\n<li>Sis\u00e4- \/ ulkotiloissa: Vain sis\u00e4k\u00e4ytt\u00f6\u00f6n<\/li>\n<li>Toimitus-:<\/li>\n<li>1 x konsolip\u00f6yt\u00e4<\/li>\n<li>Kokoonpano vaaditaan: Kyll\u00e4<\/li>\n<\/ul>\n","protected":false},"excerpt":{"rendered":"<ul>\n<li>V\u00e4ri: Musta tammi.<\/li>\n<li>Materiaali: Tekninen puu<\/li>\n<li>Yleiset mitat: 100 x 35 x 76,5 cm (P x L x K)<\/li>\n<li>Paino: 18 kg<\/li>\n<li>S\u00e4ilytystila<\/li>\n<li>Kest\u00e4v\u00e4<\/li>\n<li>Laatikolla<\/li>\n<li>Sis\u00e4- \/ ulkotiloissa: Vain sis\u00e4k\u00e4ytt\u00f6\u00f6n<\/li>\n<li>Toimitus-:<\/li>\n<li>1 x konsolip\u00f6yt\u00e4<\/li>\n<li>Kokoonpano vaaditaan: Kyll\u00e4<\/li>\n<\/ul>\n","protected":false},"featured_media":100000200754,"comment_status":"closed","ping_status":"closed","template":"","meta":[],"product_brand":[],"product_cat":[8534,84,8533],"product_tag":[],"class_list":{"0":"post-200754","1":"product","2":"type-product","3":"status-publish","4":"has-post-thumbnail","6":"product_cat-apupoydat","7":"product_cat-huonekalut","8":"product_cat-sivupoydat","10":"first","11":"instock","12":"taxable","13":"shipping-taxable","14":"purchasable","15":"product-type-simple"},"_links":{"self":[{"href":"https:\/\/www.otiumhome.fi\/index.php\/wp-json\/wp\/v2\/product\/200754","targetHints":{"allow":["GET"]}}],"collection":[{"href":"https:\/\/www.otiumhome.fi\/index.php\/wp-json\/wp\/v2\/product"}],"about":[{"href":"https:\/\/www.otiumhome.fi\/index.php\/wp-json\/wp\/v2\/types\/product"}],"replies":[{"embeddable":true,"href":"https:\/\/www.otiumhome.fi\/index.php\/wp-json\/wp\/v2\/comments?post=200754"}],"wp:featuredmedia":[{"embeddable":true,"href":"https:\/\/www.otiumhome.fi\/index.php\/wp-json\/"}],"wp:attachment":[{"href":"https:\/\/www.otiumhome.fi\/index.php\/wp-json\/wp\/v2\/media?parent=200754"}],"wp:term":[{"taxonomy":"product_brand","embeddable":true,"href":"https:\/\/www.otiumhome.fi\/index.php\/wp-json\/wp\/v2\/product_brand?post=200754"},{"taxonomy":"product_cat","embeddable":true,"href":"https:\/\/www.otiumhome.fi\/index.php\/wp-json\/wp\/v2\/product_cat?post=200754"},{"taxonomy":"product_tag","embeddable":true,"href":"https:\/\/www.otiumhome.fi\/index.php\/wp-json\/wp\/v2\/product_tag?post=200754"}],"curies":[{"name":"wp","href":"https:\/\/api.w.org\/{rel}","templated":true}]}}