{"id":200753,"date":"2025-12-24T05:29:44","date_gmt":"2025-12-24T05:29:44","guid":{"rendered":"https:\/\/www.otiumhome.fi\/?p=200753"},"modified":"2026-01-01T05:07:23","modified_gmt":"2026-01-01T05:07:23","slug":"sivupoyta-musta-tammi-50-x-30-x-50-cm-tekninen-puu","status":"publish","type":"product","link":"https:\/\/www.otiumhome.fi\/index.php\/tuote\/sivupoyta-musta-tammi-50-x-30-x-50-cm-tekninen-puu\/","title":{"rendered":"Sivup\u00f6yt\u00e4 Musta tammi. 50 x 30 x 50 cm Tekninen puu"},"content":{"rendered":"<p>T\u00e4m\u00e4 sivup\u00f6yt\u00e4 on tyylikk\u00e4\u00e4n yksinkertainen, t\u00e4ydellinen lis\u00e4 moderniin kotiin. Selke\u00e4t linjat ja minimalistinen muotoilu tekev\u00e4t siit\u00e4 monik\u00e4ytt\u00f6isen. Se on yht\u00e4 lailla koristeellinen kuin k\u00e4yt\u00e4nn\u00f6llinen, pit\u00e4en t\u00e4rke\u00e4t esineet j\u00e4rjestyksess\u00e4. Olitpa lukemassa kirjaa, asettamassa lamppua tai esittelem\u00e4ss\u00e4 koristeita, t\u00e4m\u00e4 p\u00f6yt\u00e4 tarjoaa t\u00e4ydellisen alustan modernilla eleganssilla, tuoden esiin muotoa ja toimivuutta nykyaikaisissa tiloissa.<\/p>\n<ul>\n<li><b>Tekninen puu<\/b> T\u00e4m\u00e4 sivup\u00f6yt\u00e4 on valmistettu laadukkaasta teknisest\u00e4 puusta, joka on tunnettu kest\u00e4vyydest\u00e4\u00e4n ja tyylikk\u00e4\u00e4st\u00e4 pinnastaan. Se kest\u00e4\u00e4 v\u00e4\u00e4ntymist\u00e4 ja naarmuja, joten p\u00f6yt\u00e4 n\u00e4ytt\u00e4\u00e4 hyv\u00e4lt\u00e4 pitk\u00e4\u00e4n. Ekologinen valinta, joka tarjoaa vakautta.<\/li>\n<li><b>Moderni muotoilu<\/b> Puhdas ja minimalistinen tyyli sulautuu saumattomasti eri sisustustyyleihin, parantaen tilaa ilman h\u00e4iri\u00f6t\u00e4. Moderni muotoilu tekee siit\u00e4 loistavan valinnan, jos kaipaat raikasta ilmett\u00e4.<\/li>\n<li><b>Toiminnalliset mitat<\/b> Koko 50 x 30 x 50 cm on juuri passeli pientoimintoisiin olohuoneisiin tai makuuhuoneisiin, joissa tila on rajallista. Se on kompakti, mutta tarjoaa riitt\u00e4v\u00e4sti p\u00f6yt\u00e4pintaa p\u00e4ivitt\u00e4isille esineille.<\/li>\n<li><b>Sis\u00e4k\u00e4ytt\u00f6\u00f6n<\/b> Suunniteltu erityisesti sis\u00e4tiloihin, t\u00e4m\u00e4 p\u00f6yt\u00e4 on loistava olohuoneeseen, makuuhuoneeseen tai kotitoimistoon. Sen kest\u00e4vyys takaa s\u00e4\u00e4nn\u00f6llisen k\u00e4yt\u00f6n ja tyylikk\u00e4\u00e4n ulkon\u00e4\u00f6n.<\/li>\n<li><b>Helppo kokoaminen<\/b> Toimitetaan 1 x sivup\u00f6yt\u00e4, kokoaminen sujuu helposti ja tekee siit\u00e4 hauskan projektin k\u00e4sity\u00f6- ja DIY-henkisille. Ohjeet mukana, joten p\u00e4\u00e4set nopeasti alkuun.<\/li>\n<\/ul>\n<ul>\n<li>V\u00e4ri: Musta tammi.<\/li>\n<li>Materiaali: Tekninen puu<\/li>\n<li>Yleiset mitat: 50 x 30 x 50 cm (P x L x K)<\/li>\n<li>Paino: 6,95 kg<\/li>\n<li>Kest\u00e4v\u00e4<\/li>\n<li>Sis\u00e4- \/ ulkotiloissa: Vain sis\u00e4k\u00e4ytt\u00f6\u00f6n<\/li>\n<li>Toimitus-:<\/li>\n<li>1 x Sivup\u00f6yt\u00e4<\/li>\n<li>Kokoonpano vaaditaan: Kyll\u00e4<\/li>\n<\/ul>\n","protected":false},"excerpt":{"rendered":"<ul>\n<li>V\u00e4ri: Musta tammi.<\/li>\n<li>Materiaali: Tekninen puu<\/li>\n<li>Yleiset mitat: 50 x 30 x 50 cm (P x L x K)<\/li>\n<li>Paino: 6,95 kg<\/li>\n<li>Kest\u00e4v\u00e4<\/li>\n<li>Sis\u00e4- \/ ulkotiloissa: Vain sis\u00e4k\u00e4ytt\u00f6\u00f6n<\/li>\n<li>Toimitus-:<\/li>\n<li>1 x Sivup\u00f6yt\u00e4<\/li>\n<li>Kokoonpano vaaditaan: Kyll\u00e4<\/li>\n<\/ul>\n","protected":false},"featured_media":100000200753,"comment_status":"closed","ping_status":"closed","template":"","meta":[],"product_brand":[],"product_cat":[8534,84,8533],"product_tag":[],"class_list":{"0":"post-200753","1":"product","2":"type-product","3":"status-publish","4":"has-post-thumbnail","6":"product_cat-apupoydat","7":"product_cat-huonekalut","8":"product_cat-sivupoydat","10":"first","11":"instock","12":"taxable","13":"shipping-taxable","14":"purchasable","15":"product-type-simple"},"_links":{"self":[{"href":"https:\/\/www.otiumhome.fi\/index.php\/wp-json\/wp\/v2\/product\/200753","targetHints":{"allow":["GET"]}}],"collection":[{"href":"https:\/\/www.otiumhome.fi\/index.php\/wp-json\/wp\/v2\/product"}],"about":[{"href":"https:\/\/www.otiumhome.fi\/index.php\/wp-json\/wp\/v2\/types\/product"}],"replies":[{"embeddable":true,"href":"https:\/\/www.otiumhome.fi\/index.php\/wp-json\/wp\/v2\/comments?post=200753"}],"wp:featuredmedia":[{"embeddable":true,"href":"https:\/\/www.otiumhome.fi\/index.php\/wp-json\/"}],"wp:attachment":[{"href":"https:\/\/www.otiumhome.fi\/index.php\/wp-json\/wp\/v2\/media?parent=200753"}],"wp:term":[{"taxonomy":"product_brand","embeddable":true,"href":"https:\/\/www.otiumhome.fi\/index.php\/wp-json\/wp\/v2\/product_brand?post=200753"},{"taxonomy":"product_cat","embeddable":true,"href":"https:\/\/www.otiumhome.fi\/index.php\/wp-json\/wp\/v2\/product_cat?post=200753"},{"taxonomy":"product_tag","embeddable":true,"href":"https:\/\/www.otiumhome.fi\/index.php\/wp-json\/wp\/v2\/product_tag?post=200753"}],"curies":[{"name":"wp","href":"https:\/\/api.w.org\/{rel}","templated":true}]}}