{"id":200734,"date":"2025-12-24T03:05:34","date_gmt":"2025-12-24T03:05:34","guid":{"rendered":"https:\/\/www.otiumhome.fi\/?p=200734"},"modified":"2025-12-30T13:53:59","modified_gmt":"2025-12-30T13:53:59","slug":"viinipulloteline-33-pullolle-musta-45x36x100-cm-takorauta","status":"publish","type":"product","link":"https:\/\/www.otiumhome.fi\/index.php\/tuote\/viinipulloteline-33-pullolle-musta-45x36x100-cm-takorauta\/","title":{"rendered":"Viinipulloteline 33 pullolle musta 45x36x100 cm takorauta"},"content":{"rendered":"<p>S\u00e4ilyt\u00e4, ik\u00e4\u00e4nnyt\u00e4 ja esittele viinej\u00e4si tyylikk\u00e4\u00e4sti t\u00e4m\u00e4n viinipullotelineen avulla!<\/p>\n<\/p>\n<ul>\n<li> Suuri kapasiteetti: T\u00e4h\u00e4n viinitelineeseen mahtuu jopa 33 pulloa, mik\u00e4 maksimoi s\u00e4ilytystilan tehokkaasti ja pit\u00e4\u00e4 alueen siistin\u00e4. <\/li>\n<li> Vakaa rakenne: T\u00e4m\u00e4 viinipulloteline on valmistettu tukevasta takoraudasta, jossa on musta jauhemaalattu pinta hapettumisen ja ruostumisen est\u00e4miseksi. Mukana tulevat sein\u00e4kiinnikkeet est\u00e4v\u00e4t viinipullotelineen keinumisen tai kallistumisen, se kest\u00e4\u00e4 k\u00e4yt\u00f6ss\u00e4 vuosien ajan. <\/li>\n<li> Sopii moniin paikkoihin: Yksinkertaisen ja tyylikk\u00e4\u00e4n muotoilun ansiosta t\u00e4m\u00e4 viinipullojen s\u00e4ilytysteline sopii t\u00e4ydellisesti k\u00e4ytett\u00e4v\u00e4ksi baareissa, viinikellareissa, keitti\u00f6iss\u00e4, ravintoloissa ja muissa paikoissa.<\/li>\n<li>Lukittava: T\u00e4m\u00e4 metallinen viiniteline voidaan lukita viinipullojen putoamisen est\u00e4miseksi. T\u00e4m\u00e4 tuo lis\u00e4\u00e4 turvallisuutta.<\/li>\n<\/ul>\n<p>Varoitus:<\/p>\n<ul>\n<li>Kaatumisen est\u00e4miseksi on t\u00e4t\u00e4 tuotetta k\u00e4ytett\u00e4v\u00e4 mukana toimitettavan sein\u00e4kiinnityslaitteen kanssa.<\/li>\n<\/ul>\n<ul>\n<li>V\u00e4ri: Musta <\/li>\n<li>Materiaali: Jauhemaalattu takorauta <\/li>\n<li>Kokonaismitat: 45 x 36 x 100 cm (P x L x K)<\/li>\n<li>Lukon pituus: 16 cm<\/li>\n<li>Tilaa jopa 33 viinipullolle<\/li>\n<li>Asennus vaaditaan: Kyll\u00e4<\/li>\n<li>Legal Documents:\n<p><span>Lis\u00e4tietoja huonekalujesi kaatumisen est\u00e4misest\u00e4 voit l\u00f6yt\u00e4\u00e4 <span style=\"text-decoration: underline\"><strong><a title=\"https:\/\/bit.ly\/3bVwkQp\" href=\"https:\/\/bit.ly\/3bVwkQp\" target=\"_blank\">t\u00e4\u00e4lt\u00e4<\/a><\/strong><\/span><\/span><\/p>\n<\/li>\n<\/ul>\n","protected":false},"excerpt":{"rendered":"<ul>\n<li>V\u00e4ri: Musta <\/li>\n<li>Materiaali: Jauhemaalattu takorauta <\/li>\n<li>Kokonaismitat: 45 x 36 x 100 cm (P x L x K)<\/li>\n<li>Lukon pituus: 16 cm<\/li>\n<li>Tilaa jopa 33 viinipullolle<\/li>\n<li>Asennus vaaditaan: Kyll\u00e4<\/li>\n<li>Legal Documents:\n<p><span>Lis\u00e4tietoja huonekalujesi kaatumisen est\u00e4misest\u00e4 voit l\u00f6yt\u00e4\u00e4 <span style=\"text-decoration: underline\"><strong><a title=\"https:\/\/bit.ly\/3bVwkQp\" href=\"https:\/\/bit.ly\/3bVwkQp\" target=\"_blank\">t\u00e4\u00e4lt\u00e4<\/a><\/strong><\/span><\/span><\/p>\n<\/li>\n<\/ul>\n","protected":false},"featured_media":100000200734,"comment_status":"closed","ping_status":"closed","template":"","meta":[],"product_brand":[],"product_cat":[84,8662],"product_tag":[],"class_list":{"0":"post-200734","1":"product","2":"type-product","3":"status-publish","4":"has-post-thumbnail","6":"product_cat-huonekalut","7":"product_cat-viinitelineet","9":"first","10":"instock","11":"taxable","12":"shipping-taxable","13":"purchasable","14":"product-type-simple"},"_links":{"self":[{"href":"https:\/\/www.otiumhome.fi\/index.php\/wp-json\/wp\/v2\/product\/200734","targetHints":{"allow":["GET"]}}],"collection":[{"href":"https:\/\/www.otiumhome.fi\/index.php\/wp-json\/wp\/v2\/product"}],"about":[{"href":"https:\/\/www.otiumhome.fi\/index.php\/wp-json\/wp\/v2\/types\/product"}],"replies":[{"embeddable":true,"href":"https:\/\/www.otiumhome.fi\/index.php\/wp-json\/wp\/v2\/comments?post=200734"}],"wp:featuredmedia":[{"embeddable":true,"href":"https:\/\/www.otiumhome.fi\/index.php\/wp-json\/"}],"wp:attachment":[{"href":"https:\/\/www.otiumhome.fi\/index.php\/wp-json\/wp\/v2\/media?parent=200734"}],"wp:term":[{"taxonomy":"product_brand","embeddable":true,"href":"https:\/\/www.otiumhome.fi\/index.php\/wp-json\/wp\/v2\/product_brand?post=200734"},{"taxonomy":"product_cat","embeddable":true,"href":"https:\/\/www.otiumhome.fi\/index.php\/wp-json\/wp\/v2\/product_cat?post=200734"},{"taxonomy":"product_tag","embeddable":true,"href":"https:\/\/www.otiumhome.fi\/index.php\/wp-json\/wp\/v2\/product_tag?post=200734"}],"curies":[{"name":"wp","href":"https:\/\/api.w.org\/{rel}","templated":true}]}}