{"id":200731,"date":"2025-12-24T02:48:31","date_gmt":"2025-12-24T02:48:31","guid":{"rendered":"https:\/\/www.otiumhome.fi\/?p=200731"},"modified":"2026-01-01T13:40:27","modified_gmt":"2026-01-01T13:40:27","slug":"tv-kaappi-vanha-puu-104-x-35-x-50-cm-tekninen-puu","status":"publish","type":"product","link":"https:\/\/www.otiumhome.fi\/index.php\/tuote\/tv-kaappi-vanha-puu-104-x-35-x-50-cm-tekninen-puu\/","title":{"rendered":"TV-kaappi Vanha Puu 104 x 35 x 50 cm Tekninen puu"},"content":{"rendered":"<p>T\u00e4m\u00e4 moderni TV-kaappi on t\u00e4ydellinen valinta kaikille, jotka arvostavat yksinkertaisuutta ja k\u00e4yt\u00e4nn\u00f6llisyytt\u00e4. Sen suorakaiteen muotoinen muotoilu ja minimalistinen tyyli sopivat mainiosti kaupunkilaisiin tiloihin. Kaappi mahtuu useita medialaitteita, joten se on loistava kumppani elokuvailtoihin tai rentoihin hetkiin suosikkisarjan parissa. Sen syv\u00e4 v\u00e4ri luo hienostuneen tunnelman ja tarjoaa tyylikk\u00e4\u00e4n paikan televisiollesi ja sisustuksellesi. Muuta huonettasi ja nauti mediatarvikkeista kuin koskaan ennen.<\/p>\n<ul>\n<li><b>Teknisen puun rakenne<\/b> on tyylik\u00e4s ja kest\u00e4v\u00e4, ja se kest\u00e4\u00e4 p\u00e4ivitt\u00e4ist\u00e4 k\u00e4ytt\u00f6\u00e4, s\u00e4ilytt\u00e4en kiiltonsa pitk\u00e4\u00e4n.<\/li>\n<li><b>Levyhyllyt<\/b> tarjoavat k\u00e4yt\u00e4nn\u00f6llist\u00e4 tilaa kaikille laitteillesi, pelikonsoleista DVD-soittimiin ja koriste-esineisiin. Hyllyt on tehty kest\u00e4v\u00e4st\u00e4 puusta, joten ne kest\u00e4v\u00e4 k\u00e4yt\u00f6ss\u00e4.<\/li>\n<li><b>Saranoitu ovi<\/b> helpottaa p\u00e4\u00e4sy\u00e4 kaapin sis\u00e4lle, ja n\u00e4in saat piiloon ep\u00e4siisti\u00e4 tavaraa, mik\u00e4 parantaa ilmeen siisteytt\u00e4.<\/li>\n<li><b>Sein\u00e4kiinnitys<\/b> est\u00e4\u00e4 kaatumista ja tuo turvallisuutta perheille, joissa on pieni\u00e4 lapsia tai lemmikkej\u00e4. T\u00e4m\u00e4 on t\u00e4rke\u00e4 ominaisuus, joka rauhoittaa mielt\u00e4 ja lis\u00e4\u00e4 vakautta vilkkaissa kodeissa.<\/li>\n<li><b>Neli\u00f6jalat<\/b> tarjoavat tukevan tuen, ja kaappi nousee mukavasti maan ylle, mik\u00e4 tuo siihen modernia tyyli\u00e4. Jalat antavat kaapille ripauksen eleganssia ja pit\u00e4v\u00e4t sen tasaisena ep\u00e4tasaisilla lattioilla.<\/li>\n<\/ul>\n<ul>\n<li>V\u00e4ri: Vanha puu<\/li>\n<li>Materiaali: Tekninen puu<\/li>\n<li>Yleiset mitat: 104 x 35 x 50 cm (P x L x K)<\/li>\n<li>2 ovien kanssa<\/li>\n<li>2 hyllyill\u00e4<\/li>\n<li>Enimm\u00e4ispaino: 60 kg<\/li>\n<li>Kokoonpano vaaditaan: Kyll\u00e4<\/li>\n<li>Toimitus-:<\/li>\n<li>1 x TV-taso<\/li>\n<\/ul>\n","protected":false},"excerpt":{"rendered":"<ul>\n<li>V\u00e4ri: Vanha puu<\/li>\n<li>Materiaali: Tekninen puu<\/li>\n<li>Yleiset mitat: 104 x 35 x 50 cm (P x L x K)<\/li>\n<li>2 ovien kanssa<\/li>\n<li>2 hyllyill\u00e4<\/li>\n<li>Enimm\u00e4ispaino: 60 kg<\/li>\n<li>Kokoonpano vaaditaan: Kyll\u00e4<\/li>\n<li>Toimitus-:<\/li>\n<li>1 x TV-taso<\/li>\n<\/ul>\n","protected":false},"featured_media":100000200731,"comment_status":"closed","ping_status":"closed","template":"","meta":[],"product_brand":[],"product_cat":[84],"product_tag":[],"class_list":{"0":"post-200731","1":"product","2":"type-product","3":"status-publish","4":"has-post-thumbnail","6":"product_cat-huonekalut","8":"first","9":"instock","10":"taxable","11":"shipping-taxable","12":"purchasable","13":"product-type-simple"},"_links":{"self":[{"href":"https:\/\/www.otiumhome.fi\/index.php\/wp-json\/wp\/v2\/product\/200731","targetHints":{"allow":["GET"]}}],"collection":[{"href":"https:\/\/www.otiumhome.fi\/index.php\/wp-json\/wp\/v2\/product"}],"about":[{"href":"https:\/\/www.otiumhome.fi\/index.php\/wp-json\/wp\/v2\/types\/product"}],"replies":[{"embeddable":true,"href":"https:\/\/www.otiumhome.fi\/index.php\/wp-json\/wp\/v2\/comments?post=200731"}],"wp:featuredmedia":[{"embeddable":true,"href":"https:\/\/www.otiumhome.fi\/index.php\/wp-json\/"}],"wp:attachment":[{"href":"https:\/\/www.otiumhome.fi\/index.php\/wp-json\/wp\/v2\/media?parent=200731"}],"wp:term":[{"taxonomy":"product_brand","embeddable":true,"href":"https:\/\/www.otiumhome.fi\/index.php\/wp-json\/wp\/v2\/product_brand?post=200731"},{"taxonomy":"product_cat","embeddable":true,"href":"https:\/\/www.otiumhome.fi\/index.php\/wp-json\/wp\/v2\/product_cat?post=200731"},{"taxonomy":"product_tag","embeddable":true,"href":"https:\/\/www.otiumhome.fi\/index.php\/wp-json\/wp\/v2\/product_tag?post=200731"}],"curies":[{"name":"wp","href":"https:\/\/api.w.org\/{rel}","templated":true}]}}