{"id":200493,"date":"2025-12-23T21:13:23","date_gmt":"2025-12-23T21:13:23","guid":{"rendered":"https:\/\/www.otiumhome.fi\/?p=200493"},"modified":"2026-01-05T23:33:50","modified_gmt":"2026-01-05T23:33:50","slug":"sangyn-runko-paatylla-musta-tammi-100-x-200-cm-tekninen-puu","status":"publish","type":"product","link":"https:\/\/www.otiumhome.fi\/index.php\/tuote\/sangyn-runko-paatylla-musta-tammi-100-x-200-cm-tekninen-puu\/","title":{"rendered":"S\u00e4ngyn runko p\u00e4\u00e4tyll\u00e4 Musta tammi. 100 x 200 cm Tekninen puu"},"content":{"rendered":"<p>T\u00e4m\u00e4 moderni patjarunko yhdist\u00e4\u00e4 tyylin, toimivuuden ja innovatiivisen valaistuksen, muuttaen makuuhuoneesi ilmeen. Tyylikk\u00e4\u00e4t linjat ja tekninen puu tekev\u00e4t siit\u00e4 t\u00e4ydellisen valinnan, jos arvostat yksinkertaisuutta ja huipputeknisi\u00e4 ominaisuuksia. Dynaamiset led-valot luovat jatkuvasti vaihtuvaa tunnelmaa, tuoden ainutlaatuista visuaalista vetoa. Olipa sitten rentoutumassa pitk\u00e4n p\u00e4iv\u00e4n j\u00e4lkeen tai j\u00e4rjest\u00e4m\u00e4ss\u00e4 tunnelmallista iltaa, t\u00e4m\u00e4n s\u00e4ngyn muotoilu tuo esiin modernin eleganssin.<\/p>\n<ul>\n<li><b>Tekninen puu:<\/b> T\u00e4m\u00e4 patjarunko on rakennettu kest\u00e4v\u00e4st\u00e4 teknisest\u00e4 puusta, ja se tuo modernia estetiikkaa. Tyylik\u00e4s pinta tekee siit\u00e4 loistavan valinnan nykyaikaisiin makuuhuoneisiin. T\u00e4m\u00e4 puu on tunnettu kest\u00e4vyydest\u00e4\u00e4n, ja se on siksi hieno keskipiste makuuhuoneessa.<\/li>\n<li><b>LED-nauhavalaistukset:<\/b> Integroitu led-nauhavalaistus tarjoaa moniv\u00e4risi\u00e4 kuvioita, jotka muuntavat huoneesi vieh\u00e4tt\u00e4v\u00e4ksi visuaaliksi kokemukseksi. Erinomainen tunnelmavalaistukseen, ja se toimii usb-virtal\u00e4hteell\u00e4, joten se on energiatehokas ja helppok\u00e4ytt\u00f6inen. Voit muuttaa v\u00e4rej\u00e4 haluamasi tunnelman mukaan, olipa lukemassa, rentoutumassa tai vain viett\u00e4m\u00e4ss\u00e4 aikaa.<\/li>\n<li><b>Monitoiminen p\u00e4\u00e4ty:<\/b> Tyylik\u00e4s p\u00e4\u00e4ty on valmistettu teknisest\u00e4 puusta ja tuo lis\u00e4\u00e4 tukea ja tyyli\u00e4 s\u00e4nkyyn. Se sulautuu kauniisti s\u00e4ngyn muotoiluun, lis\u00e4ten k\u00e4yt\u00e4nn\u00f6llisyytt\u00e4. T\u00e4m\u00e4 tukeva p\u00e4\u00e4ty parantaa my\u00f6s mukavuutta pitkien lepohetkien aikana.<\/li>\n<li><b>Kokoonpanovaatimukset:<\/b> Tarvitset kaksi henkil\u00f6\u00e4 ja ty\u00f6kalut, kuten ruuvimeisselin ja mittanauhan. T\u00e4m\u00e4 takaa, ett\u00e4 patjarunko on kunnolla kasattu, jolloin se on vankka ja turvallinen. Huolellinen kokoaminen takaa pitk\u00e4aikaisen kest\u00e4vyyden ja luotettavuuden jokap\u00e4iv\u00e4isess\u00e4 k\u00e4yt\u00f6ss\u00e4.<\/li>\n<li><b>Helppo hoito:<\/b> LED-patjarunko on helppo pit\u00e4\u00e4 puhtaana. Pyyhi vain kostealla liinalla, niin pinnat pysyv\u00e4t siistein\u00e4. T\u00e4m\u00e4 k\u00e4yt\u00e4nn\u00f6llinen hoitorutiini auttaa s\u00e4ilytt\u00e4m\u00e4\u00e4n s\u00e4ngyn tyylikk\u00e4\u00e4n ilmeen, pit\u00e4en makuuhuoneen raikkaana ilman monimutkaista huoltoa.<\/li>\n<\/ul>\n<ul>\n<li>V\u00e4ri: Musta tammi.<\/li>\n<li>Materiaali: Tekninen puu<\/li>\n<li>Kehysmateriaali: Tekninen puu<\/li>\n<li>Yleiset mitat: 203 x 104 x 70 cm (P x L x K)<\/li>\n<li>Patjan koko: Leve\u00e4 yhden hengen s\u00e4nky (100 cm x 200 cm \/ 39&#8243; x 79&#8243;)<\/li>\n<li>Onko slated kehys: Kyll\u00e4<\/li>\n<li>Enimm\u00e4ism\u00e4\u00e4r\u00e4 ihmisi\u00e4: 1<\/li>\n<li>Kest\u00e4v\u00e4<\/li>\n<li>v\u00e4rinvaihtovalot<\/li>\n<li>Valotyyppi: Led-valonauhat<\/li>\n<li>Kokoonpano vaaditaan: Kyll\u00e4<\/li>\n<li>Toimitus-:<\/li>\n<li>1 x S\u00e4nkykeh\u00e4<\/li>\n<\/ul>\n","protected":false},"excerpt":{"rendered":"<ul>\n<li>V\u00e4ri: Musta tammi.<\/li>\n<li>Materiaali: Tekninen puu<\/li>\n<li>Kehysmateriaali: Tekninen puu<\/li>\n<li>Yleiset mitat: 203 x 104 x 70 cm (P x L x K)<\/li>\n<li>Patjan koko: Leve\u00e4 yhden hengen s\u00e4nky (100 cm x 200 cm \/ 39&#8243; x 79&#8243;)<\/li>\n<li>Onko slated kehys: Kyll\u00e4<\/li>\n<li>Enimm\u00e4ism\u00e4\u00e4r\u00e4 ihmisi\u00e4: 1<\/li>\n<li>Kest\u00e4v\u00e4<\/li>\n<li>v\u00e4rinvaihtovalot<\/li>\n<li>Valotyyppi: Led-valonauhat<\/li>\n<li>Kokoonpano vaaditaan: Kyll\u00e4<\/li>\n<li>Toimitus-:<\/li>\n<li>1 x S\u00e4nkykeh\u00e4<\/li>\n<\/ul>\n","protected":false},"featured_media":100000200493,"comment_status":"closed","ping_status":"closed","template":"","meta":[],"product_brand":[],"product_cat":[84,8638],"product_tag":[],"class_list":{"0":"post-200493","1":"product","2":"type-product","3":"status-publish","4":"has-post-thumbnail","6":"product_cat-huonekalut","7":"product_cat-sangyt-sangynrungot","9":"first","10":"instock","11":"taxable","12":"shipping-taxable","13":"purchasable","14":"product-type-simple"},"_links":{"self":[{"href":"https:\/\/www.otiumhome.fi\/index.php\/wp-json\/wp\/v2\/product\/200493","targetHints":{"allow":["GET"]}}],"collection":[{"href":"https:\/\/www.otiumhome.fi\/index.php\/wp-json\/wp\/v2\/product"}],"about":[{"href":"https:\/\/www.otiumhome.fi\/index.php\/wp-json\/wp\/v2\/types\/product"}],"replies":[{"embeddable":true,"href":"https:\/\/www.otiumhome.fi\/index.php\/wp-json\/wp\/v2\/comments?post=200493"}],"wp:featuredmedia":[{"embeddable":true,"href":"https:\/\/www.otiumhome.fi\/index.php\/wp-json\/"}],"wp:attachment":[{"href":"https:\/\/www.otiumhome.fi\/index.php\/wp-json\/wp\/v2\/media?parent=200493"}],"wp:term":[{"taxonomy":"product_brand","embeddable":true,"href":"https:\/\/www.otiumhome.fi\/index.php\/wp-json\/wp\/v2\/product_brand?post=200493"},{"taxonomy":"product_cat","embeddable":true,"href":"https:\/\/www.otiumhome.fi\/index.php\/wp-json\/wp\/v2\/product_cat?post=200493"},{"taxonomy":"product_tag","embeddable":true,"href":"https:\/\/www.otiumhome.fi\/index.php\/wp-json\/wp\/v2\/product_tag?post=200493"}],"curies":[{"name":"wp","href":"https:\/\/api.w.org\/{rel}","templated":true}]}}