{"id":200449,"date":"2025-12-23T20:58:16","date_gmt":"2025-12-23T20:58:16","guid":{"rendered":"https:\/\/www.otiumhome.fi\/?p=200449"},"modified":"2026-01-06T00:55:32","modified_gmt":"2026-01-06T00:55:32","slug":"lattiapunkka-vahanruskea-120-x-200-cm-taysi-manty","status":"publish","type":"product","link":"https:\/\/www.otiumhome.fi\/index.php\/tuote\/lattiapunkka-vahanruskea-120-x-200-cm-taysi-manty\/","title":{"rendered":"Lattiapunkka Vahanruskea 120 x 200 cm T\u00e4ysi m\u00e4nty"},"content":{"rendered":"<p>T\u00e4m\u00e4 moderni platform-s\u00e4nky on tyylik\u00e4s ja k\u00e4yt\u00e4nn\u00f6llinen valinta melkein mihin tahansa makuuhuoneeseen. Valmistettu t\u00e4ysm\u00e4ntypuusta ja metallista, s\u00e4nky on minimalistinen ja t\u00e4ydent\u00e4\u00e4 monia sisustustyylej\u00e4. Sen yksinkertainen muotoilu on ideaali niille, jotka etsiv\u00e4t siisti\u00e4 ja k\u00e4yt\u00e4nn\u00f6llist\u00e4 nukkumisratkaisua.<\/p>\n<ul><\/br><\/p>\n<li><b>T\u00e4ysi m\u00e4nty:<\/b> S\u00e4ngynrunko on tehty kest\u00e4v\u00e4st\u00e4 t\u00e4ysm\u00e4ntypuusta, mik\u00e4 takaa pitk\u00e4n k\u00e4ytt\u00f6i\u00e4n. Luonnolliset s\u00e4vyt tuovat l\u00e4mp\u00f6\u00e4 ja sopivat eri makuuhuoneisiin.<\/li>\n<p><\/br><\/p>\n<li><b>Kokoaminen tehty helpoksi:<\/b> Runko vaatii vain ruuvimeisselin, joten s\u00e4ngyn kokoonpano onnistuu nopeasti. T\u00e4m\u00e4 helpottaa tilan luomista ilman turhia vaivann\u00e4k\u00f6j\u00e4.<\/li>\n<p><\/br><\/p>\n<li><b>Nykyajan design:<\/b> S\u00e4ngynrunko on nykyaikainen ja yksinkertainen, jossa on siistit linjat. Se sopii hyvin moneen eri sisustustyyliin.<\/li>\n<p><\/br><\/p>\n<li><b>Tehokas tilank\u00e4ytt\u00f6:<\/b> Designin ansiosta pohjamateriaalia ei tarvitse, mik\u00e4 s\u00e4\u00e4st\u00e4\u00e4 tilaa ja resursseja. Huone stay\u0cd6 tehokkaana ja ilmavana.<\/li>\n<p><\/br><\/p>\n<li><b>Yksinkertainen huolto:<\/b> Puhdistus k\u00e4y helposti kostealla liinalla, joten s\u00e4nky pysyy siistin\u00e4 ilman suurta vaivann\u00e4k\u00f6\u00e4.<\/li>\n<p><\/br><\/ul>\n<ul>\n<li>V\u00e4ri: Vahanruskea<\/li>\n<li>Materiaali: T\u00e4ysi m\u00e4nty<\/li>\n<li>Kehysmateriaali: T\u00e4ysi m\u00e4nty<\/li>\n<li>Yleiset mitat: 200 x 120 x 10 cm (P x L x K)<\/li>\n<li>Enimm\u00e4ism\u00e4\u00e4r\u00e4 ihmisi\u00e4: 2<\/li>\n<li>Kokoonpano vaaditaan: Kyll\u00e4<\/li>\n<li>Toimitus-:<\/li>\n<li>1 x Lattiapunkka<\/li>\n<\/ul>\n","protected":false},"excerpt":{"rendered":"<ul>\n<li>V\u00e4ri: Vahanruskea<\/li>\n<li>Materiaali: T\u00e4ysi m\u00e4nty<\/li>\n<li>Kehysmateriaali: T\u00e4ysi m\u00e4nty<\/li>\n<li>Yleiset mitat: 200 x 120 x 10 cm (P x L x K)<\/li>\n<li>Enimm\u00e4ism\u00e4\u00e4r\u00e4 ihmisi\u00e4: 2<\/li>\n<li>Kokoonpano vaaditaan: Kyll\u00e4<\/li>\n<li>Toimitus-:<\/li>\n<li>1 x Lattiapunkka<\/li>\n<\/ul>\n","protected":false},"featured_media":100000200449,"comment_status":"closed","ping_status":"closed","template":"","meta":[],"product_brand":[],"product_cat":[84,8638],"product_tag":[],"class_list":{"0":"post-200449","1":"product","2":"type-product","3":"status-publish","4":"has-post-thumbnail","6":"product_cat-huonekalut","7":"product_cat-sangyt-sangynrungot","9":"first","10":"instock","11":"taxable","12":"shipping-taxable","13":"purchasable","14":"product-type-simple"},"_links":{"self":[{"href":"https:\/\/www.otiumhome.fi\/index.php\/wp-json\/wp\/v2\/product\/200449","targetHints":{"allow":["GET"]}}],"collection":[{"href":"https:\/\/www.otiumhome.fi\/index.php\/wp-json\/wp\/v2\/product"}],"about":[{"href":"https:\/\/www.otiumhome.fi\/index.php\/wp-json\/wp\/v2\/types\/product"}],"replies":[{"embeddable":true,"href":"https:\/\/www.otiumhome.fi\/index.php\/wp-json\/wp\/v2\/comments?post=200449"}],"wp:featuredmedia":[{"embeddable":true,"href":"https:\/\/www.otiumhome.fi\/index.php\/wp-json\/"}],"wp:attachment":[{"href":"https:\/\/www.otiumhome.fi\/index.php\/wp-json\/wp\/v2\/media?parent=200449"}],"wp:term":[{"taxonomy":"product_brand","embeddable":true,"href":"https:\/\/www.otiumhome.fi\/index.php\/wp-json\/wp\/v2\/product_brand?post=200449"},{"taxonomy":"product_cat","embeddable":true,"href":"https:\/\/www.otiumhome.fi\/index.php\/wp-json\/wp\/v2\/product_cat?post=200449"},{"taxonomy":"product_tag","embeddable":true,"href":"https:\/\/www.otiumhome.fi\/index.php\/wp-json\/wp\/v2\/product_tag?post=200449"}],"curies":[{"name":"wp","href":"https:\/\/api.w.org\/{rel}","templated":true}]}}