{"id":200391,"date":"2025-12-23T20:49:26","date_gmt":"2025-12-23T20:49:26","guid":{"rendered":"https:\/\/www.otiumhome.fi\/?p=200391"},"modified":"2026-01-05T23:57:20","modified_gmt":"2026-01-05T23:57:20","slug":"lattiapunkka-sailytystilassa-ruskea-100-x-200-cm-taysi-manty","status":"publish","type":"product","link":"https:\/\/www.otiumhome.fi\/index.php\/tuote\/lattiapunkka-sailytystilassa-ruskea-100-x-200-cm-taysi-manty\/","title":{"rendered":"Lattiapunkka s\u00e4ilytystilassa Ruskea 100 x 200 cm T\u00e4ysi m\u00e4nty"},"content":{"rendered":"<p>T\u00e4m\u00e4 lattias\u00e4ngyn runko tarjoaa t\u00e4ydellisen yhdistelm\u00e4n tyyli\u00e4 ja toimivuutta, joka sopii mihin tahansa makuuhuoneen tilaan. Sen suorakaiteen muoto korostaa huoneen mittoja, luoden rauhoittavan ja kutsuvan ymp\u00e4rist\u00f6n rentoutumiseen ja mukavuuteen. Sile\u00e4 pinta ja ep\u00e4l\u00e4pin\u00e4kyv\u00e4 muotoilu antavat nykyaikaisen vivahteen, mik\u00e4 tekee siit\u00e4 erinomaisen valinnan niille, jotka etsiv\u00e4t huomaamatonta mutta tyylik\u00e4st\u00e4 ilmett\u00e4. Suunniteltu sis\u00e4tiloihin, t\u00e4m\u00e4 runko toimii keskeisen\u00e4 osana huolellisesti suunnitelluissa pyh\u00e4kk\u00f6iss\u00e4, joissa uudistumista arvostetaan. Pienempi tilank\u00e4ytt\u00f6 tekee siit\u00e4 mukautuvan, erityisesti kompakteille makuuhuoneille.<\/p>\n<ul>\n<li><b>Materiaalin laatu:<\/b> Suunniteltu kest\u00e4vyys mieless\u00e4, ep\u00e4l\u00e4pin\u00e4kyv\u00e4 materiaali takaa vertaansa vailla olevan kest\u00e4vyyden ja tarjoaa sile\u00e4n pinnan, joka parantaa sen virtaviivaista rakennetta. T\u00e4m\u00e4 valinta tarjoaa tukevan tuen p\u00e4ivitt\u00e4iseen k\u00e4ytt\u00f6\u00f6n, varmistaen, ett\u00e4 se pysyy makuuhuoneessasi vuosia. Korkealaatuinen k\u00e4sity\u00f6 pident\u00e4\u00e4 s\u00e4ngyn rungon k\u00e4ytt\u00f6ik\u00e4\u00e4 s\u00e4ilytt\u00e4en samalla sen alkuper\u00e4isen ulkon\u00e4\u00f6n.<\/li>\n<li><b>Vahva rakenne:<\/b> Lattias\u00e4ngyn runko tunnetaan kest\u00e4v\u00e4st\u00e4 suunnitelmastaan, joka tukee patjaa ja k\u00e4ytt\u00e4ji\u00e4 luotettavasti. Sen rakenteellinen eheys on ilmeinen jokaisen rauhallisen y\u00f6unen my\u00f6t\u00e4. T\u00e4m\u00e4 laatu tekee siit\u00e4 j\u00e4rkev\u00e4n sijoituksen kaikille, jotka haluavat yhdist\u00e4\u00e4 suorituskyvyn ja tyylin. T\u00e4m\u00e4 runko takaa vakaan alustan optimaaliseen rentoutumiseen ja turvallisuuteen.<\/li>\n<li><b>Sis\u00e4k\u00e4ytt\u00f6\u00f6n keskittyminen:<\/b> Erityisesti sis\u00e4tiloihin suunniteltu t\u00e4m\u00e4 runko on t\u00e4ydellinen sulautumaan mukavasti makuuhuoneen turvapaikkaasi. Mukautuvan suunnittelun ansiosta se t\u00e4ydent\u00e4\u00e4 erilaisia sisustustyylej\u00e4. Sen monipuolinen k\u00e4ytt\u00f6 mahdollistaa sen sulautumisen erilaisiin huoneen estetiikoihin, luoden harmonisen ymp\u00e4rist\u00f6n.<\/li>\n<li><b>Helppo kokoaminen:<\/b> Vaikka kokoaminen on tarpeen, suoraviivainen prosessi varmistaa, ett\u00e4 voit nauttia uudesta s\u00e4ngyn rungostasi nopeasti. Vaiheittaiset ohjeet tekev\u00e4t kokemuksesta vaivattoman, ja vain minimaalisesti ty\u00f6kaluja vaaditaan. T\u00e4m\u00e4 harkittu suunnitelma varmistaa, ett\u00e4 k\u00e4ytt\u00e4j\u00e4t voivat siirty\u00e4 nopeasti pystytt\u00e4misest\u00e4 luhavaan uneen.<\/li>\n<li><b>Yksinkertainen huolto:<\/b> Lattias\u00e4ngyn rungon yll\u00e4pito on suoraviivaista helppojen huolto-ohjeiden ansiosta. Pyyhkim\u00e4ll\u00e4 se vain kostealla liinalla s\u00e4ilyt\u00e4t sen erinomaisen visuaalisen ulkon\u00e4\u00f6n, mik\u00e4 tekee siit\u00e4 k\u00e4yt\u00e4nn\u00f6llisen kiireisille kotitalouksille. N\u00e4m\u00e4 yksinkertaistetut huoltomenetelm\u00e4t varmistavat, ett\u00e4 se pysyy matala-hoitoisena huonekaluna, t\u00e4ydellinen nykyaikaisille el\u00e4m\u00e4ntavoille.<\/li>\n<\/ul>\n<ul>\n<li>V\u00e4ri: Ruskea<\/li>\n<li>Materiaali: T\u00e4ysi m\u00e4nty<\/li>\n<li>Yleiset mitat: 203.5 x 103.5 x 25 cm (P x L x K)<\/li>\n<li>Kest\u00e4v\u00e4<\/li>\n<li>Moderni<\/li>\n<li>S\u00e4ilytystila<\/li>\n<li>Vahva ja kest\u00e4v\u00e4<\/li>\n<li>Kokoonpano vaaditaan: Ei<\/li>\n<li>Toimitus-:<\/li>\n<li>1 x Lattiapunkka<\/li>\n<\/ul>\n","protected":false},"excerpt":{"rendered":"<ul>\n<li>V\u00e4ri: Ruskea<\/li>\n<li>Materiaali: T\u00e4ysi m\u00e4nty<\/li>\n<li>Yleiset mitat: 203.5 x 103.5 x 25 cm (P x L x K)<\/li>\n<li>Kest\u00e4v\u00e4<\/li>\n<li>Moderni<\/li>\n<li>S\u00e4ilytystila<\/li>\n<li>Vahva ja kest\u00e4v\u00e4<\/li>\n<li>Kokoonpano vaaditaan: Ei<\/li>\n<li>Toimitus-:<\/li>\n<li>1 x Lattiapunkka<\/li>\n<\/ul>\n","protected":false},"featured_media":100000200391,"comment_status":"closed","ping_status":"closed","template":"","meta":[],"product_brand":[],"product_cat":[84,8638],"product_tag":[],"class_list":{"0":"post-200391","1":"product","2":"type-product","3":"status-publish","4":"has-post-thumbnail","6":"product_cat-huonekalut","7":"product_cat-sangyt-sangynrungot","9":"first","10":"instock","11":"taxable","12":"shipping-taxable","13":"purchasable","14":"product-type-simple"},"_links":{"self":[{"href":"https:\/\/www.otiumhome.fi\/index.php\/wp-json\/wp\/v2\/product\/200391","targetHints":{"allow":["GET"]}}],"collection":[{"href":"https:\/\/www.otiumhome.fi\/index.php\/wp-json\/wp\/v2\/product"}],"about":[{"href":"https:\/\/www.otiumhome.fi\/index.php\/wp-json\/wp\/v2\/types\/product"}],"replies":[{"embeddable":true,"href":"https:\/\/www.otiumhome.fi\/index.php\/wp-json\/wp\/v2\/comments?post=200391"}],"wp:featuredmedia":[{"embeddable":true,"href":"https:\/\/www.otiumhome.fi\/index.php\/wp-json\/"}],"wp:attachment":[{"href":"https:\/\/www.otiumhome.fi\/index.php\/wp-json\/wp\/v2\/media?parent=200391"}],"wp:term":[{"taxonomy":"product_brand","embeddable":true,"href":"https:\/\/www.otiumhome.fi\/index.php\/wp-json\/wp\/v2\/product_brand?post=200391"},{"taxonomy":"product_cat","embeddable":true,"href":"https:\/\/www.otiumhome.fi\/index.php\/wp-json\/wp\/v2\/product_cat?post=200391"},{"taxonomy":"product_tag","embeddable":true,"href":"https:\/\/www.otiumhome.fi\/index.php\/wp-json\/wp\/v2\/product_tag?post=200391"}],"curies":[{"name":"wp","href":"https:\/\/api.w.org\/{rel}","templated":true}]}}