{"id":200283,"date":"2025-12-23T19:46:36","date_gmt":"2025-12-23T19:46:36","guid":{"rendered":"https:\/\/www.otiumhome.fi\/?p=200283"},"modified":"2026-01-06T18:27:51","modified_gmt":"2026-01-06T18:27:51","slug":"sangyn-runko-ruskea-80-x-200-cm-taysi-manty","status":"publish","type":"product","link":"https:\/\/www.otiumhome.fi\/index.php\/tuote\/sangyn-runko-ruskea-80-x-200-cm-taysi-manty\/","title":{"rendered":"S\u00e4ngyn runko Ruskea 80 x 200 cm T\u00e4ysi M\u00e4nty"},"content":{"rendered":"<p>T\u00e4m\u00e4 trundle-s\u00e4nkykehys yhdist\u00e4\u00e4 modernin tyylin ja k\u00e4yt\u00e4nn\u00f6llisen suunnittelun, joten se on loistava valinta nykyaikaisiin koteihin. Vahva t\u00e4ysm\u00e4ntyrakenne tarjoaa sek\u00e4 kest\u00e4vyytt\u00e4 ett\u00e4 kauniin ulkon\u00e4\u00f6n. Suorakulmainen muoto antaa s\u00e4ngylle yhten\u00e4isen ilmeen, joka sopii hyvin modernin sisustuksen yksinkertaisuuteen ja eleganssiin. Sulava ja puhdas profiili tekee siit\u00e4 t\u00e4ydellisen minimalistisiin makuuhuoneisiin, joissa tyyli kohtaa k\u00e4yt\u00e4nn\u00f6llisyyden.<\/p>\n<ul>\n<li><b>Vankka rakenne:<\/b> Valmistettu t\u00e4ysin m\u00e4nnyst\u00e4, s\u00e4ngyn rakenne takaa pitk\u00e4n k\u00e4ytt\u00f6i\u00e4n. T\u00e4m\u00e4 materiaalivalinta tekee s\u00e4ngyst\u00e4 kest\u00e4v\u00e4n p\u00e4ivitt\u00e4isess\u00e4 k\u00e4yt\u00f6ss\u00e4. M\u00e4nnyn luonnolliset kuviot lis\u00e4\u00e4v\u00e4t tilan kauneutta ja luovat kodikasta tunnelmaa.<\/li>\n<li><b>Moderni esteettisyys:<\/b> S\u00e4nkykehyss\u00e4 on nykyaikainen tyyli, jossa on suorat linjat ja v\u00e4h\u00e4n koristeluja. T\u00e4m\u00e4 antaa mahdollisuuden yhdisty\u00e4 erilaisiin sisustustyyleihin, parantaen huoneen ilmeit\u00e4. Sen yksinkertainen kauneus tekee siit\u00e4 ajattoman valinnan, joka yhdist\u00e4\u00e4 muotoilun ja k\u00e4yt\u00e4nn\u00f6llisyyden.<\/li>\n<li><b>Kiinte\u00e4 kehys:<\/b> S\u00e4ngyss\u00e4 on kiinte\u00e4 s\u00e4lepohja, joka tarjoaa tukevan alustan. Vaikka se ei jousta paljon, j\u00e4ykk\u00e4 rakenne takaa mukavan ja kest\u00e4v\u00e4n nukkumisen. Se sopii erityisesti niille, jotka arvostavat tukevuutta nukkumisel\u00e4m\u00e4ss\u00e4\u00e4n.<\/li>\n<li><b>Helppo yll\u00e4pito:<\/b> Yll\u00e4pito on helppoa, tarvitset vain kosteaa liinaa pyyhkimiseen. T\u00e4m\u00e4 pit\u00e4\u00e4 puun puhtaana ja kiilt\u00e4v\u00e4n\u00e4 vaivatta ymp\u00e4ri vuoden, joten se on t\u00e4ydellinen valinta kiireisille, jotka arvostavat puhtautta.<\/li>\n<li><b>Yksinkertainen kokoaminen:<\/b> Kokoamiseen tarvitaan kaksi henkil\u00f6\u00e4 ja ruuvimeisseli. T\u00e4m\u00e4 takaa turvallisen asennuksen, joka pysyy paikoillaan pitk\u00e4\u00e4n. Selke\u00e4t ohjeet tekev\u00e4t kokoamisesta helppoa ilman erityisi\u00e4 taitoja.<\/li>\n<\/ul>\n<ul>\n<li>V\u00e4ri: Ruskea<\/li>\n<li>Materiaali: T\u00e4ysi m\u00e4nty<\/li>\n<li>Kehysmateriaali: T\u00e4ysi m\u00e4nty<\/li>\n<li>Yleiset mitat: 80 x 200 cm (P x L)<\/li>\n<li>Patjan koko: Pieni yhden hengen s\u00e4nky (80 cm x 200 cm \/ 31&#8243; x 79&#8243;)<\/li>\n<li>Enimm\u00e4ispaino: 100 kg<\/li>\n<li>Enimm\u00e4ism\u00e4\u00e4r\u00e4 ihmisi\u00e4: 1<\/li>\n<li>Moderni<\/li>\n<li>Kokoonpano vaaditaan: Kyll\u00e4<\/li>\n<li>Toimitus-:<\/li>\n<li>1 x S\u00e4nkyrunko<\/li>\n<\/ul>\n","protected":false},"excerpt":{"rendered":"<ul>\n<li>V\u00e4ri: Ruskea<\/li>\n<li>Materiaali: T\u00e4ysi m\u00e4nty<\/li>\n<li>Kehysmateriaali: T\u00e4ysi m\u00e4nty<\/li>\n<li>Yleiset mitat: 80 x 200 cm (P x L)<\/li>\n<li>Patjan koko: Pieni yhden hengen s\u00e4nky (80 cm x 200 cm \/ 31&#8243; x 79&#8243;)<\/li>\n<li>Enimm\u00e4ispaino: 100 kg<\/li>\n<li>Enimm\u00e4ism\u00e4\u00e4r\u00e4 ihmisi\u00e4: 1<\/li>\n<li>Moderni<\/li>\n<li>Kokoonpano vaaditaan: Kyll\u00e4<\/li>\n<li>Toimitus-:<\/li>\n<li>1 x S\u00e4nkyrunko<\/li>\n<\/ul>\n","protected":false},"featured_media":100000200283,"comment_status":"closed","ping_status":"closed","template":"","meta":[],"product_brand":[],"product_cat":[84,8638],"product_tag":[],"class_list":{"0":"post-200283","1":"product","2":"type-product","3":"status-publish","4":"has-post-thumbnail","6":"product_cat-huonekalut","7":"product_cat-sangyt-sangynrungot","9":"first","10":"instock","11":"taxable","12":"shipping-taxable","13":"purchasable","14":"product-type-simple"},"_links":{"self":[{"href":"https:\/\/www.otiumhome.fi\/index.php\/wp-json\/wp\/v2\/product\/200283","targetHints":{"allow":["GET"]}}],"collection":[{"href":"https:\/\/www.otiumhome.fi\/index.php\/wp-json\/wp\/v2\/product"}],"about":[{"href":"https:\/\/www.otiumhome.fi\/index.php\/wp-json\/wp\/v2\/types\/product"}],"replies":[{"embeddable":true,"href":"https:\/\/www.otiumhome.fi\/index.php\/wp-json\/wp\/v2\/comments?post=200283"}],"wp:featuredmedia":[{"embeddable":true,"href":"https:\/\/www.otiumhome.fi\/index.php\/wp-json\/"}],"wp:attachment":[{"href":"https:\/\/www.otiumhome.fi\/index.php\/wp-json\/wp\/v2\/media?parent=200283"}],"wp:term":[{"taxonomy":"product_brand","embeddable":true,"href":"https:\/\/www.otiumhome.fi\/index.php\/wp-json\/wp\/v2\/product_brand?post=200283"},{"taxonomy":"product_cat","embeddable":true,"href":"https:\/\/www.otiumhome.fi\/index.php\/wp-json\/wp\/v2\/product_cat?post=200283"},{"taxonomy":"product_tag","embeddable":true,"href":"https:\/\/www.otiumhome.fi\/index.php\/wp-json\/wp\/v2\/product_tag?post=200283"}],"curies":[{"name":"wp","href":"https:\/\/api.w.org\/{rel}","templated":true}]}}