{"id":200270,"date":"2025-12-23T19:40:41","date_gmt":"2025-12-23T19:40:41","guid":{"rendered":"https:\/\/www.otiumhome.fi\/?p=200270"},"modified":"2026-01-06T11:39:14","modified_gmt":"2026-01-06T11:39:14","slug":"sangyn-runko-ruskea-80-x-210-cm-massiivinen-manty","status":"publish","type":"product","link":"https:\/\/www.otiumhome.fi\/index.php\/tuote\/sangyn-runko-ruskea-80-x-210-cm-massiivinen-manty\/","title":{"rendered":"S\u00e4ngyn runko Ruskea 80 x 210 cm Massiivinen m\u00e4nty"},"content":{"rendered":"<p>T\u00e4m\u00e4 alustapetari on kauniisti suunniteltu ja sopii hyvin moderniin makuuhuonemilj\u00f6\u00f6seen. Se on tehty yksinkertaisuutta ja toiminnallisuutta silm\u00e4ll\u00e4 pit\u00e4en, esitt\u00e4en puhtaita linjoja ja kest\u00e4v\u00e4\u00e4 t\u00e4ysm\u00e4ntyist\u00e4 rakennetta. T\u00e4m\u00e4 huonekalu tarjoaa tukevan alustan rauhalliselle y\u00f6unelle ja tuo elegantin lis\u00e4n huoneesi sisustukseen.<\/p>\n<ul>\n<li><b>T\u00e4ysi m\u00e4nty:<\/b> T\u00e4m\u00e4 s\u00e4nkykehys on valmistettu korkealaatuisesta t\u00e4ysm\u00e4ntyisest\u00e4 puusta, joka takaa erinomaisen vakauden ja kest\u00e4vyden. Puu tunnetaan siit\u00e4, ett\u00e4 se kest\u00e4\u00e4 pitk\u00e4\u00e4n, joten s\u00e4nky on luotettava osa kotiasi vuosiksi. Sen luonnollinen pinta tuo l\u00e4mp\u00f6\u00e4 makuuhuoneeseen ja parantaa huoneen yleist\u00e4 ilmett\u00e4.<\/li>\n<\/ul>\n<ul>\n<li>V\u00e4ri: Ruskea<\/li>\n<li>Materiaali: Massiivinen m\u00e4nty<\/li>\n<li>Yleiset mitat: 213 x 80 x 30 cm (P x L x K)<\/li>\n<li>Paino: 12,1 kg<\/li>\n<li>Kest\u00e4v\u00e4<\/li>\n<li>Kehysmateriaali: T\u00e4ysi m\u00e4nty<\/li>\n<li>Sis\u00e4- \/ ulkotiloissa: Vain sis\u00e4k\u00e4ytt\u00f6\u00f6n<\/li>\n<li>Toimitus-:<\/li>\n<li>1 x S\u00e4nkykeh\u00e4<\/li>\n<li>Kokoonpano vaaditaan: Kyll\u00e4<\/li>\n<\/ul>\n","protected":false},"excerpt":{"rendered":"<ul>\n<li>V\u00e4ri: Ruskea<\/li>\n<li>Materiaali: Massiivinen m\u00e4nty<\/li>\n<li>Yleiset mitat: 213 x 80 x 30 cm (P x L x K)<\/li>\n<li>Paino: 12,1 kg<\/li>\n<li>Kest\u00e4v\u00e4<\/li>\n<li>Kehysmateriaali: T\u00e4ysi m\u00e4nty<\/li>\n<li>Sis\u00e4- \/ ulkotiloissa: Vain sis\u00e4k\u00e4ytt\u00f6\u00f6n<\/li>\n<li>Toimitus-:<\/li>\n<li>1 x S\u00e4nkykeh\u00e4<\/li>\n<li>Kokoonpano vaaditaan: Kyll\u00e4<\/li>\n<\/ul>\n","protected":false},"featured_media":100000200270,"comment_status":"closed","ping_status":"closed","template":"","meta":[],"product_brand":[],"product_cat":[84,8638],"product_tag":[],"class_list":{"0":"post-200270","1":"product","2":"type-product","3":"status-publish","4":"has-post-thumbnail","6":"product_cat-huonekalut","7":"product_cat-sangyt-sangynrungot","9":"first","10":"instock","11":"taxable","12":"shipping-taxable","13":"purchasable","14":"product-type-simple"},"_links":{"self":[{"href":"https:\/\/www.otiumhome.fi\/index.php\/wp-json\/wp\/v2\/product\/200270","targetHints":{"allow":["GET"]}}],"collection":[{"href":"https:\/\/www.otiumhome.fi\/index.php\/wp-json\/wp\/v2\/product"}],"about":[{"href":"https:\/\/www.otiumhome.fi\/index.php\/wp-json\/wp\/v2\/types\/product"}],"replies":[{"embeddable":true,"href":"https:\/\/www.otiumhome.fi\/index.php\/wp-json\/wp\/v2\/comments?post=200270"}],"wp:featuredmedia":[{"embeddable":true,"href":"https:\/\/www.otiumhome.fi\/index.php\/wp-json\/"}],"wp:attachment":[{"href":"https:\/\/www.otiumhome.fi\/index.php\/wp-json\/wp\/v2\/media?parent=200270"}],"wp:term":[{"taxonomy":"product_brand","embeddable":true,"href":"https:\/\/www.otiumhome.fi\/index.php\/wp-json\/wp\/v2\/product_brand?post=200270"},{"taxonomy":"product_cat","embeddable":true,"href":"https:\/\/www.otiumhome.fi\/index.php\/wp-json\/wp\/v2\/product_cat?post=200270"},{"taxonomy":"product_tag","embeddable":true,"href":"https:\/\/www.otiumhome.fi\/index.php\/wp-json\/wp\/v2\/product_tag?post=200270"}],"curies":[{"name":"wp","href":"https:\/\/api.w.org\/{rel}","templated":true}]}}