{"id":200265,"date":"2025-12-23T19:40:39","date_gmt":"2025-12-23T19:40:39","guid":{"rendered":"https:\/\/www.otiumhome.fi\/?p=200265"},"modified":"2026-01-06T11:39:10","modified_gmt":"2026-01-06T11:39:10","slug":"sangyn-runko-vaha-ruskea-90-x-220-cm-massiivinen-manty","status":"publish","type":"product","link":"https:\/\/www.otiumhome.fi\/index.php\/tuote\/sangyn-runko-vaha-ruskea-90-x-220-cm-massiivinen-manty\/","title":{"rendered":"S\u00e4ngyn runko Vaha ruskea 90 x 220 cm Massiivinen m\u00e4nty"},"content":{"rendered":"<p>T\u00e4m\u00e4 platform-s\u00e4nkykehys yhdist\u00e4\u00e4 modernin ja minimalistisen muotoilun, mik\u00e4 sopii t\u00e4ydellisesti nykyaikaisiin makuuhuoneisiin. Kest\u00e4v\u00e4 t\u00e4yden m\u00e4ntypuun rakenne tuo mukanaan eleganssia, luoden n\u00e4ytt\u00e4v\u00e4n keskipisteen mihin tahansa tilaan. Sen matala muotoilu lis\u00e4\u00e4 turvallisuuden tunnetta, samalla kun se tuo modernia ilmett\u00e4 huoneeseen. T\u00e4m\u00e4 s\u00e4nkykehys on t\u00e4ydellinen aikuisille, jotka haluavat yhdist\u00e4\u00e4 tyylin ja toiminnallisuuden.<\/p>\n<ul><\/br><\/p>\n<li><b>Materiaali:<\/b> T\u00e4m\u00e4 s\u00e4nkykehys on valmistettu laadukkaasta t\u00e4yden m\u00e4ntypuun, joka tuo luonnollista ilmett\u00e4 ja pitk\u00e4n aikav\u00e4lin kest\u00e4vyytt\u00e4. Metallisiteet antavat lis\u00e4tukea, luoden turvallisen nukkumisymp\u00e4rist\u00f6n. T\u00e4m\u00e4 yhdistelm\u00e4 tekee siit\u00e4 t\u00e4ydellisen moderniin sisustukseen, jossa se n\u00e4ytt\u00e4\u00e4 elegantilta.<\/li>\n<p><\/br><\/p>\n<li><b>Included Components:<\/b> T\u00e4m\u00e4 platform-s\u00e4nkykehys sis\u00e4lt\u00e4\u00e4 k\u00e4yt\u00e4nn\u00f6llisen y\u00f6p\u00f6yd\u00e4n, joka tarjoaa k\u00e4tev\u00e4n s\u00e4ilytystilan t\u00e4rkeille asioille. Laatikot ovat loistavia henkil\u00f6kohtaisten tavaroiden j\u00e4rjest\u00e4miseen, pit\u00e4en huoneen siistin\u00e4 ja kauniina.<\/li>\n<p><\/br><\/p>\n<li><b>Ominaisuudet \/ Toiminta \/ Suunnittelu:<\/b> Matala profiili tarkoittaa, ettei s\u00e4nkykehys tarvitse laatikkoa, mik\u00e4 tekee siit\u00e4 siistin n\u00e4k\u00f6isen ja optimoi tilank\u00e4yt\u00f6n. Ergonominen muotoilu maksimoi huoneen k\u00e4yt\u00f6n ja sopii eri sisustustyyleihin, ollen sek\u00e4 toiminnallinen ett\u00e4 kaunis.<\/li>\n<p><\/br><\/p>\n<li><b>Suositellut K\u00e4yt\u00f6t:<\/b> T\u00e4m\u00e4 s\u00e4nkykehys on t\u00e4ydellinen makuuhuoneisiin, joissa arvostetaan tyyli\u00e4 ja toimivuutta. Se sopii aikuisille, jotka haluavat tyylikk\u00e4\u00e4n lis\u00e4n huoneeseensa. Suunnittelu sulautuu nykyaikaiseen sisustukseen, joten se toimii hyvin niin yksin\u00e4isille kuin pareille.<\/li>\n<p><\/br><\/p>\n<li><b>Hoito &amp; Yll\u00e4pito:<\/b> Pid\u00e4 kehys hyv\u00e4n\u00e4 pyyhkim\u00e4ll\u00e4 se kostealla liinalla. T\u00e4m\u00e4 helppo hoitomenetelm\u00e4 pit\u00e4\u00e4 s\u00e4ngyn kauniina ja kest\u00e4v\u00e4n\u00e4, s\u00e4ilytt\u00e4en sen modernin ilmeen.<\/li>\n<p><\/br><\/ul>\n<ul>\n<li>V\u00e4ri: Vaha ruskea<\/li>\n<li>Materiaali: Massiivinen m\u00e4nty<\/li>\n<li>Kehysmateriaali: T\u00e4ysi m\u00e4nty<\/li>\n<li>Yleiset mitat: 223,5 x 93,5 x 24 cm (P x L x K)<\/li>\n<li>Enimm\u00e4ispaino: 110 kg<\/li>\n<li>Onko slated kehys: Kyll\u00e4<\/li>\n<li>Enimm\u00e4ism\u00e4\u00e4r\u00e4 ihmisi\u00e4: 1<\/li>\n<li>Kest\u00e4v\u00e4<\/li>\n<li>Kokoonpano vaaditaan: Kyll\u00e4<\/li>\n<li>Toimitus-:<\/li>\n<li>1 x S\u00e4nkykeh\u00e4<\/li>\n<\/ul>\n","protected":false},"excerpt":{"rendered":"<ul>\n<li>V\u00e4ri: Vaha ruskea<\/li>\n<li>Materiaali: Massiivinen m\u00e4nty<\/li>\n<li>Kehysmateriaali: T\u00e4ysi m\u00e4nty<\/li>\n<li>Yleiset mitat: 223,5 x 93,5 x 24 cm (P x L x K)<\/li>\n<li>Enimm\u00e4ispaino: 110 kg<\/li>\n<li>Onko slated kehys: Kyll\u00e4<\/li>\n<li>Enimm\u00e4ism\u00e4\u00e4r\u00e4 ihmisi\u00e4: 1<\/li>\n<li>Kest\u00e4v\u00e4<\/li>\n<li>Kokoonpano vaaditaan: Kyll\u00e4<\/li>\n<li>Toimitus-:<\/li>\n<li>1 x S\u00e4nkykeh\u00e4<\/li>\n<\/ul>\n","protected":false},"featured_media":100000200265,"comment_status":"closed","ping_status":"closed","template":"","meta":[],"product_brand":[],"product_cat":[84,8638],"product_tag":[],"class_list":{"0":"post-200265","1":"product","2":"type-product","3":"status-publish","4":"has-post-thumbnail","6":"product_cat-huonekalut","7":"product_cat-sangyt-sangynrungot","9":"first","10":"instock","11":"taxable","12":"shipping-taxable","13":"purchasable","14":"product-type-simple"},"_links":{"self":[{"href":"https:\/\/www.otiumhome.fi\/index.php\/wp-json\/wp\/v2\/product\/200265","targetHints":{"allow":["GET"]}}],"collection":[{"href":"https:\/\/www.otiumhome.fi\/index.php\/wp-json\/wp\/v2\/product"}],"about":[{"href":"https:\/\/www.otiumhome.fi\/index.php\/wp-json\/wp\/v2\/types\/product"}],"replies":[{"embeddable":true,"href":"https:\/\/www.otiumhome.fi\/index.php\/wp-json\/wp\/v2\/comments?post=200265"}],"wp:featuredmedia":[{"embeddable":true,"href":"https:\/\/www.otiumhome.fi\/index.php\/wp-json\/"}],"wp:attachment":[{"href":"https:\/\/www.otiumhome.fi\/index.php\/wp-json\/wp\/v2\/media?parent=200265"}],"wp:term":[{"taxonomy":"product_brand","embeddable":true,"href":"https:\/\/www.otiumhome.fi\/index.php\/wp-json\/wp\/v2\/product_brand?post=200265"},{"taxonomy":"product_cat","embeddable":true,"href":"https:\/\/www.otiumhome.fi\/index.php\/wp-json\/wp\/v2\/product_cat?post=200265"},{"taxonomy":"product_tag","embeddable":true,"href":"https:\/\/www.otiumhome.fi\/index.php\/wp-json\/wp\/v2\/product_tag?post=200265"}],"curies":[{"name":"wp","href":"https:\/\/api.w.org\/{rel}","templated":true}]}}