{"id":200003,"date":"2025-12-22T13:45:14","date_gmt":"2025-12-22T13:45:14","guid":{"rendered":"https:\/\/www.otiumhome.fi\/?p=200003"},"modified":"2026-01-05T17:16:19","modified_gmt":"2026-01-05T17:16:19","slug":"sangyn-runko-betoni-6ft-super-king-size-massiivinen-manty","status":"publish","type":"product","link":"https:\/\/www.otiumhome.fi\/index.php\/tuote\/sangyn-runko-betoni-6ft-super-king-size-massiivinen-manty\/","title":{"rendered":"S\u00e4ngyn runko Betoni 6FT Super King Size Massiivinen m\u00e4nty"},"content":{"rendered":"<p>T\u00e4m\u00e4 moderni s\u00e4nkykehys tarjoaa yhdistelm\u00e4n aitoa tyyli\u00e4 ja rakenteellista eheytt\u00e4, t\u00e4ydellinen mihin tahansa tyylikk\u00e4\u00e4seen makuuhuoneeseen. Suunniteltu sopimaan monenlaisiin sisustustyyleihin, se yhdist\u00e4\u00e4 esteettisyyden ja toimivuuden. Suorat linjat ja selke\u00e4 muoto tuovat esiin sen hienostuneen vieh\u00e4tyksen, luoden mukautuvan ymp\u00e4rist\u00f6n, jossa on hyv\u00e4 rentoutua. Yhdist\u00e4m\u00e4ll\u00e4 s\u00e4lepohjan ja vahvat m\u00e4ntyiset p\u00e4\u00e4ty, t\u00e4m\u00e4 s\u00e4nkykehys toimii upeana keskipisteen\u00e4, lupaa sek\u00e4 muotoa ett\u00e4 toimivuutta. Sen moderni muotoilu sopii niille, jotka etsiv\u00e4t yksinkertaista, mutta tyylik\u00e4st\u00e4 ratkaisua parantaakseen nukkumapaikkaansa.<\/p>\n<ul><\/br><\/p>\n<li><b>T\u00e4ysi m\u00e4nty p\u00e4\u00e4ty:<\/b> S\u00e4nkykehyst\u00e4 varustaa tukevasta t\u00e4ysipuusta tehty p\u00e4\u00e4ty, joka tuo luonnollista vieh\u00e4tyst\u00e4 ja l\u00e4mp\u00f6\u00e4 makuuhuoneen sisustukseen. P\u00e4\u00e4ty ei ainoastaan n\u00e4yt\u00e4 hyv\u00e4lt\u00e4, vaan se my\u00f6s tukee istumista ja rentoutumista esimerkiksi lukemisen tai TV:n katsomisen aikana.<\/li>\n<p><\/br><\/p>\n<li><b>Kiinte\u00e4 s\u00e4lepohja:<\/b> Asennettu alapuolella, joustamaton s\u00e4lepohja, joka on valmistettu teknisest\u00e4 puusta, varmistaa optimaalisen matalan tuen ja pident\u00e4\u00e4 patjan k\u00e4ytt\u00f6ik\u00e4\u00e4. Se parantaa ilmanvaihtoa ja v\u00e4hent\u00e4\u00e4 homeen ja allergeenien kertymist\u00e4, ollen n\u00e4in erinomainen valinta hygieeniseen nukkumisymp\u00e4rist\u00f6\u00f6n.<\/li>\n<p><\/br><\/p>\n<li><b>Tekninen puu runko:<\/b> Kehykselle k\u00e4ytetty tekninen puu luo tukevan perustan, yhdist\u00e4en kest\u00e4vyyden ja tyylin. Rakenne varmistaa, ett\u00e4 s\u00e4nky pysyy ehj\u00e4n\u00e4 ja kest\u00e4\u00e4 p\u00e4ivitt\u00e4ist\u00e4 k\u00e4ytt\u00f6\u00e4, tarjoten asukkaille luotettavaa nukkumisratkaisua.<\/li>\n<p><\/br><\/p>\n<li><b>Helppo puhdistaa:<\/b> K\u00e4yt\u00e4nn\u00f6llinen s\u00e4nkykehys on helppo pit\u00e4\u00e4 puhtaana; pyyhk\u00e4ise vain kostealla liinalla poistaaksesi p\u00f6lyn ja tahrat. Sen helppohoitoinen pinta takaa, ett\u00e4 se n\u00e4ytt\u00e4\u00e4 aina hyv\u00e4lt\u00e4 vaivattomasti, pident\u00e4en sen visuaalista vieh\u00e4tyst\u00e4.<\/li>\n<p><\/br><\/p>\n<li><b>Kokoaminen vaaditaan:<\/b> Kokoa kehys ruuvimeisselin avulla yhdess\u00e4 toisen henkil\u00f6n kanssa. Kokoaminen on helppoa, kunhan kohdistat oikein varmistaaksesi turvallisen ja vakaan rakenteen. Oppaat tarjoavat selke\u00e4t ohjeet, jotka auttavat sinua kokoamisessa.<\/li>\n<p><\/br><\/ul>\n<ul>\n<li>V\u00e4ri: Betoni<\/li>\n<li>Materiaali: Massiivinen m\u00e4nty<\/li>\n<li>Kehysmateriaali: Tekninen puu<\/li>\n<li>Yleiset mitat: 206 x 183 x 100 cm (P x L x K)<\/li>\n<li>Patjan koko: Super king (180 cm x 200 cm \/ 71&#8243; x 79&#8243;)<\/li>\n<li>Enimm\u00e4ispaino: 200 kg<\/li>\n<li>Onko slated kehys: Kyll\u00e4<\/li>\n<li>Enimm\u00e4ism\u00e4\u00e4r\u00e4 ihmisi\u00e4: 2<\/li>\n<li>Kest\u00e4v\u00e4<\/li>\n<li>Helppo puhdistaa<\/li>\n<li>Kokoonpano vaaditaan: Kyll\u00e4<\/li>\n<li>Toimitus-:<\/li>\n<li>1 x s\u00e4ngynrunko<\/li>\n<li>1 x s\u00e4ngynp\u00e4\u00e4ty<\/li>\n<\/ul>\n","protected":false},"excerpt":{"rendered":"<ul>\n<li>V\u00e4ri: Betoni<\/li>\n<li>Materiaali: Massiivinen m\u00e4nty<\/li>\n<li>Kehysmateriaali: Tekninen puu<\/li>\n<li>Yleiset mitat: 206 x 183 x 100 cm (P x L x K)<\/li>\n<li>Patjan koko: Super king (180 cm x 200 cm \/ 71&#8243; x 79&#8243;)<\/li>\n<li>Enimm\u00e4ispaino: 200 kg<\/li>\n<li>Onko slated kehys: Kyll\u00e4<\/li>\n<li>Enimm\u00e4ism\u00e4\u00e4r\u00e4 ihmisi\u00e4: 2<\/li>\n<li>Kest\u00e4v\u00e4<\/li>\n<li>Helppo puhdistaa<\/li>\n<li>Kokoonpano vaaditaan: Kyll\u00e4<\/li>\n<li>Toimitus-:<\/li>\n<li>1 x s\u00e4ngynrunko<\/li>\n<li>1 x s\u00e4ngynp\u00e4\u00e4ty<\/li>\n<\/ul>\n","protected":false},"featured_media":100000200003,"comment_status":"closed","ping_status":"closed","template":"","meta":[],"product_brand":[],"product_cat":[84,8638],"product_tag":[],"class_list":{"0":"post-200003","1":"product","2":"type-product","3":"status-publish","4":"has-post-thumbnail","6":"product_cat-huonekalut","7":"product_cat-sangyt-sangynrungot","9":"first","10":"instock","11":"taxable","12":"shipping-taxable","13":"purchasable","14":"product-type-simple"},"_links":{"self":[{"href":"https:\/\/www.otiumhome.fi\/index.php\/wp-json\/wp\/v2\/product\/200003","targetHints":{"allow":["GET"]}}],"collection":[{"href":"https:\/\/www.otiumhome.fi\/index.php\/wp-json\/wp\/v2\/product"}],"about":[{"href":"https:\/\/www.otiumhome.fi\/index.php\/wp-json\/wp\/v2\/types\/product"}],"replies":[{"embeddable":true,"href":"https:\/\/www.otiumhome.fi\/index.php\/wp-json\/wp\/v2\/comments?post=200003"}],"wp:featuredmedia":[{"embeddable":true,"href":"https:\/\/www.otiumhome.fi\/index.php\/wp-json\/"}],"wp:attachment":[{"href":"https:\/\/www.otiumhome.fi\/index.php\/wp-json\/wp\/v2\/media?parent=200003"}],"wp:term":[{"taxonomy":"product_brand","embeddable":true,"href":"https:\/\/www.otiumhome.fi\/index.php\/wp-json\/wp\/v2\/product_brand?post=200003"},{"taxonomy":"product_cat","embeddable":true,"href":"https:\/\/www.otiumhome.fi\/index.php\/wp-json\/wp\/v2\/product_cat?post=200003"},{"taxonomy":"product_tag","embeddable":true,"href":"https:\/\/www.otiumhome.fi\/index.php\/wp-json\/wp\/v2\/product_tag?post=200003"}],"curies":[{"name":"wp","href":"https:\/\/api.w.org\/{rel}","templated":true}]}}