{"id":199874,"date":"2025-12-21T00:28:56","date_gmt":"2025-12-21T00:28:56","guid":{"rendered":"https:\/\/www.otiumhome.fi\/?p=199874"},"modified":"2025-12-25T06:53:12","modified_gmt":"2025-12-25T06:53:12","slug":"seinakaappi-valkoinen-60x31x70-cm-tekninen-puu","status":"publish","type":"product","link":"https:\/\/www.otiumhome.fi\/index.php\/tuote\/seinakaappi-valkoinen-60x31x70-cm-tekninen-puu\/","title":{"rendered":"Sein\u00e4kaappi valkoinen 60x31x70 cm tekninen puu"},"content":{"rendered":"<p>Skandinaavista charmia huokuva sein\u00e4kaappi on t\u00e4ydellinen ratkaisu asuintilaasi s\u00e4ilytystilan maksimoimiseksi ja lattiatilojen siistin\u00e4 pit\u00e4miseksi.<\/p>\n<\/p>\n<ul>\n<li>Vakaa materiaali: Tekninen puu on poikkeuksellisen laadukasta ja sile\u00e4pintaista. Se on luja, vakaa ja kosteudelle vastustuskykyinen.<\/li>\n<li>Runsaasti s\u00e4ilytystilaa: Kelluvan kaapin ovien taakse on piilotettu runsaasti s\u00e4ilytystilaa. Siin\u00e4 on avoin lokero lis\u00e4s\u00e4ilytystilaa ja suosikkikoristeidesi esittely\u00e4 ja ulottuvilla pit\u00e4mist\u00e4 varten.<\/li>\n<li>Tilaa s\u00e4\u00e4st\u00e4v\u00e4 toiminto: Jos kiinnit\u00e4t t\u00e4m\u00e4n s\u00e4ilytyskaapin sein\u00e4lle, se ei vie lainkaan lattiatilaa.<\/li>\n<li>Laaja k\u00e4ytt\u00f6: T\u00e4m\u00e4 sein\u00e4kiinnitett\u00e4v\u00e4 kaappi voidaan asentaa my\u00f6s senkkisi p\u00e4\u00e4lle, jolloin tilasi voidaan k\u00e4ytt\u00e4\u00e4 kokonaan. Se sopii olohuoneeseesi, makuuhuoneeseesi tai mihin tahansa elintilaasi.<\/li>\n<\/ul>\n<p>Huomioi:<\/p>\n<ul>\n<li>Sein\u00e4\u00e4n kiinnitett\u00e4v\u00e4t ruuvit ja tulpat eiv\u00e4t sis\u00e4lly toimitukseen. Etsi ja k\u00e4yt\u00e4 sein\u00e4\u00e4si sopivia ruuveja ja tulppia. Jos olet ep\u00e4varma, kysy ammattilaisen neuvoa. Lue ja seuraa asennusohjeiden jokaista vaihetta huolella.<\/li>\n<li>Jokaisen tuotteen mukana on laatikossa kokoonpano-ohje helppoa asennusta varten.<\/li>\n<\/ul>\n<ul>\n<li>V\u00e4ri: Valkoinen<\/li>\n<li>Materiaali: tekninen puu<\/li>\n<li>Mitat: 60 x 31 x 70 cm (L x S x K)<\/li>\n<li>Maksimikantavuus (yhteens\u00e4): 60 kg<\/li>\n<\/ul>\n","protected":false},"excerpt":{"rendered":"<ul>\n<li>V\u00e4ri: Valkoinen<\/li>\n<li>Materiaali: tekninen puu<\/li>\n<li>Mitat: 60 x 31 x 70 cm (L x S x K)<\/li>\n<li>Maksimikantavuus (yhteens\u00e4): 60 kg<\/li>\n<\/ul>\n","protected":false},"featured_media":100000199874,"comment_status":"closed","ping_status":"closed","template":"","meta":[],"product_brand":[],"product_cat":[84,8635],"product_tag":[],"class_list":{"0":"post-199874","1":"product","2":"type-product","3":"status-publish","4":"has-post-thumbnail","6":"product_cat-huonekalut","7":"product_cat-sailytys-lukkokaapit","9":"first","10":"instock","11":"taxable","12":"shipping-taxable","13":"purchasable","14":"product-type-simple"},"_links":{"self":[{"href":"https:\/\/www.otiumhome.fi\/index.php\/wp-json\/wp\/v2\/product\/199874","targetHints":{"allow":["GET"]}}],"collection":[{"href":"https:\/\/www.otiumhome.fi\/index.php\/wp-json\/wp\/v2\/product"}],"about":[{"href":"https:\/\/www.otiumhome.fi\/index.php\/wp-json\/wp\/v2\/types\/product"}],"replies":[{"embeddable":true,"href":"https:\/\/www.otiumhome.fi\/index.php\/wp-json\/wp\/v2\/comments?post=199874"}],"wp:featuredmedia":[{"embeddable":true,"href":"https:\/\/www.otiumhome.fi\/index.php\/wp-json\/"}],"wp:attachment":[{"href":"https:\/\/www.otiumhome.fi\/index.php\/wp-json\/wp\/v2\/media?parent=199874"}],"wp:term":[{"taxonomy":"product_brand","embeddable":true,"href":"https:\/\/www.otiumhome.fi\/index.php\/wp-json\/wp\/v2\/product_brand?post=199874"},{"taxonomy":"product_cat","embeddable":true,"href":"https:\/\/www.otiumhome.fi\/index.php\/wp-json\/wp\/v2\/product_cat?post=199874"},{"taxonomy":"product_tag","embeddable":true,"href":"https:\/\/www.otiumhome.fi\/index.php\/wp-json\/wp\/v2\/product_tag?post=199874"}],"curies":[{"name":"wp","href":"https:\/\/api.w.org\/{rel}","templated":true}]}}