{"id":199776,"date":"2025-12-20T11:48:24","date_gmt":"2025-12-20T11:48:24","guid":{"rendered":"https:\/\/www.otiumhome.fi\/?p=199776"},"modified":"2026-01-02T14:42:50","modified_gmt":"2026-01-02T14:42:50","slug":"nojatuoli-tumma-harmaa-59-x-75-x-78-cm","status":"publish","type":"product","link":"https:\/\/www.otiumhome.fi\/index.php\/tuote\/nojatuoli-tumma-harmaa-59-x-75-x-78-cm\/","title":{"rendered":"Nojatuoli Tumma harmaa 59 x 75 x 78 cm"},"content":{"rendered":"<p>T\u00e4\u00e4 moderni nojatuoli tuo elegancea ja mukavuutta, se k\u00e4y hyvin olohuoneisiin ja makuuhuoneisiin. Virtaviivainen muotoilu, jossa on siistit linjat ja v\u00e4h\u00e4n koristeita, sulautuu nykyaikaiseen sisustukseen ja tarjoaa pehmoisen istumiskokemuksen pehme\u00e4st\u00e4 samettikankaasta. Erinomainen rentoutumiseen tai lukemiseen, t\u00e4\u00e4 nojatuoli on mahtava lis\u00e4 jokaiselle kodille.<\/p>\n<ul>\n<li><b>Curly wool -tyylinen kangas:<\/b> T\u00e4\u00e4 nojatuoli tarjoaa tosi mukavan tekstuurin, joka muistuttaa curly woolin pehmeytt\u00e4, parantaen kokonaismukavuutta. Hieno kangas lis\u00e4\u00e4 ripauksen luksusta ja on kivaa koskettaa, varmistaa miellytt\u00e4v\u00e4n ulkon\u00e4\u00f6n.<\/li>\n<li><b>Lis\u00e4komponentit:<\/b> T\u00e4\u00e4 nojatuoli on varmennettu tukevilla ter\u00e4ksill\u00e4 jaloilla, jotka antaa hyv\u00e4\u00e4 tukea ja pident\u00e4\u00e4 tuolin k\u00e4ytt\u00f6ik\u00e4\u00e4. N\u00e4\u00e4 osat tarjoaa erinomaisen vakauden ja sopii erilaisille lattioille, pit\u00e4en tasapainon k\u00e4yt\u00f6n aikana. Vanerin ja ter\u00e4ksen yhdistelm\u00e4 rungossa yhdist\u00e4\u00e4 voimaa ja tyyli\u00e4, mik\u00e4 tekee jokaisesta k\u00e4yt\u00f6st\u00e4 mukavaa.<\/li>\n<li><b>Ergonomiset ominaisuudet:<\/b> Suunniteltu ergonomia mieless\u00e4, t\u00e4\u00e4 nojatuoli takaa mukavuutta pitkille istumisaikoille. Huolellinen muotoilu tukee asentoa, mik\u00e4 tekee siit\u00e4 loistavan lukemiseen, TV:n katseluun tai rentoutumiseen pitk\u00e4n p\u00e4iv\u00e4n j\u00e4lkeen.<\/li>\n<li><b>Huoneen monipuolisuus:<\/b> Tarkoituksella sis\u00e4k\u00e4ytt\u00f6\u00f6n suunniteltu, t\u00e4\u00e4 nojatuoli mahtuu hyvin erilaisiin huonesuunnitelmiin; riippumatta siit\u00e4, onko se olohuone tai kodikas makuuhuoneen nurkka. Sen mukautumiskyky varmistaa, ett\u00e4 se parantaa tunnelmaa sek\u00e4 tyylill\u00e4 ett\u00e4 k\u00e4yt\u00e4nn\u00f6llisyydell\u00e4.<\/li>\n<li><b>Yksinkertainen huolto:<\/b> T\u00e4\u00e4 nojatuoli on helppo pit\u00e4\u00e4 kunnossa. Rutiinihuollot voi tehd\u00e4 hell\u00e4varaisilla kuivaemenetelmill\u00e4, ja voimakkaita kemikaaleja on hyv\u00e4 v\u00e4ltt\u00e4\u00e4. Kauden mukaiset ammattilaisverhoilupalvelut voi auttaa s\u00e4ilytt\u00e4m\u00e4\u00e4n sen hyv\u00e4ss\u00e4 kunnossa ajan kuluessa.<\/li>\n<\/ul>\n<p><strong>T\u00e4rke\u00e4\u00e4 tiet\u00e4\u00e4:<\/strong><\/p>\n<ul>\n<li>Enimm\u00e4ispaino 110 kg per paikka.<\/li>\n<\/ul>\n<ul>\n<li>V\u00e4ri: Tumma harmaa<\/li>\n<li>Materiaali: Kihara villamainen kangas<\/li>\n<li>Kehysmateriaali: Vaneri, ter\u00e4s<\/li>\n<li>T\u00e4ytt\u00f6materiaali: Vaahdot<\/li>\n<li>Jalat materiaali: Ter\u00e4s<\/li>\n<li>Yleiset mitat: 59 x 75 x 78 cm (L x S x K)<\/li>\n<li>Istuimen leveys: 53 cm<\/li>\n<li>Istuimen syvyys: 56 cm<\/li>\n<li>K\u00e4sinojakorkeus istuimelta: 16 cm<\/li>\n<li>Takaosan korkeus: 44 cm<\/li>\n<li>Enimm\u00e4ispaino: 110 kg per istuin<\/li>\n<li>Ergonominen<\/li>\n<li>Kokoonpano vaaditaan: Kyll\u00e4<\/li>\n<li>Toimitus-:<\/li>\n<li>1 x nojatuoli<\/li>\n<\/ul>\n","protected":false},"excerpt":{"rendered":"<ul>\n<li>V\u00e4ri: Tumma harmaa<\/li>\n<li>Materiaali: Kihara villamainen kangas<\/li>\n<li>Kehysmateriaali: Vaneri, ter\u00e4s<\/li>\n<li>T\u00e4ytt\u00f6materiaali: Vaahdot<\/li>\n<li>Jalat materiaali: Ter\u00e4s<\/li>\n<li>Yleiset mitat: 59 x 75 x 78 cm (L x S x K)<\/li>\n<li>Istuimen leveys: 53 cm<\/li>\n<li>Istuimen syvyys: 56 cm<\/li>\n<li>K\u00e4sinojakorkeus istuimelta: 16 cm<\/li>\n<li>Takaosan korkeus: 44 cm<\/li>\n<li>Enimm\u00e4ispaino: 110 kg per istuin<\/li>\n<li>Ergonominen<\/li>\n<li>Kokoonpano vaaditaan: Kyll\u00e4<\/li>\n<li>Toimitus-:<\/li>\n<li>1 x nojatuoli<\/li>\n<\/ul>\n","protected":false},"featured_media":100000199776,"comment_status":"closed","ping_status":"closed","template":"","meta":[],"product_brand":[],"product_cat":[84,8568],"product_tag":[],"class_list":{"0":"post-199776","1":"product","2":"type-product","3":"status-publish","4":"has-post-thumbnail","6":"product_cat-huonekalut","7":"product_cat-noja-mekanismi-vuodetuolit","9":"first","10":"instock","11":"taxable","12":"shipping-taxable","13":"purchasable","14":"product-type-simple"},"_links":{"self":[{"href":"https:\/\/www.otiumhome.fi\/index.php\/wp-json\/wp\/v2\/product\/199776","targetHints":{"allow":["GET"]}}],"collection":[{"href":"https:\/\/www.otiumhome.fi\/index.php\/wp-json\/wp\/v2\/product"}],"about":[{"href":"https:\/\/www.otiumhome.fi\/index.php\/wp-json\/wp\/v2\/types\/product"}],"replies":[{"embeddable":true,"href":"https:\/\/www.otiumhome.fi\/index.php\/wp-json\/wp\/v2\/comments?post=199776"}],"wp:featuredmedia":[{"embeddable":true,"href":"https:\/\/www.otiumhome.fi\/index.php\/wp-json\/"}],"wp:attachment":[{"href":"https:\/\/www.otiumhome.fi\/index.php\/wp-json\/wp\/v2\/media?parent=199776"}],"wp:term":[{"taxonomy":"product_brand","embeddable":true,"href":"https:\/\/www.otiumhome.fi\/index.php\/wp-json\/wp\/v2\/product_brand?post=199776"},{"taxonomy":"product_cat","embeddable":true,"href":"https:\/\/www.otiumhome.fi\/index.php\/wp-json\/wp\/v2\/product_cat?post=199776"},{"taxonomy":"product_tag","embeddable":true,"href":"https:\/\/www.otiumhome.fi\/index.php\/wp-json\/wp\/v2\/product_tag?post=199776"}],"curies":[{"name":"wp","href":"https:\/\/api.w.org\/{rel}","templated":true}]}}