{"id":199724,"date":"2025-12-19T21:51:33","date_gmt":"2025-12-19T21:51:33","guid":{"rendered":"https:\/\/www.otiumhome.fi\/?p=199724"},"modified":"2025-12-22T18:38:39","modified_gmt":"2025-12-22T18:38:39","slug":"2-osainen-kylpyhuonekalustesarja-vanha-puu-tekninen-puu","status":"publish","type":"product","link":"https:\/\/www.otiumhome.fi\/index.php\/tuote\/2-osainen-kylpyhuonekalustesarja-vanha-puu-tekninen-puu\/","title":{"rendered":"2-osainen Kylpyhuonekalustesarja vanha puu tekninen puu"},"content":{"rendered":"<p>T\u00e4m\u00e4 k\u00e4tev\u00e4 kylpyhuoneen kalustesarja suurella s\u00e4ilytystilalla on loistava lis\u00e4 kylpyhuoneeseesi ja tekee siit\u00e4 siistin ja huomiota her\u00e4tt\u00e4v\u00e4n n\u00e4k\u00f6isen!<\/p>\n<\/p>\n<ul>\n<li>Pitk\u00e4ik\u00e4inen materiaali: Tekninen puu on poikkeuksellisen laadukasta ja sile\u00e4pintaista. Se on luja, vakaa ja kosteudelle vastustuskykyinen.<\/li>\n<li>Runsaasti s\u00e4ilytystilaa: Kylpyhuonekaluste tarjoaa runsaasti tilaa t\u00e4rkeille hygienia- ja kylpytuotteillesi, kuten saippuoille, shampoille, hammastahnalle, jne.<\/li>\n<li>Sein\u00e4kiinnitett\u00e4v\u00e4 toiminto: Kylpyhuonekaapin yl\u00e4taso on ihanteellinen pesualtaan sijoittamiseksi, joten voit hy\u00f6dynt\u00e4\u00e4 pesualtaan alla olevan tilan kokonaisuudessaan.<\/li>\n<li>Selke\u00e4 kuva: Peilin lasipinta heijastaa hienosti ja v\u00e4\u00e4ristym\u00e4tt\u00f6m\u00e4sti, joten se sopii meikkaamiseen, parranajoon ja ulkoasun tarkistamiseen ennen ulos l\u00e4ht\u00f6\u00e4.<\/li>\n<\/ul>\n<p>Hyv\u00e4 tiet\u00e4\u00e4:<\/p>\n<ul>\n<li>Ole hyv\u00e4 ja ota huomioon, ett\u00e4 pesuallas ei sis\u00e4lly toimitukseen.<\/li>\n<li>Sein\u00e4\u00e4n kiinnitett\u00e4v\u00e4t ruuvit ja tulpat eiv\u00e4t sis\u00e4lly toimitukseen. Suosittelemme etsim\u00e4\u00e4n ja k\u00e4ytt\u00e4m\u00e4\u00e4n sein\u00e4\u00e4si sopivia ruuveja ja tulppia. Jos olet ep\u00e4varma, kysy ammattilaisen neuvoa. Lue ja noudata ohjeiden jokaista vaihetta.<\/li>\n<\/ul>\n<ul>\n<li>V\u00e4ri: Vanha puu<\/li>\n<li>Materiaali: tekninen puu, lasi<\/li>\n<li>Kaapin mitat: 60 x 38,5 x 46 cm (L x S x K)<\/li>\n<li>Peilin koko: 60 x 37 cm (P x L)<\/li>\n<li>Asennus vaaditaan: Kyll\u00e4<\/li>\n<li><strong>Toimitus sis\u00e4lt\u00e4\u00e4:<\/strong><\/li>\n<li>1 x kaappi<\/li>\n<li>1 x peili<\/li>\n<\/ul>\n","protected":false},"excerpt":{"rendered":"<ul>\n<li>V\u00e4ri: Vanha puu<\/li>\n<li>Materiaali: tekninen puu, lasi<\/li>\n<li>Kaapin mitat: 60 x 38,5 x 46 cm (L x S x K)<\/li>\n<li>Peilin koko: 60 x 37 cm (P x L)<\/li>\n<li>Asennus vaaditaan: Kyll\u00e4<\/li>\n<li><strong>Toimitus sis\u00e4lt\u00e4\u00e4:<\/strong><\/li>\n<li>1 x kaappi<\/li>\n<li>1 x peili<\/li>\n<\/ul>\n","protected":false},"featured_media":100000199724,"comment_status":"closed","ping_status":"closed","template":"","meta":[],"product_brand":[],"product_cat":[84,8560],"product_tag":[],"class_list":{"0":"post-199724","1":"product","2":"type-product","3":"status-publish","4":"has-post-thumbnail","6":"product_cat-huonekalut","7":"product_cat-kylpyhuoneen-kalusteet","9":"first","10":"instock","11":"taxable","12":"shipping-taxable","13":"purchasable","14":"product-type-simple"},"_links":{"self":[{"href":"https:\/\/www.otiumhome.fi\/index.php\/wp-json\/wp\/v2\/product\/199724","targetHints":{"allow":["GET"]}}],"collection":[{"href":"https:\/\/www.otiumhome.fi\/index.php\/wp-json\/wp\/v2\/product"}],"about":[{"href":"https:\/\/www.otiumhome.fi\/index.php\/wp-json\/wp\/v2\/types\/product"}],"replies":[{"embeddable":true,"href":"https:\/\/www.otiumhome.fi\/index.php\/wp-json\/wp\/v2\/comments?post=199724"}],"wp:featuredmedia":[{"embeddable":true,"href":"https:\/\/www.otiumhome.fi\/index.php\/wp-json\/"}],"wp:attachment":[{"href":"https:\/\/www.otiumhome.fi\/index.php\/wp-json\/wp\/v2\/media?parent=199724"}],"wp:term":[{"taxonomy":"product_brand","embeddable":true,"href":"https:\/\/www.otiumhome.fi\/index.php\/wp-json\/wp\/v2\/product_brand?post=199724"},{"taxonomy":"product_cat","embeddable":true,"href":"https:\/\/www.otiumhome.fi\/index.php\/wp-json\/wp\/v2\/product_cat?post=199724"},{"taxonomy":"product_tag","embeddable":true,"href":"https:\/\/www.otiumhome.fi\/index.php\/wp-json\/wp\/v2\/product_tag?post=199724"}],"curies":[{"name":"wp","href":"https:\/\/api.w.org\/{rel}","templated":true}]}}