{"id":199697,"date":"2025-12-19T16:06:34","date_gmt":"2025-12-19T16:06:34","guid":{"rendered":"https:\/\/www.otiumhome.fi\/?p=199697"},"modified":"2026-01-01T13:40:25","modified_gmt":"2026-01-01T13:40:25","slug":"4-osainen-kylpyhuonekalustesarja-betoninharmaa-tekninen-puu","status":"publish","type":"product","link":"https:\/\/www.otiumhome.fi\/index.php\/tuote\/4-osainen-kylpyhuonekalustesarja-betoninharmaa-tekninen-puu\/","title":{"rendered":"4-osainen Kylpyhuonekalustesarja betoninharmaa tekninen puu"},"content":{"rendered":"<p>T\u00e4m\u00e4 k\u00e4tev\u00e4 kylpyhuoneen kalustesarja suurella s\u00e4ilytystilalla on loistava lis\u00e4 kylpyhuoneeseesi ja tekee siit\u00e4 siistin ja huomiota her\u00e4tt\u00e4v\u00e4n n\u00e4k\u00f6isen!<\/p>\n<\/p>\n<ul>\n<li>Vakaa ja kest\u00e4v\u00e4 materiaali: Tekninen puu on kest\u00e4v\u00e4 ja vakaa materiaali, jonka sile\u00e4 pinta kest\u00e4\u00e4 kosteutta, v\u00e4\u00e4ntymist\u00e4 ja halkeilua, joten se on luotettava valinta erilaisiin projekteihin.<\/li>\n<li>Kest\u00e4v\u00e4 materiaali: Keraamisessa kylpyhuoneen pesualtaassa on iskuja, tahroja ja naarmuja kest\u00e4v\u00e4 pinta, joka takaa sille pitk\u00e4kestoisen kiillon.<\/li>\n<li>Runsaasti s\u00e4ilytystilaa: Kylpyhuoneen kaappi tarjoaa runsaasti tilaa t\u00e4rkeille hygienia- ja kylpytuotteillesi, kuten saippuoille, shampoille, hammastahnalle, jne.<\/li>\n<li>Tilaa s\u00e4\u00e4st\u00e4v\u00e4 muotoilu: T\u00e4m\u00e4 kylpykaappi voidaan asentaa sein\u00e4lle lis\u00e4\u00e4m\u00e4\u00e4n s\u00e4ilytystilaa. N\u00e4in voit maksimoida lattiatilan ja pit\u00e4\u00e4 alueen puhtaana.<\/li>\n<li>Selke\u00e4 kuva: Peilin lasipinta heijastaa hienosti ja v\u00e4\u00e4ristym\u00e4tt\u00f6m\u00e4sti, joten se sopii meikkaamiseen, parranajoon ja ulkoasun tarkistamiseen ennen ulos l\u00e4ht\u00f6\u00e4.<\/li>\n<li>Helppo huoltaa: Sile\u00e4n pinnan ansiosta kylpyhuoneen kaappi on helppo puhdistaa kostealla liinalla ja se tarvitsee vain v\u00e4h\u00e4ist\u00e4 huoltoa.<\/li>\n<\/ul>\n<p>Hyv\u00e4 tiet\u00e4\u00e4:<\/p>\n<ul>\n<li>Sein\u00e4\u00e4n kiinnitett\u00e4v\u00e4t ruuvit ja tulpat eiv\u00e4t sis\u00e4lly toimitukseen. Suosittelemme etsim\u00e4\u00e4n ja k\u00e4ytt\u00e4m\u00e4\u00e4n sein\u00e4\u00e4si sopivia ruuveja ja tulppia. Jos olet ep\u00e4varma, kysy ammattilaisen neuvoa. Lue ja noudata ohjeiden jokaista vaihetta.<\/li>\n<\/ul>\n<ul>\n<li><strong>Kylpyhuoneen kaappi peilill\u00e4:<\/strong><\/li>\n<li>V\u00e4ri: Betoninharmaa<\/li>\n<li>Materiaali: tekninen puu, lasi<\/li>\n<li>Kylpyhuoneen pesuallaskaapin mitat: 60 x 38,5 x 46 cm (L x S x K)<\/li>\n<li>Kylpyhuoneen riippukaapin mitat: 30 x 30 x 80 cm (L x S x K)<\/li>\n<li>Peilin koko: 60 x 37 cm (P x L)<\/li>\n<li>Maksimipainokapasiteetti (yhteens\u00e4): 60 kg<\/li>\n<li><strong>Pesuallas:<\/strong><\/li>\n<li>V\u00e4ri: Valkoinen<\/li>\n<li>Materiaali: Keramiikka<\/li>\n<li>Kokonaismitat: 61 x 39 x 18 cm (P x L x K)<\/li>\n<li>Keraamisen reunan paksuus: 4 cm<\/li>\n<li>Viem\u00e4riaukon halkaisija: 4,5 cm<\/li>\n<li>Sis\u00e4lt\u00e4\u00e4 ylivuotoaukon<\/li>\n<li>Hanalla<\/li>\n<li>Ty\u00f6nt\u00f6viem\u00e4ri ylivuototoiminnolla<\/li>\n<li>Asennus vaaditaan: Kyll\u00e4<\/li>\n<li><strong>Toimitus sis\u00e4lt\u00e4\u00e4:<\/strong><\/li>\n<li>1 x Kylpyhuoneen allaskaappi<\/li>\n<li>1 x kylpyhuoneen riippukaappi<\/li>\n<li>1 x peili<\/li>\n<li>1 x Pesuallas<\/li>\n<\/ul>\n","protected":false},"excerpt":{"rendered":"<ul>\n<li><strong>Kylpyhuoneen kaappi peilill\u00e4:<\/strong><\/li>\n<li>V\u00e4ri: Betoninharmaa<\/li>\n<li>Materiaali: tekninen puu, lasi<\/li>\n<li>Kylpyhuoneen pesuallaskaapin mitat: 60 x 38,5 x 46 cm (L x S x K)<\/li>\n<li>Kylpyhuoneen riippukaapin mitat: 30 x 30 x 80 cm (L x S x K)<\/li>\n<li>Peilin koko: 60 x 37 cm (P x L)<\/li>\n<li>Maksimipainokapasiteetti (yhteens\u00e4): 60 kg<\/li>\n<li><strong>Pesuallas:<\/strong><\/li>\n<li>V\u00e4ri: Valkoinen<\/li>\n<li>Materiaali: Keramiikka<\/li>\n<li>Kokonaismitat: 61 x 39 x 18 cm (P x L x K)<\/li>\n<li>Keraamisen reunan paksuus: 4 cm<\/li>\n<li>Viem\u00e4riaukon halkaisija: 4,5 cm<\/li>\n<li>Sis\u00e4lt\u00e4\u00e4 ylivuotoaukon<\/li>\n<li>Hanalla<\/li>\n<li>Ty\u00f6nt\u00f6viem\u00e4ri ylivuototoiminnolla<\/li>\n<li>Asennus vaaditaan: Kyll\u00e4<\/li>\n<li><strong>Toimitus sis\u00e4lt\u00e4\u00e4:<\/strong><\/li>\n<li>1 x Kylpyhuoneen allaskaappi<\/li>\n<li>1 x kylpyhuoneen riippukaappi<\/li>\n<li>1 x peili<\/li>\n<li>1 x Pesuallas<\/li>\n<\/ul>\n","protected":false},"featured_media":100000199697,"comment_status":"closed","ping_status":"closed","template":"","meta":[],"product_brand":[],"product_cat":[84,8560],"product_tag":[],"class_list":{"0":"post-199697","1":"product","2":"type-product","3":"status-publish","4":"has-post-thumbnail","6":"product_cat-huonekalut","7":"product_cat-kylpyhuoneen-kalusteet","9":"first","10":"instock","11":"taxable","12":"shipping-taxable","13":"purchasable","14":"product-type-simple"},"_links":{"self":[{"href":"https:\/\/www.otiumhome.fi\/index.php\/wp-json\/wp\/v2\/product\/199697","targetHints":{"allow":["GET"]}}],"collection":[{"href":"https:\/\/www.otiumhome.fi\/index.php\/wp-json\/wp\/v2\/product"}],"about":[{"href":"https:\/\/www.otiumhome.fi\/index.php\/wp-json\/wp\/v2\/types\/product"}],"replies":[{"embeddable":true,"href":"https:\/\/www.otiumhome.fi\/index.php\/wp-json\/wp\/v2\/comments?post=199697"}],"wp:featuredmedia":[{"embeddable":true,"href":"https:\/\/www.otiumhome.fi\/index.php\/wp-json\/"}],"wp:attachment":[{"href":"https:\/\/www.otiumhome.fi\/index.php\/wp-json\/wp\/v2\/media?parent=199697"}],"wp:term":[{"taxonomy":"product_brand","embeddable":true,"href":"https:\/\/www.otiumhome.fi\/index.php\/wp-json\/wp\/v2\/product_brand?post=199697"},{"taxonomy":"product_cat","embeddable":true,"href":"https:\/\/www.otiumhome.fi\/index.php\/wp-json\/wp\/v2\/product_cat?post=199697"},{"taxonomy":"product_tag","embeddable":true,"href":"https:\/\/www.otiumhome.fi\/index.php\/wp-json\/wp\/v2\/product_tag?post=199697"}],"curies":[{"name":"wp","href":"https:\/\/api.w.org\/{rel}","templated":true}]}}