{"id":199668,"date":"2025-12-19T15:46:36","date_gmt":"2025-12-19T15:46:36","guid":{"rendered":"https:\/\/www.otiumhome.fi\/?p=199668"},"modified":"2025-12-26T08:56:44","modified_gmt":"2025-12-26T08:56:44","slug":"tyopoyta-artesaani-tammi-120x42x76-cm-tekninen-puu","status":"publish","type":"product","link":"https:\/\/www.otiumhome.fi\/index.php\/tuote\/tyopoyta-artesaani-tammi-120x42x76-cm-tekninen-puu\/","title":{"rendered":"Ty\u00f6p\u00f6yt\u00e4 artesaani tammi 120x42x76 cm tekninen puu"},"content":{"rendered":"<p>Ty\u00f6p\u00f6yt\u00e4 tarjoaa monipuolisia s\u00e4ilytysratkaisuja, jotka pit\u00e4v\u00e4t tilan siistin\u00e4 ja j\u00e4rjestyksess\u00e4 sek\u00e4 lis\u00e4\u00e4v\u00e4t asuintilaasi sek\u00e4 k\u00e4yt\u00e4nn\u00f6llisyytt\u00e4 ett\u00e4 estetiikkaa.<\/p>\n<\/p>\n<ul>\n<li>Vakaa ja kest\u00e4v\u00e4 materiaali: Tekninen puu on kest\u00e4v\u00e4 ja vakaa materiaali, jonka sile\u00e4 pinta kest\u00e4\u00e4 kosteutta, v\u00e4\u00e4ntymist\u00e4 ja halkeilua, joten se on luotettava valinta erilaisiin projekteihin.<\/li>\n<li>Runsaasti s\u00e4ilytystilaa: T\u00e4m\u00e4 sihteerip\u00f6yt\u00e4 tarjoaa runsaasti s\u00e4ilytystilaa kansioiden, asiakirjojen, muistutusten ja PC-laitteiden pit\u00e4miseksi hyvin j\u00e4rjestyksess\u00e4 ja k\u00e4den ulottuvilla!<\/li>\n<li>Tukeva ja vahva p\u00f6yt\u00e4levy: Tukeva p\u00f6yt\u00e4taso tarjoaa luotettavan pinnan, joka pit\u00e4\u00e4 olennaiset tavarat helposti ulottuvilla, joten se on t\u00e4ydellinen jokap\u00e4iv\u00e4iseen k\u00e4ytt\u00f6\u00f6n. Olitpa sijoittamassa kannettavaa tietokonetta, asiakirjoja tai toimistotarvikkeita, sen kest\u00e4vyys varmistaa, ett\u00e4 se pystyy k\u00e4sittelem\u00e4\u00e4n erilaisia teht\u00e4vi\u00e4 helposti.<\/li>\n<li>Monipuolinen k\u00e4ytt\u00f6: Toimiston tai ty\u00f6huoneen lis\u00e4ksi t\u00e4m\u00e4 kirjoitusp\u00f6yt\u00e4 on tarpeeksi monipuolinen t\u00e4ydent\u00e4m\u00e4\u00e4n mit\u00e4 tahansa tilaa, olipa kyseess\u00e4 olohuone tai ruokailutila. Sen mukautuva muotoilu tekee siit\u00e4 t\u00e4ydellisen lis\u00e4yksen sek\u00e4 asuntoihin ett\u00e4 toimistoihin.<\/li>\n<li>Helppo huoltaa: Sile\u00e4n pinnan ansiosta p\u00f6yt\u00e4 on helppo puhdistaa kostealla liinalla ja vaatii v\u00e4hemm\u00e4n huoltoa.<\/li>\n<\/ul>\n<p>Varoitus:<\/p>\n<ul>\n<li>Kaatumisen est\u00e4miseksi t\u00e4t\u00e4 tuotetta on k\u00e4ytett\u00e4v\u00e4 mukana toimitetun sein\u00e4kiinnityslaitteen kanssa.<\/li>\n<\/ul>\n<ul>\n<li>V\u00e4ri: artisaanitammi<\/li>\n<li>Materiaali: Tekninen puu<\/li>\n<li>Mitat: 120 x 42 x 76 cm (L x S x K)<\/li>\n<li>Asennus vaaditaan: Kyll\u00e4<\/li>\n<\/ul>\n","protected":false},"excerpt":{"rendered":"<ul>\n<li>V\u00e4ri: artisaanitammi<\/li>\n<li>Materiaali: Tekninen puu<\/li>\n<li>Mitat: 120 x 42 x 76 cm (L x S x K)<\/li>\n<li>Asennus vaaditaan: Kyll\u00e4<\/li>\n<\/ul>\n","protected":false},"featured_media":100000199668,"comment_status":"closed","ping_status":"closed","template":"","meta":[],"product_brand":[],"product_cat":[84,8551],"product_tag":[],"class_list":{"0":"post-199668","1":"product","2":"type-product","3":"status-publish","4":"has-post-thumbnail","6":"product_cat-huonekalut","7":"product_cat-kirjoituspoydat","9":"first","10":"instock","11":"taxable","12":"shipping-taxable","13":"purchasable","14":"product-type-simple"},"_links":{"self":[{"href":"https:\/\/www.otiumhome.fi\/index.php\/wp-json\/wp\/v2\/product\/199668","targetHints":{"allow":["GET"]}}],"collection":[{"href":"https:\/\/www.otiumhome.fi\/index.php\/wp-json\/wp\/v2\/product"}],"about":[{"href":"https:\/\/www.otiumhome.fi\/index.php\/wp-json\/wp\/v2\/types\/product"}],"replies":[{"embeddable":true,"href":"https:\/\/www.otiumhome.fi\/index.php\/wp-json\/wp\/v2\/comments?post=199668"}],"wp:featuredmedia":[{"embeddable":true,"href":"https:\/\/www.otiumhome.fi\/index.php\/wp-json\/"}],"wp:attachment":[{"href":"https:\/\/www.otiumhome.fi\/index.php\/wp-json\/wp\/v2\/media?parent=199668"}],"wp:term":[{"taxonomy":"product_brand","embeddable":true,"href":"https:\/\/www.otiumhome.fi\/index.php\/wp-json\/wp\/v2\/product_brand?post=199668"},{"taxonomy":"product_cat","embeddable":true,"href":"https:\/\/www.otiumhome.fi\/index.php\/wp-json\/wp\/v2\/product_cat?post=199668"},{"taxonomy":"product_tag","embeddable":true,"href":"https:\/\/www.otiumhome.fi\/index.php\/wp-json\/wp\/v2\/product_tag?post=199668"}],"curies":[{"name":"wp","href":"https:\/\/api.w.org\/{rel}","templated":true}]}}