{"id":199650,"date":"2025-12-19T04:53:34","date_gmt":"2025-12-19T04:53:34","guid":{"rendered":"https:\/\/www.otiumhome.fi\/?p=199650"},"modified":"2025-12-30T13:55:52","modified_gmt":"2025-12-30T13:55:52","slug":"ruokapoyta-110x70x75-cm-taysi-akasiapuu","status":"publish","type":"product","link":"https:\/\/www.otiumhome.fi\/index.php\/tuote\/ruokapoyta-110x70x75-cm-taysi-akasiapuu\/","title":{"rendered":"Ruokap\u00f6yt\u00e4 110x70x75 cm t\u00e4ysi akasiapuu"},"content":{"rendered":"<p>T\u00e4m\u00e4 tyylik\u00e4s ruokap\u00f6yt\u00e4 on t\u00e4ydellinen valinta sinulle ja perheellesi vapaa-ajasta nauttimiseen.<\/p>\n<\/p>\n<ul>\n<li>T\u00e4ysi akaasiapuu: T\u00e4ysi akasiapuu on kaunis luonnonmateriaali. Akasiapuu on tihe\u00e4syinen, tukeva ja kest\u00e4v\u00e4 trooppinen lehtipuu.<\/li>\n<li>Tukeva ja vakaa runko: Kaapin puurunko takaa tukevuuden ja vakauden.<\/li>\n<li>Tilava p\u00f6yt\u00e4levy: T\u00e4m\u00e4 t\u00e4yspuinen p\u00f6yt\u00e4 tarjoaa sinulle tilavan p\u00f6yt\u00e4levyn. Voit asettaa sille v\u00e4lipaloja, juomia ja mit\u00e4 tahansa suosikkikoristeitasi.<\/li>\n<\/ul>\n<p>Huomioi:<\/p>\n<ul>\n<li>Jokaisen tuotteen mukana on laatikossa kokoonpano-ohje helppoa asennusta varten.<\/li>\n<\/ul>\n<ul>\n<li>Materiaali: harjattu t\u00e4ysi akaasiapuu<\/li>\n<li>Mitat: 110 x 70 x 75 cm (P x L x K)<\/li>\n<\/ul>\n","protected":false},"excerpt":{"rendered":"<ul>\n<li>Materiaali: harjattu t\u00e4ysi akaasiapuu<\/li>\n<li>Mitat: 110 x 70 x 75 cm (P x L x K)<\/li>\n<\/ul>\n","protected":false},"featured_media":100000199650,"comment_status":"closed","ping_status":"closed","template":"","meta":[],"product_brand":[],"product_cat":[84,8543],"product_tag":[],"class_list":{"0":"post-199650","1":"product","2":"type-product","3":"status-publish","4":"has-post-thumbnail","6":"product_cat-huonekalut","7":"product_cat-keittion-ruokapoydat","9":"first","10":"instock","11":"taxable","12":"shipping-taxable","13":"purchasable","14":"product-type-simple"},"_links":{"self":[{"href":"https:\/\/www.otiumhome.fi\/index.php\/wp-json\/wp\/v2\/product\/199650","targetHints":{"allow":["GET"]}}],"collection":[{"href":"https:\/\/www.otiumhome.fi\/index.php\/wp-json\/wp\/v2\/product"}],"about":[{"href":"https:\/\/www.otiumhome.fi\/index.php\/wp-json\/wp\/v2\/types\/product"}],"replies":[{"embeddable":true,"href":"https:\/\/www.otiumhome.fi\/index.php\/wp-json\/wp\/v2\/comments?post=199650"}],"wp:featuredmedia":[{"embeddable":true,"href":"https:\/\/www.otiumhome.fi\/index.php\/wp-json\/"}],"wp:attachment":[{"href":"https:\/\/www.otiumhome.fi\/index.php\/wp-json\/wp\/v2\/media?parent=199650"}],"wp:term":[{"taxonomy":"product_brand","embeddable":true,"href":"https:\/\/www.otiumhome.fi\/index.php\/wp-json\/wp\/v2\/product_brand?post=199650"},{"taxonomy":"product_cat","embeddable":true,"href":"https:\/\/www.otiumhome.fi\/index.php\/wp-json\/wp\/v2\/product_cat?post=199650"},{"taxonomy":"product_tag","embeddable":true,"href":"https:\/\/www.otiumhome.fi\/index.php\/wp-json\/wp\/v2\/product_tag?post=199650"}],"curies":[{"name":"wp","href":"https:\/\/api.w.org\/{rel}","templated":true}]}}