{"id":199648,"date":"2025-12-19T04:51:47","date_gmt":"2025-12-19T04:51:47","guid":{"rendered":"https:\/\/www.otiumhome.fi\/?p=199648"},"modified":"2026-01-16T12:08:39","modified_gmt":"2026-01-16T12:08:39","slug":"ruokatuoli-2-pcs-ruskea-62-x-55-x-94-cm-tiikkipuu","status":"publish","type":"product","link":"https:\/\/www.otiumhome.fi\/index.php\/tuote\/ruokatuoli-2-pcs-ruskea-62-x-55-x-94-cm-tiikkipuu\/","title":{"rendered":"Ruokatuoli 2 pcs Ruskea 62 x 55 x 94 cm Tiikkipuu"},"content":{"rendered":"<p>T\u00e4m\u00e4 moderni ruokatuoli tuo huipputyyli\u00e4 mihin tahansa ulkoilmatilaan selkeine viivoineen ja v\u00e4h\u00e4isine koristeineen. T\u00e4ydellinen puutarhaterassille, tuoli tuo mukavuutta ja eleganssia ulkotiloihin. Sen kauniit ruskeat s\u00e4vyt korostavat tiikkipuun rakennetta, varmistamalla kest\u00e4vyyden ja hienostuneen ilmeen, joka sopii moderneihin ulkotiloihin.<\/p>\n<ul>\n<li><b>Korkealaatuiset materiaalit:<\/b> Valmistettu kokonaan massiivista tiikist\u00e4, joka on kuuluisa kest\u00e4vyydest\u00e4\u00e4n ja luonnollisesta kauneudestaan. Syv\u00e4n ruskea v\u00e4ri parantaa tuolin vieh\u00e4tt\u00e4vyytt\u00e4, tehden siit\u00e4 katseenvangitsijan miss\u00e4 tahansa.<\/li>\n<li><b>Huolellinen muotoilu:<\/b> Ensiluokkainen muotoilu yhdist\u00e4\u00e4 tyylikkyyden ja k\u00e4yt\u00e4nn\u00f6llisyyden. Sen kauniit linjat ja yksinkertaisuus sulautuvat hienosti eri tyyleihin. Ergonominen rakenne takaa mukautuvan asennon, yhdist\u00e4en estetiikan ja mukavuuden.<\/li>\n<li><b>Parannettu k\u00e4ytett\u00e4vyys:<\/b> Korkea selk\u00e4noja lis\u00e4\u00e4 mukavuutta, jolloin aikaa vietet\u00e4\u00e4n pidemp\u00e4\u00e4n ilman ep\u00e4mukavuutta, mik\u00e4 on t\u00e4rke\u00e4\u00e4 ulkotapahtumissa.<\/li>\n<li><b>Toiminnalliset k\u00e4sinojat:<\/b> K\u00e4sinojat, jotka on tehty massiivipuusta lis\u00e4\u00e4v\u00e4t mukavuutta ja tukea, jotta voit nauttia keskusteluista ja aterioista.<\/li>\n<li><b>Vaivaton huolto:<\/b> Tuolin huoltaminen on helppoa; vain kostea liina riitt\u00e4\u00e4, jotta se pysyy siistin\u00e4 ja vieh\u00e4tt\u00e4v\u00e4n\u00e4 my\u00f6s k\u00e4yt\u00f6ss\u00e4.<\/li>\n<\/ul>\n<ul>\n<li>V\u00e4ri: Ruskea<\/li>\n<li>Materiaali: Tiikkipuu<\/li>\n<li>Jalat materiaali: T\u00e4ysi tiikki<\/li>\n<li>Yleiset mitat: 62 x 55 x 94 cm (P x L x K)<\/li>\n<li>Istuimen leveys: 42 cm<\/li>\n<li>Istuimen korkeus maasta: 45,5 cm<\/li>\n<li>K\u00e4sinojakorkeus istuimelta: 64,5 cm<\/li>\n<li>Enimm\u00e4ispaino: 440 kg<\/li>\n<li>Kokoonpano vaaditaan: Kyll\u00e4<\/li>\n<li>Toimitus-:<\/li>\n<li>4 x tuoli<\/li>\n<\/ul>\n","protected":false},"excerpt":{"rendered":"<ul>\n<li>V\u00e4ri: Ruskea<\/li>\n<li>Materiaali: Tiikkipuu<\/li>\n<li>Jalat materiaali: T\u00e4ysi tiikki<\/li>\n<li>Yleiset mitat: 62 x 55 x 94 cm (P x L x K)<\/li>\n<li>Istuimen leveys: 42 cm<\/li>\n<li>Istuimen korkeus maasta: 45,5 cm<\/li>\n<li>K\u00e4sinojakorkeus istuimelta: 64,5 cm<\/li>\n<li>Enimm\u00e4ispaino: 440 kg<\/li>\n<li>Kokoonpano vaaditaan: Kyll\u00e4<\/li>\n<li>Toimitus-:<\/li>\n<li>4 x tuoli<\/li>\n<\/ul>\n","protected":false},"featured_media":100000199648,"comment_status":"closed","ping_status":"closed","template":"","meta":[],"product_brand":[],"product_cat":[84,8542],"product_tag":[],"class_list":{"0":"post-199648","1":"product","2":"type-product","3":"status-publish","4":"has-post-thumbnail","6":"product_cat-huonekalut","7":"product_cat-keittion-ruokapoydan-tuolit","9":"first","10":"instock","11":"taxable","12":"shipping-taxable","13":"purchasable","14":"product-type-simple"},"_links":{"self":[{"href":"https:\/\/www.otiumhome.fi\/index.php\/wp-json\/wp\/v2\/product\/199648","targetHints":{"allow":["GET"]}}],"collection":[{"href":"https:\/\/www.otiumhome.fi\/index.php\/wp-json\/wp\/v2\/product"}],"about":[{"href":"https:\/\/www.otiumhome.fi\/index.php\/wp-json\/wp\/v2\/types\/product"}],"replies":[{"embeddable":true,"href":"https:\/\/www.otiumhome.fi\/index.php\/wp-json\/wp\/v2\/comments?post=199648"}],"wp:featuredmedia":[{"embeddable":true,"href":"https:\/\/www.otiumhome.fi\/index.php\/wp-json\/"}],"wp:attachment":[{"href":"https:\/\/www.otiumhome.fi\/index.php\/wp-json\/wp\/v2\/media?parent=199648"}],"wp:term":[{"taxonomy":"product_brand","embeddable":true,"href":"https:\/\/www.otiumhome.fi\/index.php\/wp-json\/wp\/v2\/product_brand?post=199648"},{"taxonomy":"product_cat","embeddable":true,"href":"https:\/\/www.otiumhome.fi\/index.php\/wp-json\/wp\/v2\/product_cat?post=199648"},{"taxonomy":"product_tag","embeddable":true,"href":"https:\/\/www.otiumhome.fi\/index.php\/wp-json\/wp\/v2\/product_tag?post=199648"}],"curies":[{"name":"wp","href":"https:\/\/api.w.org\/{rel}","templated":true}]}}