{"id":199642,"date":"2025-12-19T04:50:16","date_gmt":"2025-12-19T04:50:16","guid":{"rendered":"https:\/\/www.otiumhome.fi\/?p=199642"},"modified":"2026-01-02T14:14:34","modified_gmt":"2026-01-02T14:14:34","slug":"asiakirjakaappi-musta-44-x-50-x-106-5-cm-kylmavalssattu-teras","status":"publish","type":"product","link":"https:\/\/www.otiumhome.fi\/index.php\/tuote\/asiakirjakaappi-musta-44-x-50-x-106-5-cm-kylmavalssattu-teras\/","title":{"rendered":"Asiakirjakaappi Musta 44 x 50 x 106.5 cm Kylm\u00e4valssattu ter\u00e4s"},"content":{"rendered":"<p>T\u00e4\u00e4 moderni arkistokaappi on t\u00e4ydellinen yhdistelm\u00e4 teollista ja modernia muotoilua, se sopii oikeastaan mihin vaan officeen. Sen virtaviivainen muoto ja neutraalit v\u00e4rit varmistaa, ett\u00e4 se t\u00e4ydent\u00e4\u00e4 mit\u00e4 tahansa sisustusta. Kylm\u00e4valssatusta ter\u00e4ksest\u00e4 tehtyn\u00e4 se on tosi kest\u00e4v\u00e4, mik\u00e4 tekee siit\u00e4 mainion valinnan asiakirjojen j\u00e4rjest\u00e4miseen ammatillisissa ymp\u00e4rist\u00f6iss\u00e4. Kaappi on yksinkertainen ja toimiva puhtailla viivoilla ja minimalistisella koristelulla.<\/p>\n<ul>\n<li><b>Kylm\u00e4valssattu ter\u00e4srakennus<\/b> T\u00e4\u00e4 arkistokaappi on tehty kylm\u00e4valssatusta ter\u00e4ksest\u00e4, mik\u00e4 on vahva ja kest\u00e4v\u00e4 materiaali. T\u00e4m\u00e4 rakenne takaa pitk\u00e4n k\u00e4ytt\u00f6i\u00e4n jopa kiireisiss\u00e4 officeissa. Tyylik\u00e4s teollinen ilme yhdistettyn\u00e4 minimalistiseen muotoiluun ja metallipinnoitteeseen tuo modernia fiilist\u00e4 toimistotilaan.<\/li>\n<li><b>Monipuoliset ulosvedett\u00e4v\u00e4t hyllyt<\/b> T\u00e4ss\u00e4 arkistokaapissa on ulosvedett\u00e4v\u00e4t hyllyt, jotka helpottaa p\u00e4\u00e4sy\u00e4 tallennettuihin esineisiin. T\u00e4h\u00e4n ominaisuuteen ei tarvitse kumartua, mik\u00e4 tekee asiakirjojen tarkistamisen nopeaksi. Tyylik\u00e4s muotoilu toimii t\u00e4ydellisesti modernin ja teollisen sisustuksen kanssa ja tuo lis\u00e4\u00e4 k\u00e4yt\u00e4nn\u00f6llisyytt\u00e4 ja estetiikkaa.<\/li>\n<li><b>Eritt\u00e4in toiminnalliset kammlukot<\/b> Kaappi on varustettu kammlukoilla, joten turvallisuus on kunnossa. Jokainen lukko pit\u00e4\u00e4 laatikot tiukasti kiinni, varmistaen, ett\u00e4 kaikki sis\u00e4ll\u00f6t on suojattu luvattomalta p\u00e4\u00e4sylt\u00e4. T\u00e4\u00e4 on ensiluokkainen ominaisuus officeissa, joissa k\u00e4sitell\u00e4\u00e4n arkaluontoisia tietoja, mik\u00e4 tuo rauhallisuutta k\u00e4ytt\u00e4jille.<\/li>\n<li><b>R\u00e4\u00e4t\u00e4l\u00f6it\u00e4v\u00e4 k\u00e4ytt\u00f6<\/b> T\u00e4\u00e4 kaappi sopii moniin erilaisiin tarpeisiin, olitpa toimistossa, ty\u00f6huoneessa tai studiossa. Suorakaiteen muotoinen rakenteensa tuo lis\u00e4\u00e4 tilaa, mutta tarjoaa reilusti s\u00e4ilytystilaa. Geometriset kuviot tuo lis\u00e4\u00e4 luonteenpiirteit\u00e4, ilman ett\u00e4 yksinkertaisuutta ylikuormitetaan.<\/li>\n<li><b>Alhaiset huoltovaatimukset<\/b> T\u00e4m\u00e4n kaapin puhtaan ilmeen yll\u00e4pit\u00e4minen on helppoa, sill\u00e4 se vaatii vain minimaalista vaivann\u00e4k\u00f6\u00e4. Pyyhi vain p\u00f6ly pois kostealla liinalla. Voimakkaita kemikaaleja ei tarvita, joten se on k\u00e4ytt\u00e4j\u00e4yst\u00e4v\u00e4llinen ja t\u00e4ydellinen vilkkaisiin ymp\u00e4rist\u00f6ihin, joissa nopea puhdistus on t\u00e4rke\u00e4\u00e4.<\/li>\n<\/ul>\n<ul>\n<li>V\u00e4ri: Musta<\/li>\n<li>Materiaali: Kylm\u00e4valssattu ter\u00e4s<\/li>\n<li>Viimeistely: Patinoitu<\/li>\n<li>Yleiset mitat: 45,5 x 42 x 139 cm (P x L x K)<\/li>\n<li>Paino: 29,7 kg<\/li>\n<li>Lukot<\/li>\n<li>Runsaasti s\u00e4ilytystilaa<\/li>\n<li>Kest\u00e4v\u00e4<\/li>\n<li>Ruostumaton<\/li>\n<li>Korroosionkest\u00e4v\u00e4<\/li>\n<li>4 laatikoilla<\/li>\n<li>Mukana 4 varsilukko<\/li>\n<li>Mukana 4 ulosvedett\u00e4v\u00e4t hyllyt<\/li>\n<li>Kehysmateriaali: Metalli<\/li>\n<li>Vain sis\u00e4k\u00e4ytt\u00f6\u00f6n<\/li>\n<li>Toimitus-:<\/li>\n<li>1 x Tiedostokaappi<\/li>\n<li>Kokoonpano vaaditaan: Kyll\u00e4<\/li>\n<\/ul>\n","protected":false},"excerpt":{"rendered":"<ul>\n<li>V\u00e4ri: Musta<\/li>\n<li>Materiaali: Kylm\u00e4valssattu ter\u00e4s<\/li>\n<li>Viimeistely: Patinoitu<\/li>\n<li>Yleiset mitat: 45,5 x 42 x 139 cm (P x L x K)<\/li>\n<li>Paino: 29,7 kg<\/li>\n<li>Lukot<\/li>\n<li>Runsaasti s\u00e4ilytystilaa<\/li>\n<li>Kest\u00e4v\u00e4<\/li>\n<li>Ruostumaton<\/li>\n<li>Korroosionkest\u00e4v\u00e4<\/li>\n<li>4 laatikoilla<\/li>\n<li>Mukana 4 varsilukko<\/li>\n<li>Mukana 4 ulosvedett\u00e4v\u00e4t hyllyt<\/li>\n<li>Kehysmateriaali: Metalli<\/li>\n<li>Vain sis\u00e4k\u00e4ytt\u00f6\u00f6n<\/li>\n<li>Toimitus-:<\/li>\n<li>1 x Tiedostokaappi<\/li>\n<li>Kokoonpano vaaditaan: Kyll\u00e4<\/li>\n<\/ul>\n","protected":false},"featured_media":100000199642,"comment_status":"closed","ping_status":"closed","template":"","meta":[],"product_brand":[],"product_cat":[84],"product_tag":[],"class_list":{"0":"post-199642","1":"product","2":"type-product","3":"status-publish","4":"has-post-thumbnail","6":"product_cat-huonekalut","8":"first","9":"instock","10":"taxable","11":"shipping-taxable","12":"purchasable","13":"product-type-simple"},"_links":{"self":[{"href":"https:\/\/www.otiumhome.fi\/index.php\/wp-json\/wp\/v2\/product\/199642","targetHints":{"allow":["GET"]}}],"collection":[{"href":"https:\/\/www.otiumhome.fi\/index.php\/wp-json\/wp\/v2\/product"}],"about":[{"href":"https:\/\/www.otiumhome.fi\/index.php\/wp-json\/wp\/v2\/types\/product"}],"replies":[{"embeddable":true,"href":"https:\/\/www.otiumhome.fi\/index.php\/wp-json\/wp\/v2\/comments?post=199642"}],"wp:featuredmedia":[{"embeddable":true,"href":"https:\/\/www.otiumhome.fi\/index.php\/wp-json\/"}],"wp:attachment":[{"href":"https:\/\/www.otiumhome.fi\/index.php\/wp-json\/wp\/v2\/media?parent=199642"}],"wp:term":[{"taxonomy":"product_brand","embeddable":true,"href":"https:\/\/www.otiumhome.fi\/index.php\/wp-json\/wp\/v2\/product_brand?post=199642"},{"taxonomy":"product_cat","embeddable":true,"href":"https:\/\/www.otiumhome.fi\/index.php\/wp-json\/wp\/v2\/product_cat?post=199642"},{"taxonomy":"product_tag","embeddable":true,"href":"https:\/\/www.otiumhome.fi\/index.php\/wp-json\/wp\/v2\/product_tag?post=199642"}],"curies":[{"name":"wp","href":"https:\/\/api.w.org\/{rel}","templated":true}]}}