{"id":199636,"date":"2025-12-19T04:49:06","date_gmt":"2025-12-19T04:49:06","guid":{"rendered":"https:\/\/www.otiumhome.fi\/?p=199636"},"modified":"2025-12-31T17:03:22","modified_gmt":"2025-12-31T17:03:22","slug":"eteiskalustesetti-seinakiinnitettava-6-pcs-tekninen-puu","status":"publish","type":"product","link":"https:\/\/www.otiumhome.fi\/index.php\/tuote\/eteiskalustesetti-seinakiinnitettava-6-pcs-tekninen-puu\/","title":{"rendered":"Eteiskalustesetti Sein\u00e4kiinnitett\u00e4v\u00e4 6 pcs Tekninen puu"},"content":{"rendered":"<p>T\u00e4m\u00e4 k\u00e4yt\u00e4v\u00e4n huonekalusetti yhdist\u00e4\u00e4 k\u00e4yt\u00e4nn\u00f6llisen eleganssin ja monipuolisen muotoilun, tehden siit\u00e4 loistavan lis\u00e4n sis\u00e4\u00e4nk\u00e4ynnille tai pieneen tilaan. Sen moderni tyyli parantaa k\u00e4yt\u00e4v\u00e4n ilmett\u00e4 samalla kun se tarjoaa t\u00e4rkeit\u00e4 s\u00e4ilytysratkaisuja. Setti on valmistettu teknisest\u00e4 puusta, jota on helppo pit\u00e4\u00e4 kunnossa, ja se on suunniteltu esteettiseksi sek\u00e4 kest\u00e4v\u00e4ksi. Olitpa sitten siivoamassa tai lis\u00e4\u00e4m\u00e4ss\u00e4 sisustuselementtej\u00e4, t\u00e4m\u00e4 setti on ehdoton valinta tilan tehokkaaseen k\u00e4ytt\u00f6\u00f6n.<\/p>\n<ul>\n<li><b>Tekninen puu:<\/b> Sen k\u00e4ytt\u00f6 takaa kevyen mutta kest\u00e4v\u00e4n rakenteen. T\u00e4m\u00e4 komposiitista valmistettu materiaali on vahva ja elegantti, soveltuva jokap\u00e4iv\u00e4iseen k\u00e4ytt\u00f6\u00f6n, ja kest\u00e4\u00e4 aikaa ja k\u00e4ytt\u00f6\u00e4.<\/li>\n<li><b>Akryylipeilit:<\/b> Akryylipeilit tarjoavat turvallisen, rikkoutumattoman vaihtoehdon perinteiselle lasille. Ne ovat erityisen hyvi\u00e4 perheille, joissa turvallisuus on t\u00e4rke\u00e4\u00e4, ja niiss\u00e4 on kevyt ja kest\u00e4v\u00e4 rakenne.<\/li>\n<li><b>Sein\u00e4kiinnitett\u00e4v\u00e4 s\u00e4ilytys:<\/b> T\u00e4m\u00e4 muotoilu s\u00e4\u00e4st\u00e4\u00e4 lattiatilaa ja tuo modernia ilmett\u00e4. Se tarjoaa hyv\u00e4n p\u00e4\u00e4syn s\u00e4ilytett\u00e4viin tavaroihin, ja se on erinomainen ratkaisu pienille tiloille.<\/li>\n<li><b>Laaja setin osat:<\/b> Huonekalusarja sis\u00e4lt\u00e4\u00e4 useita t\u00e4rkeit\u00e4 osia, kuten penkin, peilin, takkiroikkuripaneelit ja ruukkulaatikot. Jokaisella osalla on oma roolinsa, joka parantaa tilank\u00e4ytt\u00f6\u00e4 ja sisustusta.<\/li>\n<li><b>Yksinkertaiset hoito-ohjeet:<\/b> Huonekalujen kauneus pysyy yll\u00e4 kevyell\u00e4 pyyhkimisell\u00e4 kostealla liinalla. T\u00e4m\u00e4 helppo hoitorutiini takaa pitk\u00e4n k\u00e4ytt\u00f6i\u00e4n ja esteettisen ilmeen.<\/li>\n<\/ul>\n<ul>\n<li>Materiaali: Tekninen puu<\/li>\n<li>Yleiset mitat: 80 x 31 x 40 cm (P x L x K)<\/li>\n<li>Paino: 39,8 kg<\/li>\n<li>Akryylipeilit<\/li>\n<li>Istuimen korkeus maasta: 40 cm<\/li>\n<li>Enimm\u00e4ispaino: 110 kg<\/li>\n<li>Vain sis\u00e4k\u00e4ytt\u00f6\u00f6n<\/li>\n<li>Toimitus-:<\/li>\n<li>1 x Penkki: 80 x 31 x 40 cm (PxLxK)<\/li>\n<li>1 x Peili: 39 x 80 cm (LxK)<\/li>\n<li>2 x Takki-\/hyllypaneeli: 20 x 80 cm (LxK)<\/li>\n<li>2 x Ruukku: 41 x 4 x 40 cm (PxLxK)<\/li>\n<li>Kokoonpano vaaditaan: Kyll\u00e4<\/li>\n<\/ul>\n","protected":false},"excerpt":{"rendered":"<ul>\n<li>Materiaali: Tekninen puu<\/li>\n<li>Yleiset mitat: 80 x 31 x 40 cm (P x L x K)<\/li>\n<li>Paino: 39,8 kg<\/li>\n<li>Akryylipeilit<\/li>\n<li>Istuimen korkeus maasta: 40 cm<\/li>\n<li>Enimm\u00e4ispaino: 110 kg<\/li>\n<li>Vain sis\u00e4k\u00e4ytt\u00f6\u00f6n<\/li>\n<li>Toimitus-:<\/li>\n<li>1 x Penkki: 80 x 31 x 40 cm (PxLxK)<\/li>\n<li>1 x Peili: 39 x 80 cm (LxK)<\/li>\n<li>2 x Takki-\/hyllypaneeli: 20 x 80 cm (LxK)<\/li>\n<li>2 x Ruukku: 41 x 4 x 40 cm (PxLxK)<\/li>\n<li>Kokoonpano vaaditaan: Kyll\u00e4<\/li>\n<\/ul>\n","protected":false},"featured_media":100000199636,"comment_status":"closed","ping_status":"closed","template":"","meta":[],"product_brand":[],"product_cat":[8538,84],"product_tag":[],"class_list":{"0":"post-199636","1":"product","2":"type-product","3":"status-publish","4":"has-post-thumbnail","6":"product_cat-eteis-sailytyspenkit","7":"product_cat-huonekalut","9":"first","10":"instock","11":"taxable","12":"shipping-taxable","13":"purchasable","14":"product-type-simple"},"_links":{"self":[{"href":"https:\/\/www.otiumhome.fi\/index.php\/wp-json\/wp\/v2\/product\/199636","targetHints":{"allow":["GET"]}}],"collection":[{"href":"https:\/\/www.otiumhome.fi\/index.php\/wp-json\/wp\/v2\/product"}],"about":[{"href":"https:\/\/www.otiumhome.fi\/index.php\/wp-json\/wp\/v2\/types\/product"}],"replies":[{"embeddable":true,"href":"https:\/\/www.otiumhome.fi\/index.php\/wp-json\/wp\/v2\/comments?post=199636"}],"wp:featuredmedia":[{"embeddable":true,"href":"https:\/\/www.otiumhome.fi\/index.php\/wp-json\/"}],"wp:attachment":[{"href":"https:\/\/www.otiumhome.fi\/index.php\/wp-json\/wp\/v2\/media?parent=199636"}],"wp:term":[{"taxonomy":"product_brand","embeddable":true,"href":"https:\/\/www.otiumhome.fi\/index.php\/wp-json\/wp\/v2\/product_brand?post=199636"},{"taxonomy":"product_cat","embeddable":true,"href":"https:\/\/www.otiumhome.fi\/index.php\/wp-json\/wp\/v2\/product_cat?post=199636"},{"taxonomy":"product_tag","embeddable":true,"href":"https:\/\/www.otiumhome.fi\/index.php\/wp-json\/wp\/v2\/product_tag?post=199636"}],"curies":[{"name":"wp","href":"https:\/\/api.w.org\/{rel}","templated":true}]}}