{"id":199617,"date":"2025-12-14T18:50:40","date_gmt":"2025-12-14T18:50:40","guid":{"rendered":"https:\/\/www.otiumhome.fi\/?p=199617"},"modified":"2025-12-15T23:09:29","modified_gmt":"2025-12-15T23:09:29","slug":"tyotuoli-korkeussaadettava-harmaa-verkkokangas","status":"publish","type":"product","link":"https:\/\/www.otiumhome.fi\/index.php\/tuote\/tyotuoli-korkeussaadettava-harmaa-verkkokangas\/","title":{"rendered":"Ty\u00f6tuoli korkeuss\u00e4\u00e4dett\u00e4v\u00e4 harmaa verkkokangas"},"content":{"rendered":"<p>Nauti istumisesta t\u00e4ll\u00e4 ty\u00f6tuolilla ja p\u00e4ivit\u00e4 toimistokokemuksesi mukavuudella!<\/p>\n<\/p>\n<ul>\n<li> Hengitt\u00e4v\u00e4 verkkokangas: Verkkokangas on suojamateriaali, joka valmistetaan yhdistetyist\u00e4 s\u00e4ikeist\u00e4. Verkkokangasta pidet\u00e4\u00e4n hengitt\u00e4v\u00e4n\u00e4 kuvion ja aukkojen ansiosta. <\/li>\n<li> Tukeva ja vakaa runko: Ty\u00f6tuolin metalli- ja vanerirunko takaa tukevuuden ja vakauden.<\/li>\n<li> S\u00e4\u00e4dett\u00e4v\u00e4 korkeus: Voit k\u00e4ytt\u00e4\u00e4 vipua s\u00e4\u00e4t\u00e4\u00e4ksesi istuimen korkeuden mieleiseksesi. <\/li>\n<li>K\u00e4tev\u00e4 suunnittelu: 360 astetta k\u00e4\u00e4ntyv\u00e4 malli mahdollistaa laajemman liikeradan. Lis\u00e4ksi rullapy\u00f6rien avulla on k\u00e4tev\u00e4 liikkua ymp\u00e4riins\u00e4.<\/li>\n<\/ul>\n<ul>\n<li>V\u00e4ri: Harmaa <\/li>\n<li>Materiaali: Verkkokangas (100 % polyesteri), metalli, vaneri <\/li>\n<li>Kokonaismitat: 59 x 61 x 94 &#8211; 103 cm (L x S x K) <\/li>\n<li>Istuimen koko: 40 x 43 cm (L x S) <\/li>\n<li>Istuimen korkeus maasta: 40 &#8211; 50 cm <\/li>\n<li>Selk\u00e4nojan korkeus: 58 cm <\/li>\n<li>Enimm\u00e4iskantavuus: 110 kg<\/li>\n<li>Asennus vaaditaan: Kyll\u00e4<\/li>\n<\/ul>\n","protected":false},"excerpt":{"rendered":"<ul>\n<li>V\u00e4ri: Harmaa <\/li>\n<li>Materiaali: Verkkokangas (100 % polyesteri), metalli, vaneri <\/li>\n<li>Kokonaismitat: 59 x 61 x 94 &#8211; 103 cm (L x S x K) <\/li>\n<li>Istuimen koko: 40 x 43 cm (L x S) <\/li>\n<li>Istuimen korkeus maasta: 40 &#8211; 50 cm <\/li>\n<li>Selk\u00e4nojan korkeus: 58 cm <\/li>\n<li>Enimm\u00e4iskantavuus: 110 kg<\/li>\n<li>Asennus vaaditaan: Kyll\u00e4<\/li>\n<\/ul>\n","protected":false},"featured_media":100000199617,"comment_status":"closed","ping_status":"closed","template":"","meta":[],"product_brand":[],"product_cat":[84,8643],"product_tag":[],"class_list":{"0":"post-199617","1":"product","2":"type-product","3":"status-publish","4":"has-post-thumbnail","6":"product_cat-huonekalut","7":"product_cat-tyotuolit","9":"first","10":"instock","11":"taxable","12":"shipping-taxable","13":"purchasable","14":"product-type-simple"},"_links":{"self":[{"href":"https:\/\/www.otiumhome.fi\/index.php\/wp-json\/wp\/v2\/product\/199617","targetHints":{"allow":["GET"]}}],"collection":[{"href":"https:\/\/www.otiumhome.fi\/index.php\/wp-json\/wp\/v2\/product"}],"about":[{"href":"https:\/\/www.otiumhome.fi\/index.php\/wp-json\/wp\/v2\/types\/product"}],"replies":[{"embeddable":true,"href":"https:\/\/www.otiumhome.fi\/index.php\/wp-json\/wp\/v2\/comments?post=199617"}],"wp:featuredmedia":[{"embeddable":true,"href":"https:\/\/www.otiumhome.fi\/index.php\/wp-json\/"}],"wp:attachment":[{"href":"https:\/\/www.otiumhome.fi\/index.php\/wp-json\/wp\/v2\/media?parent=199617"}],"wp:term":[{"taxonomy":"product_brand","embeddable":true,"href":"https:\/\/www.otiumhome.fi\/index.php\/wp-json\/wp\/v2\/product_brand?post=199617"},{"taxonomy":"product_cat","embeddable":true,"href":"https:\/\/www.otiumhome.fi\/index.php\/wp-json\/wp\/v2\/product_cat?post=199617"},{"taxonomy":"product_tag","embeddable":true,"href":"https:\/\/www.otiumhome.fi\/index.php\/wp-json\/wp\/v2\/product_tag?post=199617"}],"curies":[{"name":"wp","href":"https:\/\/api.w.org\/{rel}","templated":true}]}}