{"id":199598,"date":"2025-12-14T18:08:08","date_gmt":"2025-12-14T18:08:08","guid":{"rendered":"https:\/\/www.otiumhome.fi\/?p=199598"},"modified":"2025-12-23T22:07:31","modified_gmt":"2025-12-23T22:07:31","slug":"tv-tasosetti-seinakiinnitettava-5-pcs-vanha-puu-tekninen-puu","status":"publish","type":"product","link":"https:\/\/www.otiumhome.fi\/index.php\/tuote\/tv-tasosetti-seinakiinnitettava-5-pcs-vanha-puu-tekninen-puu\/","title":{"rendered":"TV-tasosetti Sein\u00e4kiinnitett\u00e4v\u00e4 5 pcs Vanha Puu Tekninen puu"},"content":{"rendered":"<p>T\u00e4m\u00e4 moderni TV-kaappi setti on t\u00e4ydellinen yhdistelm\u00e4 yksinkertaisuutta ja k\u00e4yt\u00e4nn\u00f6llisyytt\u00e4, sen puhtaat linjat ja v\u00e4h\u00e4inen koristelu luovat tyylikk\u00e4\u00e4n ilmeen. Se soveltuu loistavasti olohuoneeseen, tuoden k\u00e4yt\u00e4nn\u00f6llisi\u00e4 ja esteettisi\u00e4 ratkaisuja mediavarastolle. Tekninen puu tuo modernia fiilist\u00e4, joten se on hyv\u00e4 valinta kenelle vaan, joka haluaa pirist\u00e4\u00e4 olohuoneensa ilmett\u00e4. Suorakaiteen muoto tarjoaa riitt\u00e4v\u00e4sti tilaa kaikille viihdelaitteillesi.<\/p>\n<ul>\n<li><b>Tekninen puumateriaali<\/b> T\u00e4m\u00e4 kaappi on valmistettu laadukkaasta teknisest\u00e4 puusta, joka on tunnettu kest\u00e4vyydest\u00e4\u00e4n ja vahvuudestaan. Materiaalit antavat kauniin ilmeen, ja ne kest\u00e4v\u00e4t p\u00e4ivitt\u00e4ist\u00e4 k\u00e4ytt\u00f6\u00e4. Ihanteellinen sis\u00e4tiloihin, se tekee tilastasi samaan aikaan siistin ja tyylikk\u00e4\u00e4n.<\/li>\n<li><b>Tilaa s\u00e4\u00e4st\u00e4v\u00e4t komponentit<\/b> Sein\u00e4lle asennettavat elementit hy\u00f6dynt\u00e4v\u00e4t pystysuorat tilat tehokkaasti, pit\u00e4en ymp\u00e4rist\u00f6si siistin\u00e4. T\u00e4m\u00e4 TV-kaappi setti on t\u00e4ydellinen kompakteihin tiloihin, korostaen sujuvaa el\u00e4mist\u00e4 ja pit\u00e4en lattiat auki, samalla kun se tarjoaa runsaasti s\u00e4ilytystilaa.<\/li>\n<li><b>Toiminnallinen muotoilu<\/b> Moderni tyyli keskittyy yksinkertaisuuteen ja k\u00e4yt\u00e4nn\u00f6llisyyteen. Virtaviivaiset pinnat on helppo puhdistaa, joten huoltotarve on minimaalinen mutta silti kaunis.<\/li>\n<li><b>Monipuolinen k\u00e4ytt\u00f6<\/b> T\u00e4m\u00e4 kaappi setti sopii eri ymp\u00e4rist\u00f6ihin kodissasi ja mukautuu erilaisiin tarpeisiin. Olitpa viihdytt\u00e4m\u00e4ss\u00e4 vieraita tai nauttimassa leppoisasta illasta TV:n \u00e4\u00e4ress\u00e4, se tekee multimediael\u00e4myksist\u00e4si entist\u00e4 parempia.<\/li>\n<li><b>Selke\u00e4t kokoamisohjeet<\/b> Kasaamisessa selke\u00e4t ohjeet varmistavat, ett\u00e4 sin\u00e4 ja kaverisi pystytte helposti kokoamaan t\u00e4m\u00e4n yksik\u00f6n k\u00e4ytt\u00e4en tavallisimpia ty\u00f6kaluja, kuten poraa, ruuvimeisseli\u00e4 ja vasaraa. T\u00e4m\u00e4 setti sis\u00e4lt\u00e4\u00e4 kaikki tarvittavat osat, joten kokoamisprosessi on palkitseva.<\/li>\n<\/ul>\n<ul>\n<li>V\u00e4ri: Vanha puu<\/li>\n<li>Materiaali: Tekninen puu<\/li>\n<li>Yleiset mitat: 98 x 31 x 29,5 cm (P x L x K)<\/li>\n<li>7 ovien kanssa<\/li>\n<li>1 hyllyll\u00e4<\/li>\n<li>Kokoonpano vaaditaan: Kyll\u00e4<\/li>\n<li>Toimitus-:<\/li>\n<li>1 x Sein\u00e4kaappi: 98 x 31 x 29,5 cm (PxLxK)<\/li>\n<li>1 x Sein\u00e4kaappi: 78,5 x 31 x 30 cm (PxLxK)<\/li>\n<li>1 x Sein\u00e4kaappi: 30 x 31 x 60 cm (PxLxK)<\/li>\n<li>1 x Sein\u00e4kaappi: 60 x 31 x 29,5 cm (PxLxK)<\/li>\n<li>1 x Sein\u00e4kaappi: 30 x 31 x 40 cm (PxLxK)<\/li>\n<\/ul>\n","protected":false},"excerpt":{"rendered":"<ul>\n<li>V\u00e4ri: Vanha puu<\/li>\n<li>Materiaali: Tekninen puu<\/li>\n<li>Yleiset mitat: 98 x 31 x 29,5 cm (P x L x K)<\/li>\n<li>7 ovien kanssa<\/li>\n<li>1 hyllyll\u00e4<\/li>\n<li>Kokoonpano vaaditaan: Kyll\u00e4<\/li>\n<li>Toimitus-:<\/li>\n<li>1 x Sein\u00e4kaappi: 98 x 31 x 29,5 cm (PxLxK)<\/li>\n<li>1 x Sein\u00e4kaappi: 78,5 x 31 x 30 cm (PxLxK)<\/li>\n<li>1 x Sein\u00e4kaappi: 30 x 31 x 60 cm (PxLxK)<\/li>\n<li>1 x Sein\u00e4kaappi: 60 x 31 x 29,5 cm (PxLxK)<\/li>\n<li>1 x Sein\u00e4kaappi: 30 x 31 x 40 cm (PxLxK)<\/li>\n<\/ul>\n","protected":false},"featured_media":100000199598,"comment_status":"closed","ping_status":"closed","template":"","meta":[],"product_brand":[],"product_cat":[84],"product_tag":[],"class_list":{"0":"post-199598","1":"product","2":"type-product","3":"status-publish","4":"has-post-thumbnail","6":"product_cat-huonekalut","8":"first","9":"instock","10":"taxable","11":"shipping-taxable","12":"purchasable","13":"product-type-simple"},"_links":{"self":[{"href":"https:\/\/www.otiumhome.fi\/index.php\/wp-json\/wp\/v2\/product\/199598","targetHints":{"allow":["GET"]}}],"collection":[{"href":"https:\/\/www.otiumhome.fi\/index.php\/wp-json\/wp\/v2\/product"}],"about":[{"href":"https:\/\/www.otiumhome.fi\/index.php\/wp-json\/wp\/v2\/types\/product"}],"replies":[{"embeddable":true,"href":"https:\/\/www.otiumhome.fi\/index.php\/wp-json\/wp\/v2\/comments?post=199598"}],"wp:featuredmedia":[{"embeddable":true,"href":"https:\/\/www.otiumhome.fi\/index.php\/wp-json\/"}],"wp:attachment":[{"href":"https:\/\/www.otiumhome.fi\/index.php\/wp-json\/wp\/v2\/media?parent=199598"}],"wp:term":[{"taxonomy":"product_brand","embeddable":true,"href":"https:\/\/www.otiumhome.fi\/index.php\/wp-json\/wp\/v2\/product_brand?post=199598"},{"taxonomy":"product_cat","embeddable":true,"href":"https:\/\/www.otiumhome.fi\/index.php\/wp-json\/wp\/v2\/product_cat?post=199598"},{"taxonomy":"product_tag","embeddable":true,"href":"https:\/\/www.otiumhome.fi\/index.php\/wp-json\/wp\/v2\/product_tag?post=199598"}],"curies":[{"name":"wp","href":"https:\/\/api.w.org\/{rel}","templated":true}]}}