{"id":199560,"date":"2025-12-14T18:06:34","date_gmt":"2025-12-14T18:06:34","guid":{"rendered":"https:\/\/www.otiumhome.fi\/?p=199560"},"modified":"2025-12-23T22:19:55","modified_gmt":"2025-12-23T22:19:55","slug":"tv-tasosetti-seinakiinnitettava-3-pcs-vanha-puu-tekninen-puu","status":"publish","type":"product","link":"https:\/\/www.otiumhome.fi\/index.php\/tuote\/tv-tasosetti-seinakiinnitettava-3-pcs-vanha-puu-tekninen-puu\/","title":{"rendered":"TV-tasosetti Sein\u00e4kiinnitett\u00e4v\u00e4 3 pcs Vanha puu Tekninen puu"},"content":{"rendered":"<p>T\u00e4m\u00e4 moderni televisiokaappisetti on mahtava lis\u00e4 nykyaikaisiin olohuoneisiin, yhdist\u00e4en k\u00e4yt\u00e4nn\u00f6llisyyden ja tyylin. Suunniteltu niille, jotka arvostavat yksinkertaisuutta ja tehokkuutta, t\u00e4m\u00e4 setti muuttaa tilan selkeill\u00e4 linjoillaan ja elegantilla tunnelmallaan. Se tarjoaa t\u00e4ydellisen taustan viihdelle, sulautuen saumattomasti eri sisustustyyleihin. Hyv\u00e4n visuaalisen ilmeen lis\u00e4ksi setti tuo k\u00e4yt\u00e4nn\u00f6llisi\u00e4 mukavuuksia, jotka parantavat asumista, ottaen huomioon j\u00e4rjestyksen ja tyylin kodin viihdepisteess\u00e4.<\/p>\n<ul>\n<li><b>Rakenne:<\/b> T\u00e4ysin teknisest\u00e4 puusta valmistettu, televisiokaappisetti on sek\u00e4 kest\u00e4v\u00e4 ett\u00e4 vakaa. T\u00e4m\u00e4 materiaali on suunniteltu kest\u00e4viksi, tarjoten vahvuutta ja tyylikk\u00e4\u00e4n viimeistelyn, mik\u00e4 takaa pitk\u00e4ik\u00e4isen olohuoneen ilmeen. Sen valinta materiaaliksi korostaa my\u00f6s kest\u00e4v\u00e4n kehityksen ja k\u00e4yt\u00e4nn\u00f6llisen muotoilun t\u00e4rkeytt\u00e4.<\/li>\n<li><b>Mukana tulevat osat:<\/b> Setti sis\u00e4lt\u00e4\u00e4 useita sein\u00e4kaappeja, joissa on vaivattomat kiinnitysreitit. Teknisten puun ovet ja hyllyt tarjoavat lis\u00e4\u00e4 s\u00e4ilytystilaa, jotta voit j\u00e4rjest\u00e4\u00e4 elektroniikkaasi, DVD:si ja koriste-esineesi. Jokainen osa on huolellisesti suunniteltu esteettisen ja toiminnallisen harmonian saavuttamiseksi.<\/li>\n<li><b>Tilank\u00e4yt\u00f6n optimointi:<\/b> Sein\u00e4lle kiinnitett\u00e4v\u00e4t kaapit vapauttavat lattiatilaa ja tarjoavat siistin ilmeen. T\u00e4m\u00e4 muotoilu maksimoi elintilasi, joten se sopii erinomaisesti kompakteihin asuntoihin, joissa joka sentti on t\u00e4rke\u00e4. Se lis\u00e4\u00e4 visuaalista selkeytt\u00e4 ja avaruutta huoneessasi, edist\u00e4en siisti\u00e4 ymp\u00e4rist\u00f6\u00e4.<\/li>\n<li><b>Tarkoitukselliset k\u00e4ytt\u00f6tarkoitukset:<\/b> T\u00e4m\u00e4 kaappisetti tukee erilaisten elektroniikoiden k\u00e4ytt\u00f6\u00e4, kuten televisioita, pelikonsoleita ja audio-laitteita. Moderni tyyli sopii moneen ymp\u00e4rist\u00f6\u00f6n, t\u00e4ydent\u00e4en niin perhekokoontumisia kuin hienostuneita sosiaalisia tapahtumia.<\/li>\n<li><b>Kokoaminen ja huolto:<\/b> Kokoaminen vaatii kaksi henkil\u00f6\u00e4 ja perus ty\u00f6kalut, kuten poran ja ruuvimeisselin. Selke\u00e4t kokoamisohjeet auttavat sinua vaihe vaiheelta varmistaen helppouden. S\u00e4\u00e4nn\u00f6llinen puhdistus pit\u00e4\u00e4 kaapit moitteettomina ja yll\u00e4pit\u00e4\u00e4 niiden modernia vieh\u00e4tyst\u00e4 pitk\u00e4\u00e4n.<\/li>\n<\/ul>\n<ul>\n<li>V\u00e4ri: Vanha puu<\/li>\n<li>Materiaali: Tekninen puu<\/li>\n<li>Yleiset mitat: 30 x 31 x 100 cm (P x L x K)<\/li>\n<li>4 ovien kanssa<\/li>\n<li>2 hyllyill\u00e4<\/li>\n<li>Kokoonpano vaaditaan: Kyll\u00e4<\/li>\n<li>Toimitus-:<\/li>\n<li>1 x Sein\u00e4hylly: 30 x 31 x 100 cm (PxLxK)<\/li>\n<li>1 x Sein\u00e4hylly: 78,5 x 31 x 30 cm (PxLxK)<\/li>\n<li>1 x Sein\u00e4hylly: 30 x 31 x 40 cm (PxLxK)<\/li>\n<\/ul>\n","protected":false},"excerpt":{"rendered":"<ul>\n<li>V\u00e4ri: Vanha puu<\/li>\n<li>Materiaali: Tekninen puu<\/li>\n<li>Yleiset mitat: 30 x 31 x 100 cm (P x L x K)<\/li>\n<li>4 ovien kanssa<\/li>\n<li>2 hyllyill\u00e4<\/li>\n<li>Kokoonpano vaaditaan: Kyll\u00e4<\/li>\n<li>Toimitus-:<\/li>\n<li>1 x Sein\u00e4hylly: 30 x 31 x 100 cm (PxLxK)<\/li>\n<li>1 x Sein\u00e4hylly: 78,5 x 31 x 30 cm (PxLxK)<\/li>\n<li>1 x Sein\u00e4hylly: 30 x 31 x 40 cm (PxLxK)<\/li>\n<\/ul>\n","protected":false},"featured_media":100000199560,"comment_status":"closed","ping_status":"closed","template":"","meta":[],"product_brand":[],"product_cat":[84],"product_tag":[],"class_list":{"0":"post-199560","1":"product","2":"type-product","3":"status-publish","4":"has-post-thumbnail","6":"product_cat-huonekalut","8":"first","9":"instock","10":"taxable","11":"shipping-taxable","12":"purchasable","13":"product-type-simple"},"_links":{"self":[{"href":"https:\/\/www.otiumhome.fi\/index.php\/wp-json\/wp\/v2\/product\/199560","targetHints":{"allow":["GET"]}}],"collection":[{"href":"https:\/\/www.otiumhome.fi\/index.php\/wp-json\/wp\/v2\/product"}],"about":[{"href":"https:\/\/www.otiumhome.fi\/index.php\/wp-json\/wp\/v2\/types\/product"}],"replies":[{"embeddable":true,"href":"https:\/\/www.otiumhome.fi\/index.php\/wp-json\/wp\/v2\/comments?post=199560"}],"wp:featuredmedia":[{"embeddable":true,"href":"https:\/\/www.otiumhome.fi\/index.php\/wp-json\/"}],"wp:attachment":[{"href":"https:\/\/www.otiumhome.fi\/index.php\/wp-json\/wp\/v2\/media?parent=199560"}],"wp:term":[{"taxonomy":"product_brand","embeddable":true,"href":"https:\/\/www.otiumhome.fi\/index.php\/wp-json\/wp\/v2\/product_brand?post=199560"},{"taxonomy":"product_cat","embeddable":true,"href":"https:\/\/www.otiumhome.fi\/index.php\/wp-json\/wp\/v2\/product_cat?post=199560"},{"taxonomy":"product_tag","embeddable":true,"href":"https:\/\/www.otiumhome.fi\/index.php\/wp-json\/wp\/v2\/product_tag?post=199560"}],"curies":[{"name":"wp","href":"https:\/\/api.w.org\/{rel}","templated":true}]}}