{"id":199511,"date":"2025-12-14T18:04:39","date_gmt":"2025-12-14T18:04:39","guid":{"rendered":"https:\/\/www.otiumhome.fi\/?p=199511"},"modified":"2025-12-23T22:19:33","modified_gmt":"2025-12-23T22:19:33","slug":"tv-tasosetti-2-pcs-betoni-harmaa-tekninen-puu","status":"publish","type":"product","link":"https:\/\/www.otiumhome.fi\/index.php\/tuote\/tv-tasosetti-2-pcs-betoni-harmaa-tekninen-puu\/","title":{"rendered":"TV-tasosetti 2 pcs Betoni Harmaa Tekninen puu"},"content":{"rendered":"<p>T\u00e4m\u00e4 TV-kaappisarja muuttaa sun olohuoneen tyylikk\u00e4\u00e4ksi ja j\u00e4rjest\u00e4ytyneeksi tilaksi. Yksinkertaisuus ja toiminnallisuus yhdist\u00e4\u00e4 modernin sisustuksen minimalistiseen tyyliin. Suunniteltu TV-asennuksiin, se toimii n\u00e4yt\u00f6n ja s\u00e4ilytyksen yhdistelm\u00e4n\u00e4, pit\u00e4m\u00e4ll\u00e4 viihdelaitteet ja tavarat siistin\u00e4. Sein\u00e4\u00e4n kiinnitett\u00e4v\u00e4 malli antaa tilaa lattialle, mik\u00e4 avartaa koko huonetta.<\/p>\n<ul><\/br><\/p>\n<li><b>Materiaalit:<\/b> Teknisest\u00e4 puusta, t\u00e4m\u00e4 TV-kaappisarja tarjoaa kest\u00e4v\u00e4 ja tyylik\u00e4s lopputuloksen. Sen valinta perustuu kest\u00e4vyyteen ja kauniiseen ulkon\u00e4k\u00f6\u00f6n, joka sopii erilaisiin sisustuksiin. Materiaalin luonnolliset tekstuurit tuovat huoneen eleganssia lis\u00e4\u00e4.<\/li>\n<p><\/br><\/p>\n<li><b>Sis\u00e4lt\u00e4\u00e4 komponentit:<\/b> Sarjassa on kaksi erillist\u00e4 sein\u00e4lle asennettavaa kaappia. Suurempi kaappi on 60 x 31 x 29.5 cm, ja siin\u00e4 on tilaa viihdekomponenteille ja koriste-esineille, kun taas pienempi kaappi, 30 x 31 x 80 cm, tuo lis\u00e4\u00e4 joustavuutta. Molemmissa kaapeissa on saumattomat pinnat, jotka takaavat siistin ulkon\u00e4\u00f6n.<\/li>\n<p><\/br><\/p>\n<li><b>Ominaisuudet \/ Toiminta \/ Suunnittelu:<\/b> Sein\u00e4asennus s\u00e4\u00e4st\u00e4\u00e4 lattiatilaa ja tuo modernia ilmett\u00e4 huoneeseen. Toiminnalliset s\u00e4ilytystilat peitt\u00e4\u00e4 johtoja ja muita tarpeellisia juttuja, joten alue pysyy siistin\u00e4 ja j\u00e4rjestettyn\u00e4. Moderni muotoilu tekee sarjasta sek\u00e4 k\u00e4yt\u00e4nn\u00f6llisen ett\u00e4 tyylikk\u00e4\u00e4n.<\/li>\n<p><\/br><\/p>\n<li><b>Suositellut k\u00e4yt\u00f6t:<\/b> T\u00e4m\u00e4 kaappisarja on t\u00e4ydellinen moderneille olohuoneille, niit\u00e4 arvostaa tyyli ja j\u00e4rjestys. Se luo puhtaan ja kiilt\u00e4v\u00e4n ymp\u00e4rist\u00f6n, joka sopii kaupunkiasuntoihin tai minimalistisiin koteihin.<\/li>\n<p><\/br><\/p>\n<li><b>Hoito ja yll\u00e4pito:<\/b> Pid\u00e4 sarja moitteettomassa kunnossa pyyhkim\u00e4ll\u00e4 se kuivalla pehme\u00e4ll\u00e4 kankaalla. V\u00e4lt\u00e4 hankaavia aineita, jotka voi vahingoittaa pintaa. S\u00e4\u00e4nn\u00f6llinen p\u00f6lynpoisto pit\u00e4\u00e4 sen kuin uutena ja pident\u00e4\u00e4 k\u00e4ytt\u00f6ik\u00e4\u00e4.<\/li>\n<p><\/br><\/ul>\n<ul>\n<li>V\u00e4ri: Betoni harmaa<\/li>\n<li>Materiaali: Tekninen puu<\/li>\n<li>Yleiset mitat: 30 x 31 x 80 cm (P x L x K)<\/li>\n<li>2 ovien kanssa<\/li>\n<li>2 hyllyill\u00e4<\/li>\n<li>Kokoonpano vaaditaan: Kyll\u00e4<\/li>\n<li>Toimitus-:<\/li>\n<li>1 x Sein\u00e4hylly: 30 x 31 x 80 cm (PxLxK)<\/li>\n<li>1 x Sein\u00e4hylly: 60 x 31 x 29,5 cm (PxLxK)<\/li>\n<\/ul>\n","protected":false},"excerpt":{"rendered":"<ul>\n<li>V\u00e4ri: Betoni harmaa<\/li>\n<li>Materiaali: Tekninen puu<\/li>\n<li>Yleiset mitat: 30 x 31 x 80 cm (P x L x K)<\/li>\n<li>2 ovien kanssa<\/li>\n<li>2 hyllyill\u00e4<\/li>\n<li>Kokoonpano vaaditaan: Kyll\u00e4<\/li>\n<li>Toimitus-:<\/li>\n<li>1 x Sein\u00e4hylly: 30 x 31 x 80 cm (PxLxK)<\/li>\n<li>1 x Sein\u00e4hylly: 60 x 31 x 29,5 cm (PxLxK)<\/li>\n<\/ul>\n","protected":false},"featured_media":100000199511,"comment_status":"closed","ping_status":"closed","template":"","meta":[],"product_brand":[],"product_cat":[84],"product_tag":[],"class_list":{"0":"post-199511","1":"product","2":"type-product","3":"status-publish","4":"has-post-thumbnail","6":"product_cat-huonekalut","8":"first","9":"instock","10":"taxable","11":"shipping-taxable","12":"purchasable","13":"product-type-simple"},"_links":{"self":[{"href":"https:\/\/www.otiumhome.fi\/index.php\/wp-json\/wp\/v2\/product\/199511","targetHints":{"allow":["GET"]}}],"collection":[{"href":"https:\/\/www.otiumhome.fi\/index.php\/wp-json\/wp\/v2\/product"}],"about":[{"href":"https:\/\/www.otiumhome.fi\/index.php\/wp-json\/wp\/v2\/types\/product"}],"replies":[{"embeddable":true,"href":"https:\/\/www.otiumhome.fi\/index.php\/wp-json\/wp\/v2\/comments?post=199511"}],"wp:featuredmedia":[{"embeddable":true,"href":"https:\/\/www.otiumhome.fi\/index.php\/wp-json\/"}],"wp:attachment":[{"href":"https:\/\/www.otiumhome.fi\/index.php\/wp-json\/wp\/v2\/media?parent=199511"}],"wp:term":[{"taxonomy":"product_brand","embeddable":true,"href":"https:\/\/www.otiumhome.fi\/index.php\/wp-json\/wp\/v2\/product_brand?post=199511"},{"taxonomy":"product_cat","embeddable":true,"href":"https:\/\/www.otiumhome.fi\/index.php\/wp-json\/wp\/v2\/product_cat?post=199511"},{"taxonomy":"product_tag","embeddable":true,"href":"https:\/\/www.otiumhome.fi\/index.php\/wp-json\/wp\/v2\/product_tag?post=199511"}],"curies":[{"name":"wp","href":"https:\/\/api.w.org\/{rel}","templated":true}]}}