{"id":199480,"date":"2025-12-14T18:04:21","date_gmt":"2025-12-14T18:04:21","guid":{"rendered":"https:\/\/www.otiumhome.fi\/?p=199480"},"modified":"2025-12-15T04:07:37","modified_gmt":"2025-12-15T04:07:37","slug":"tv-taso-korkeakiilto-musta-80x34x30-cm-tekninen-puu","status":"publish","type":"product","link":"https:\/\/www.otiumhome.fi\/index.php\/tuote\/tv-taso-korkeakiilto-musta-80x34x30-cm-tekninen-puu\/","title":{"rendered":"TV-taso korkeakiilto musta 80x34x30 cm tekninen puu"},"content":{"rendered":"<p>T\u00e4st\u00e4 tukevasta ja trendikk\u00e4\u00e4st\u00e4 mutta k\u00e4yt\u00e4nn\u00f6llisest\u00e4 TV-kaapista tulee huoneesi keskipiste.<\/p>\n<\/p>\n<p>T\u00e4m\u00e4 klassisen tyylin TV-kaappi on valmistettu laadukkaasta teknisest\u00e4 puusta ja se on ajaton lis\u00e4 kotiisi. Siin\u00e4 on kolme vetolaatikkoa, mik\u00e4 tekee siit\u00e4 ihanteellisen paikan kaikkien aikakauslehtien, DVD-levyjen tai koriste-esineiden s\u00e4ilytt\u00e4miseen. TV-taso on helppo puhdistaa kostealla liinalla.<\/p>\n<\/p>\n<p>TV-taso on helppo koota mukana tulevilla asennusmateriaaleilla.<\/p>\n<ul>\n<li>V\u00e4ri: korkeakiiltoinen musta<\/li>\n<li>Materiaali: tekninen puu<\/li>\n<li>Mitat: 80 x 34 x 30 cm (L x S x K)<\/li>\n<li>3 vetolaatikkoa<\/li>\n<li>Asennus vaaditaan: kyll\u00e4<\/li>\n<\/ul>\n","protected":false},"excerpt":{"rendered":"<ul>\n<li>V\u00e4ri: korkeakiiltoinen musta<\/li>\n<li>Materiaali: tekninen puu<\/li>\n<li>Mitat: 80 x 34 x 30 cm (L x S x K)<\/li>\n<li>3 vetolaatikkoa<\/li>\n<li>Asennus vaaditaan: kyll\u00e4<\/li>\n<\/ul>\n","protected":false},"featured_media":100000199480,"comment_status":"closed","ping_status":"closed","template":"","meta":[],"product_brand":[],"product_cat":[84],"product_tag":[],"class_list":{"0":"post-199480","1":"product","2":"type-product","3":"status-publish","4":"has-post-thumbnail","6":"product_cat-huonekalut","8":"first","9":"instock","10":"taxable","11":"shipping-taxable","12":"purchasable","13":"product-type-simple"},"_links":{"self":[{"href":"https:\/\/www.otiumhome.fi\/index.php\/wp-json\/wp\/v2\/product\/199480","targetHints":{"allow":["GET"]}}],"collection":[{"href":"https:\/\/www.otiumhome.fi\/index.php\/wp-json\/wp\/v2\/product"}],"about":[{"href":"https:\/\/www.otiumhome.fi\/index.php\/wp-json\/wp\/v2\/types\/product"}],"replies":[{"embeddable":true,"href":"https:\/\/www.otiumhome.fi\/index.php\/wp-json\/wp\/v2\/comments?post=199480"}],"wp:featuredmedia":[{"embeddable":true,"href":"https:\/\/www.otiumhome.fi\/index.php\/wp-json\/"}],"wp:attachment":[{"href":"https:\/\/www.otiumhome.fi\/index.php\/wp-json\/wp\/v2\/media?parent=199480"}],"wp:term":[{"taxonomy":"product_brand","embeddable":true,"href":"https:\/\/www.otiumhome.fi\/index.php\/wp-json\/wp\/v2\/product_brand?post=199480"},{"taxonomy":"product_cat","embeddable":true,"href":"https:\/\/www.otiumhome.fi\/index.php\/wp-json\/wp\/v2\/product_cat?post=199480"},{"taxonomy":"product_tag","embeddable":true,"href":"https:\/\/www.otiumhome.fi\/index.php\/wp-json\/wp\/v2\/product_tag?post=199480"}],"curies":[{"name":"wp","href":"https:\/\/api.w.org\/{rel}","templated":true}]}}