{"id":199479,"date":"2025-12-14T18:04:21","date_gmt":"2025-12-14T18:04:21","guid":{"rendered":"https:\/\/www.otiumhome.fi\/?p=199479"},"modified":"2026-01-14T14:12:51","modified_gmt":"2026-01-14T14:12:51","slug":"tv-seinakaappi-setti-4-pcs-artisan-tammi-tekninen-puu","status":"publish","type":"product","link":"https:\/\/www.otiumhome.fi\/index.php\/tuote\/tv-seinakaappi-setti-4-pcs-artisan-tammi-tekninen-puu\/","title":{"rendered":"TV-sein\u00e4kaappi setti 4 pcs Artisan tammi Tekninen puu"},"content":{"rendered":"<p>T\u00e4m\u00e4 TV-sein\u00e4kaappisetti on nykyaikainen s\u00e4ilytysratkaisu, joka sulautuu ihanasti mihin tahansa olohuoneeseen yksinkertaisilla linjoillaan ja minimalistisella muotoilullaan. Valmistettu teknisest\u00e4 puusta, setti tarjoaa tyylikk\u00e4\u00e4n tavan j\u00e4rjest\u00e4\u00e4 viihdetarvikkeesi ja tuo modernia vivahdetta sisustukseen. Sein\u00e4\u00e4n kiinnitys vapauttaa lattiapintaa, mik\u00e4 tekee siit\u00e4 t\u00e4ydellisen kaupunkitiloihin ja pieniin asuntoihin.<\/p>\n<ul>\n<li><b>Tekninen puu<\/b> Kest\u00e4v\u00e4 teknisest\u00e4 puusta tehty TV-sein\u00e4kaappisetti takaa pitk\u00e4ik\u00e4isyyden ja voiman. Materiaalin k\u00e4ytt\u00f6 tekee siit\u00e4 kulutuskest\u00e4v\u00e4n, joten sen tyylik\u00e4s ilme pysyy upeana pitk\u00e4\u00e4n. Sen sile\u00e4 pinta parantaa modernia estetiikkaa miss\u00e4 tahansa olohuoneessa.<\/li>\n<li><b>Tilava s\u00e4ilytystila<\/b> Yksikk\u00f6 tarjoaa runsaasti s\u00e4ilytystilaa, johon voit j\u00e4rjest\u00e4\u00e4 elektroniikkasi, DVD:t ja koriste-esineet k\u00e4tev\u00e4sti. Osastot auttavat pit\u00e4m\u00e4\u00e4n tilan siistin\u00e4, edist\u00e4en j\u00e4rjestelm\u00e4llist\u00e4 olohuonetta. Tyylikk\u00e4\u00e4t ovet pit\u00e4v\u00e4t sotkun piilossa ja s\u00e4ilytt\u00e4v\u00e4t visuaalisen kauneuden.<\/li>\n<li><b>90\u00b0 avautuvat ovet<\/b> Ovet avautuvat 90\u00b0, joten tavaroihin p\u00e4\u00e4see helposti k\u00e4siksi. Ovet avautuvat laajasti, jolloin voit n\u00e4hd\u00e4 ja ottaa esiin tavarat vaivatta, mik\u00e4 tekee niiden k\u00e4sittelyst\u00e4 nopeaa ja k\u00e4tev\u00e4\u00e4, samalla s\u00e4ilytt\u00e4en setin yhten\u00e4isen ilmeen.<\/li>\n<li><b>Sein\u00e4asennus<\/b> Kaapin asennus sein\u00e4lle tuo moderneja piirteit\u00e4. Se maksimoi lattiatilan, mik\u00e4 tekee siit\u00e4 sopivan pienille huoneille, ja sen turvallinen asennus varmistaa, ett\u00e4 se pysyy paikallaan haluamassasi korkeudessa parhaan katselukokemuksen saamiseksi.<\/li>\n<li><b>Helppo huolto<\/b> Kaapin huoltaminen on vaivatonta selkeiden hoito-ohjeiden ansiosta. S\u00e4\u00e4nn\u00f6llinen pyyhkiminen kostealla liinalla pit\u00e4\u00e4 sen raikkaana, varmistaen modernin viimeistelyn kest\u00e4vyyden. V\u00e4lt\u00e4 voimakkaita kemikaaleja, jotta s\u00e4ilyt\u00e4t sen kauniin kiillon.<\/li>\n<\/ul>\n<ul>\n<li>V\u00e4ri: Artisan tammi<\/li>\n<li>Materiaali: Tekninen puu<\/li>\n<li>Yleiset mitat: 78,5 x 31 x 29,5 cm (P x L x K)<\/li>\n<li>Mukana 7 90\u00b0 k\u00e4\u00e4nt\u00f6liit\u00e4nn\u00e4iset ovet<\/li>\n<li>Mukana 7 sein\u00e4kiinnitetyt hyllyt<\/li>\n<li>Kest\u00e4v\u00e4<\/li>\n<li>Runsaasti s\u00e4ilytystilaa<\/li>\n<li>Kokoonpano vaaditaan: Kyll\u00e4<\/li>\n<li>Toimitus-:<\/li>\n<li>2 x TV-sein\u00e4hylly: 78,5 x 31 x 29,5 cm (PxLxK)<\/li>\n<li>1 x TV-sein\u00e4hylly: 59,5 x 30 x 40 cm (PxLxK)<\/li>\n<li>1 x TV-sein\u00e4hylly: 30 x 30 x 60 cm (PxLxK)<\/li>\n<\/ul>\n","protected":false},"excerpt":{"rendered":"<ul>\n<li>V\u00e4ri: Artisan tammi<\/li>\n<li>Materiaali: Tekninen puu<\/li>\n<li>Yleiset mitat: 78,5 x 31 x 29,5 cm (P x L x K)<\/li>\n<li>Mukana 7 90\u00b0 k\u00e4\u00e4nt\u00f6liit\u00e4nn\u00e4iset ovet<\/li>\n<li>Mukana 7 sein\u00e4kiinnitetyt hyllyt<\/li>\n<li>Kest\u00e4v\u00e4<\/li>\n<li>Runsaasti s\u00e4ilytystilaa<\/li>\n<li>Kokoonpano vaaditaan: Kyll\u00e4<\/li>\n<li>Toimitus-:<\/li>\n<li>2 x TV-sein\u00e4hylly: 78,5 x 31 x 29,5 cm (PxLxK)<\/li>\n<li>1 x TV-sein\u00e4hylly: 59,5 x 30 x 40 cm (PxLxK)<\/li>\n<li>1 x TV-sein\u00e4hylly: 30 x 30 x 60 cm (PxLxK)<\/li>\n<\/ul>\n","protected":false},"featured_media":100000199479,"comment_status":"closed","ping_status":"closed","template":"","meta":[],"product_brand":[],"product_cat":[84],"product_tag":[],"class_list":{"0":"post-199479","1":"product","2":"type-product","3":"status-publish","4":"has-post-thumbnail","6":"product_cat-huonekalut","8":"first","9":"instock","10":"taxable","11":"shipping-taxable","12":"purchasable","13":"product-type-simple"},"_links":{"self":[{"href":"https:\/\/www.otiumhome.fi\/index.php\/wp-json\/wp\/v2\/product\/199479","targetHints":{"allow":["GET"]}}],"collection":[{"href":"https:\/\/www.otiumhome.fi\/index.php\/wp-json\/wp\/v2\/product"}],"about":[{"href":"https:\/\/www.otiumhome.fi\/index.php\/wp-json\/wp\/v2\/types\/product"}],"replies":[{"embeddable":true,"href":"https:\/\/www.otiumhome.fi\/index.php\/wp-json\/wp\/v2\/comments?post=199479"}],"wp:featuredmedia":[{"embeddable":true,"href":"https:\/\/www.otiumhome.fi\/index.php\/wp-json\/"}],"wp:attachment":[{"href":"https:\/\/www.otiumhome.fi\/index.php\/wp-json\/wp\/v2\/media?parent=199479"}],"wp:term":[{"taxonomy":"product_brand","embeddable":true,"href":"https:\/\/www.otiumhome.fi\/index.php\/wp-json\/wp\/v2\/product_brand?post=199479"},{"taxonomy":"product_cat","embeddable":true,"href":"https:\/\/www.otiumhome.fi\/index.php\/wp-json\/wp\/v2\/product_cat?post=199479"},{"taxonomy":"product_tag","embeddable":true,"href":"https:\/\/www.otiumhome.fi\/index.php\/wp-json\/wp\/v2\/product_tag?post=199479"}],"curies":[{"name":"wp","href":"https:\/\/api.w.org\/{rel}","templated":true}]}}