{"id":199451,"date":"2025-12-14T18:01:52","date_gmt":"2025-12-14T18:01:52","guid":{"rendered":"https:\/\/www.otiumhome.fi\/?p=199451"},"modified":"2026-01-14T19:28:40","modified_gmt":"2026-01-14T19:28:40","slug":"tv-kaappi-5-pcs-harmaa-sonoma","status":"publish","type":"product","link":"https:\/\/www.otiumhome.fi\/index.php\/tuote\/tv-kaappi-5-pcs-harmaa-sonoma\/","title":{"rendered":"TV-kaappi 5 pcs Harmaa Sonoma"},"content":{"rendered":"<p>T\u00e4m\u00e4 monik\u00e4ytt\u00f6inen sein\u00e4\u00e4n kiinnitett\u00e4v\u00e4 TV-kaappi tuo modernin ja tyylikk\u00e4\u00e4n ilmeen viihdetilaanne. Se tarjoaa tilaa s\u00e4\u00e4st\u00e4v\u00e4n ratkaisun niin mediasovittimille kuin koriste-esineille. Suunniteltu t\u00e4ydent\u00e4m\u00e4\u00e4n nykyaikaisia sisustuksia, kaapissa on puhtaat linjat ja minimalistinen tyyli, joka sulautuu helposti erilaisiin olohuoneisiin. Sen viimeistely tuo tilaan elegantin fiiliksen ja maksimoi lattiatilan, joka on t\u00e4rke\u00e4 urbaanissa el\u00e4m\u00e4ss\u00e4. Kaappi antaa tyylikk\u00e4\u00e4n taustan televisiollesi ja on t\u00e4ydellinen kaikille, jotka arvostavat toimivuutta ja tyyli\u00e4, luoden hienostuneen ymp\u00e4rist\u00f6n vieraiden viihdytt\u00e4miseen tai rauhallisen elokuvailtaan nauttimiseen kotona.<\/p>\n<ul>\n<li><b>Tilan s\u00e4\u00e4st\u00e4v\u00e4 sein\u00e4kiinnitys:<\/b> T\u00e4m\u00e4 TV-kaappi on suunniteltu sein\u00e4kiinnitysominaisuudella, joten saat paljon lattiatilaa olohuoneeseen. Ihanteellinen pienille tiloille, kuten asunnoille, koska sen kohotettu muotoilu pit\u00e4\u00e4 huoneen siistin\u00e4. T\u00e4m\u00e4n kaapin avulla saat puhtaan n\u00e4kym\u00e4n televisiollesi ja voit j\u00e4rjestell\u00e4 huoneesi mielesi mukaan.<\/li>\n<li><b>Nykyajan muotoilu:<\/b> Tyylikk\u00e4\u00e4t linjat ja elegantti muoto tekev\u00e4t t\u00e4st\u00e4 kaapista kauniin lis\u00e4yksen moderniin sisustukseen. Minimalistinen tyyli sopii monenlaisiin sisustustyyleihin, ja se parantaa tilasi yleisilmett\u00e4, muuttaen viihdealueesi sleekiksi keskipisteeksi.<\/li>\n<li><b>Runsaat s\u00e4ilytysratkaisut:<\/b> Avariasti alkovia tarjoava kaappi antaa runsaasti tilaa kaikille mediasovittimille ja muille tarvikkeille. Eri kokoiset alkovit mahdollistavat monipuoliset s\u00e4ilytysratkaisut, ja voit hyvin pit\u00e4\u00e4 kaikki pelikonsoleista lempikirjoihisi omilla paikoillaan.<\/li>\n<li><b>Muokattava asettelu:<\/b> Modulaarinen kaappisysteemi mahdollistaa erilaisten kokoonpanojen tekemisen eri sein\u00e4tiloihin. Voit valita vaakasuuntaisen asettelun tai isomman, porrastetun muodon, niin se sopii juuri sinun huoneen muotoiluun.<\/li>\n<li><b>Helppo p\u00e4\u00e4sy ja huolto:<\/b> Helposti avattavien alkovien ja kest\u00e4v\u00e4n viimeistelyn ansiosta kaappisi huoltaminen on vaivatonta. Se sopii hyvin s\u00e4\u00e4nn\u00f6lliseen siivoamiseen, joten kaappi n\u00e4ytt\u00e4\u00e4 aina hyv\u00e4lt\u00e4 ja pysyy helposti siistin\u00e4!<\/li>\n<\/ul>\n<ul>\n<li>V\u00e4ri: Harmaa sonoma<\/li>\n<li>Yleiset mitat: 31 x 29,5 x 100 cm (P x L x K)<\/li>\n<li>Toimitus-:<\/li>\n<li>2 x Sein\u00e4hylly: 31 x 29,5 x 100 cm (P x L x K)<\/li>\n<li>2 x Sein\u00e4hylly: 98 x 31 x 29,5 cm (P x L x K)<\/li>\n<li>1 x Sein\u00e4hylly: 39 x 31 x 29,5 cm (P x L x K)<\/li>\n<\/ul>\n","protected":false},"excerpt":{"rendered":"<ul>\n<li>V\u00e4ri: Harmaa sonoma<\/li>\n<li>Yleiset mitat: 31 x 29,5 x 100 cm (P x L x K)<\/li>\n<li>Toimitus-:<\/li>\n<li>2 x Sein\u00e4hylly: 31 x 29,5 x 100 cm (P x L x K)<\/li>\n<li>2 x Sein\u00e4hylly: 98 x 31 x 29,5 cm (P x L x K)<\/li>\n<li>1 x Sein\u00e4hylly: 39 x 31 x 29,5 cm (P x L x K)<\/li>\n<\/ul>\n","protected":false},"featured_media":100000199451,"comment_status":"closed","ping_status":"closed","template":"","meta":[],"product_brand":[],"product_cat":[84],"product_tag":[],"class_list":{"0":"post-199451","1":"product","2":"type-product","3":"status-publish","4":"has-post-thumbnail","6":"product_cat-huonekalut","8":"first","9":"instock","10":"taxable","11":"shipping-taxable","12":"purchasable","13":"product-type-simple"},"_links":{"self":[{"href":"https:\/\/www.otiumhome.fi\/index.php\/wp-json\/wp\/v2\/product\/199451","targetHints":{"allow":["GET"]}}],"collection":[{"href":"https:\/\/www.otiumhome.fi\/index.php\/wp-json\/wp\/v2\/product"}],"about":[{"href":"https:\/\/www.otiumhome.fi\/index.php\/wp-json\/wp\/v2\/types\/product"}],"replies":[{"embeddable":true,"href":"https:\/\/www.otiumhome.fi\/index.php\/wp-json\/wp\/v2\/comments?post=199451"}],"wp:featuredmedia":[{"embeddable":true,"href":"https:\/\/www.otiumhome.fi\/index.php\/wp-json\/"}],"wp:attachment":[{"href":"https:\/\/www.otiumhome.fi\/index.php\/wp-json\/wp\/v2\/media?parent=199451"}],"wp:term":[{"taxonomy":"product_brand","embeddable":true,"href":"https:\/\/www.otiumhome.fi\/index.php\/wp-json\/wp\/v2\/product_brand?post=199451"},{"taxonomy":"product_cat","embeddable":true,"href":"https:\/\/www.otiumhome.fi\/index.php\/wp-json\/wp\/v2\/product_cat?post=199451"},{"taxonomy":"product_tag","embeddable":true,"href":"https:\/\/www.otiumhome.fi\/index.php\/wp-json\/wp\/v2\/product_tag?post=199451"}],"curies":[{"name":"wp","href":"https:\/\/api.w.org\/{rel}","templated":true}]}}